{"id":233696,"date":"2025-03-22T13:29:17","date_gmt":"2025-03-22T13:29:17","guid":{"rendered":"https:\/\/aromasentia.com\/product\/sphere-pendulum-tigereye\/"},"modified":"2025-06-23T18:56:03","modified_gmt":"2025-06-23T18:56:03","slug":"pendule-sphere-oeil-de-tigre","status":"publish","type":"product","link":"https:\/\/aromasentia.com\/fr\/pendule-sphere-oeil-de-tigre\/","title":{"rendered":"Pendule Sph\u00e8re &#8211; Oeil de tigre"},"content":{"rendered":"<p><strong><span style=\"color: rgb(75, 80, 88);\">Lot de trois Pendules Sph\u00e8re &#8211; Oeil de Tigre<\/span><\/strong><\/p>\n<p>La radiesth\u00e9sie existe de plus de six mille ans. Les Egyptiens et les anciens Chinois ont \u00e9t\u00e9 les premiers praticiens.<\/p>\n<p>La radiesth\u00e9sie peut \u00eatre effectu\u00e9e de plusieurs fa&ccedil;ons et il y ait attribu\u00e9 toutes sortes de fins, comme trouver de l&rsquo;eau, les min\u00e9raux, les personnes disparues et m\u00eame les objets perdus. C\u2019est \u00e9galement pratiquer pour la gu\u00e9rison, reiki et la divination.<\/p>\n<p>Cette gamme grossiste de pendules en pierre semi-pr\u00e9cieuse sont tous uniques, chaque pierre utilis\u00e9e a \u00e9t\u00e9 taill\u00e9e pour faire partie du produit.<\/p>\n<p>Ces produits sont fait mains \u00e0 partir de produits naturels. Ainsi les tailles et couleurs des pierres peuvent varier.<\/p>\n","protected":false},"excerpt":{"rendered":"<p>Lot de trois Pendules Sph\u00e8re &#8211; Oeil de Tigre La radiesth\u00e9sie existe de plus de six mille ans. Les Egyptiens et les anciens Chinois ont \u00e9t\u00e9 les premiers praticiens. La radiesth\u00e9sie peut \u00eatre effectu\u00e9e de plusieurs fa&ccedil;ons et il y ait attribu\u00e9 toutes sortes de fins, comme trouver de l&rsquo;eau, les min\u00e9raux, les personnes disparues [&hellip;]<\/p>\n","protected":false},"featured_media":331803,"comment_status":"closed","ping_status":"open","template":"","meta":{"_angie_page":false},"product_brand":[],"product_cat":[17264,25786,19073,25226],"product_tag":[],"class_list":{"0":"post-233696","1":"product","2":"type-product","3":"status-publish","4":"has-post-thumbnail","6":"product_cat-cadeaux-esoterique","7":"product_cat-oeil-de-tigre","8":"product_cat-pendentifs-pendules-et-jeu-de-runes","9":"product_cat-pierres-et-mineraux","10":"pa_collection-sphere-pendulums-fr","11":"pa_made-in-inde","13":"first","14":"instock","15":"purchasable","16":"product-type-simple"},"supplier_id":null,"supplier_sku":"BallMP-13","barcode":null,"atum_controlled":true,"out_stock_date":null,"out_stock_threshold":null,"inheritable":false,"inbound_stock":null,"stock_on_hold":0,"sold_today":0,"sales_last_days":0,"reserved_stock":null,"customer_returns":null,"warehouse_damage":null,"lost_in_post":null,"other_logs":null,"out_stock_days":0,"lost_sales":0,"has_location":null,"update_date":"2026-05-04T00:02:50","atum_locations":[],"atum_stock_status":"instock","restock_status":false,"low_stock_amount":"","sales_update_date":"2026-02-06T00:02:08","calc_backorders":null,"_links":{"self":[{"href":"https:\/\/aromasentia.com\/fr\/wp-json\/wp\/v2\/product\/233696","targetHints":{"allow":["GET"]}}],"collection":[{"href":"https:\/\/aromasentia.com\/fr\/wp-json\/wp\/v2\/product"}],"about":[{"href":"https:\/\/aromasentia.com\/fr\/wp-json\/wp\/v2\/types\/product"}],"replies":[{"embeddable":true,"href":"https:\/\/aromasentia.com\/fr\/wp-json\/wp\/v2\/comments?post=233696"}],"version-history":[{"count":0,"href":"https:\/\/aromasentia.com\/fr\/wp-json\/wp\/v2\/product\/233696\/revisions"}],"wp:featuredmedia":[{"embeddable":true,"href":"https:\/\/aromasentia.com\/fr\/wp-json\/wp\/v2\/media\/331803"}],"wp:attachment":[{"href":"https:\/\/aromasentia.com\/fr\/wp-json\/wp\/v2\/media?parent=233696"}],"wp:term":[{"taxonomy":"product_brand","embeddable":true,"href":"https:\/\/aromasentia.com\/fr\/wp-json\/wp\/v2\/product_brand?post=233696"},{"taxonomy":"product_cat","embeddable":true,"href":"https:\/\/aromasentia.com\/fr\/wp-json\/wp\/v2\/product_cat?post=233696"},{"taxonomy":"product_tag","embeddable":true,"href":"https:\/\/aromasentia.com\/fr\/wp-json\/wp\/v2\/product_tag?post=233696"}],"curies":[{"name":"wp","href":"https:\/\/api.w.org\/{rel}","templated":true}]}}