{"id":233668,"date":"2025-03-22T13:29:17","date_gmt":"2025-03-22T13:29:17","guid":{"rendered":"https:\/\/aromasentia.com\/product\/square-led-light-box-for-crystals\/"},"modified":"2025-06-23T18:55:57","modified_gmt":"2025-06-23T18:55:57","slug":"boite-a-lumiere-led-carre-pour-cristaux","status":"publish","type":"product","link":"https:\/\/aromasentia.com\/fr\/boite-a-lumiere-led-carre-pour-cristaux\/","title":{"rendered":"Bo\u00eete \u00e0 Lumi\u00e8re LED Carr\u00e9 pour Cristaux"},"content":{"rendered":"<p>Faites ressortir la beaut\u00e9 de vos cristaux laser avec ces <strong><span style=\"color: rgb(75, 80, 88);\">Pr\u00e9sentoirs \u00e0 LED en gros. <\/span><\/strong><\/p>\n<p>Placez votre cristal laser sur le support et regardez les lumi\u00e8res color\u00e9es briller \u00e0 travers votre cristal laser en soulignant les d\u00e9tails \u00e0 l&rsquo;int\u00e9rieur. Vendez beaucoup plus de blocs de cristal en affichant des cristaux comme celui-ci, et bien s\u00fbr, vous pouvez \u00e9galement vendre les supports.&nbsp;<\/p>\n<p>Certains de nos plus grands supports (TWSL-06) tournent \u00e9galement, ce qui en fait \u00e9galement un excellent outil de vente. Alors allumez vos ventes de cristal, et vendez aussi des pr\u00e9sentoirs. Il est clair que vous devez commander aujourd&rsquo;hui.&nbsp;<\/p>\n<p><strong><span style=\"color: rgb(75, 80, 88);\">NB : La batterie n&rsquo;est pas incluse.<\/span><\/strong><\/p>\n","protected":false},"excerpt":{"rendered":"<p>Faites ressortir la beaut\u00e9 de vos cristaux laser avec ces Pr\u00e9sentoirs \u00e0 LED en gros. Placez votre cristal laser sur le support et regardez les lumi\u00e8res color\u00e9es briller \u00e0 travers votre cristal laser en soulignant les d\u00e9tails \u00e0 l&rsquo;int\u00e9rieur. Vendez beaucoup plus de blocs de cristal en affichant des cristaux comme celui-ci, et bien s\u00fbr, [&hellip;]<\/p>\n","protected":false},"featured_media":331644,"comment_status":"closed","ping_status":"open","template":"","meta":[],"product_brand":[],"product_cat":[17264],"product_tag":[],"class_list":{"0":"post-233668","1":"product","2":"type-product","3":"status-publish","4":"has-post-thumbnail","6":"product_cat-cadeaux-esoterique","7":"pa_made-in-chine","9":"first","10":"instock","11":"purchasable","12":"product-type-simple"},"supplier_id":null,"supplier_sku":"TWSL-04","barcode":null,"atum_controlled":true,"out_stock_date":null,"out_stock_threshold":null,"inheritable":false,"inbound_stock":null,"stock_on_hold":0,"sold_today":0,"sales_last_days":0,"reserved_stock":null,"customer_returns":null,"warehouse_damage":null,"lost_in_post":null,"other_logs":null,"out_stock_days":0,"lost_sales":0,"has_location":null,"update_date":"2026-02-09T22:33:38","atum_locations":[],"atum_stock_status":"instock","restock_status":false,"low_stock_amount":"","sales_update_date":"2026-01-20T05:13:40","calc_backorders":null,"_links":{"self":[{"href":"https:\/\/aromasentia.com\/fr\/wp-json\/wp\/v2\/product\/233668","targetHints":{"allow":["GET"]}}],"collection":[{"href":"https:\/\/aromasentia.com\/fr\/wp-json\/wp\/v2\/product"}],"about":[{"href":"https:\/\/aromasentia.com\/fr\/wp-json\/wp\/v2\/types\/product"}],"replies":[{"embeddable":true,"href":"https:\/\/aromasentia.com\/fr\/wp-json\/wp\/v2\/comments?post=233668"}],"version-history":[{"count":0,"href":"https:\/\/aromasentia.com\/fr\/wp-json\/wp\/v2\/product\/233668\/revisions"}],"wp:featuredmedia":[{"embeddable":true,"href":"https:\/\/aromasentia.com\/fr\/wp-json\/wp\/v2\/media\/331644"}],"wp:attachment":[{"href":"https:\/\/aromasentia.com\/fr\/wp-json\/wp\/v2\/media?parent=233668"}],"wp:term":[{"taxonomy":"product_brand","embeddable":true,"href":"https:\/\/aromasentia.com\/fr\/wp-json\/wp\/v2\/product_brand?post=233668"},{"taxonomy":"product_cat","embeddable":true,"href":"https:\/\/aromasentia.com\/fr\/wp-json\/wp\/v2\/product_cat?post=233668"},{"taxonomy":"product_tag","embeddable":true,"href":"https:\/\/aromasentia.com\/fr\/wp-json\/wp\/v2\/product_tag?post=233668"}],"curies":[{"name":"wp","href":"https:\/\/api.w.org\/{rel}","templated":true}]}}