{"id":233652,"date":"2025-03-22T13:29:17","date_gmt":"2025-03-22T13:29:17","guid":{"rendered":"https:\/\/aromasentia.com\/product\/crystal-ball-on-stand-110mm\/"},"modified":"2025-06-23T18:55:55","modified_gmt":"2025-06-23T18:55:55","slug":"boule-de-cristal-sur-socle-110mm","status":"publish","type":"product","link":"https:\/\/aromasentia.com\/fr\/boule-de-cristal-sur-socle-110mm\/","title":{"rendered":"Boule de Cristal sur Socle  110mm"},"content":{"rendered":"<p>Jetez un \u0153il \u00e0 notre large gamme grossiste de boules de cristal.<\/p>\n<p>Elles sont fabriqu\u00e9es \u00e0 partir de verre optique de haute qualit\u00e9. Parce que la boule doit \u00eatre parfaites beaucoup doivent \u00eatre jet\u00e9es apr\u00e8s production. Plus la boule est grande plus il peut y avoir de d\u00e9fauts.<\/p>\n<p>C\u2019est pourquoi plus la boule de cristal est grande, plus le prix est cher.<\/p>\n<p>Chacune est soigneusement emball\u00e9e dans une bo\u00eete. Le design de la bo\u00eete peut varier au cours de l\u2019ann\u00e9e. Toutes les boules de cristal sont livr\u00e9es avec un support.<\/p>\n<p><strong>Attention! Cela peut sembler \u00e9vident, mais il est important de noter qu\u2019en raison de la nature optique des boules de cristal, ne pas laisser en plein soleil ce produit. Par exemple prendre soin lors de l&apos;affichage dans les vitrines: Une boule de cristal agit \u00e0 la mani\u00e8re d\u2019une loupe et va concentrer les rayons du soleil, ce qui peut entra\u00eener un incendie!<\/strong><\/p>\n","protected":false},"excerpt":{"rendered":"<p>Jetez un \u0153il \u00e0 notre large gamme grossiste de boules de cristal. Elles sont fabriqu\u00e9es \u00e0 partir de verre optique de haute qualit\u00e9. Parce que la boule doit \u00eatre parfaites beaucoup doivent \u00eatre jet\u00e9es apr\u00e8s production. Plus la boule est grande plus il peut y avoir de d\u00e9fauts. C\u2019est pourquoi plus la boule de cristal [&hellip;]<\/p>\n","protected":false},"featured_media":331448,"comment_status":"closed","ping_status":"open","template":"","meta":{"_angie_page":false},"product_brand":[],"product_cat":[19596,14054],"product_tag":[],"class_list":{"0":"post-233652","1":"product","2":"type-product","3":"status-publish","4":"has-post-thumbnail","6":"product_cat-boules-de-cristal","7":"product_cat-cadeaux-vintage-et-souvenirs","8":"pa_collection-ancient-wisdom-crystal-balls-fr","9":"pa_made-in-chine","11":"first","12":"instock","13":"purchasable","14":"product-type-simple"},"supplier_id":null,"supplier_sku":"AWCball-07","barcode":null,"atum_controlled":true,"out_stock_date":null,"out_stock_threshold":null,"inheritable":false,"inbound_stock":null,"stock_on_hold":0,"sold_today":0,"sales_last_days":0,"reserved_stock":null,"customer_returns":null,"warehouse_damage":null,"lost_in_post":null,"other_logs":null,"out_stock_days":0,"lost_sales":0,"has_location":null,"update_date":"2026-04-29T18:51:01","atum_locations":[],"atum_stock_status":"instock","restock_status":false,"low_stock_amount":"","sales_update_date":"2025-10-09T03:24:08","calc_backorders":null,"_links":{"self":[{"href":"https:\/\/aromasentia.com\/fr\/wp-json\/wp\/v2\/product\/233652","targetHints":{"allow":["GET"]}}],"collection":[{"href":"https:\/\/aromasentia.com\/fr\/wp-json\/wp\/v2\/product"}],"about":[{"href":"https:\/\/aromasentia.com\/fr\/wp-json\/wp\/v2\/types\/product"}],"replies":[{"embeddable":true,"href":"https:\/\/aromasentia.com\/fr\/wp-json\/wp\/v2\/comments?post=233652"}],"version-history":[{"count":0,"href":"https:\/\/aromasentia.com\/fr\/wp-json\/wp\/v2\/product\/233652\/revisions"}],"wp:featuredmedia":[{"embeddable":true,"href":"https:\/\/aromasentia.com\/fr\/wp-json\/wp\/v2\/media\/331448"}],"wp:attachment":[{"href":"https:\/\/aromasentia.com\/fr\/wp-json\/wp\/v2\/media?parent=233652"}],"wp:term":[{"taxonomy":"product_brand","embeddable":true,"href":"https:\/\/aromasentia.com\/fr\/wp-json\/wp\/v2\/product_brand?post=233652"},{"taxonomy":"product_cat","embeddable":true,"href":"https:\/\/aromasentia.com\/fr\/wp-json\/wp\/v2\/product_cat?post=233652"},{"taxonomy":"product_tag","embeddable":true,"href":"https:\/\/aromasentia.com\/fr\/wp-json\/wp\/v2\/product_tag?post=233652"}],"curies":[{"name":"wp","href":"https:\/\/api.w.org\/{rel}","templated":true}]}}