{"id":233632,"date":"2025-03-22T13:29:24","date_gmt":"2025-03-22T13:29:24","guid":{"rendered":"https:\/\/aromasentia.com\/product\/black-obsidian-points-approx-60-70-gm-9cm-mystic-story-forest-green\/"},"modified":"2025-06-23T18:55:52","modified_gmt":"2025-06-23T18:55:52","slug":"pointe-dobsidienne-noire-environ-60-70-g-9-cm-histoire-mystique-vert-foret","status":"publish","type":"product","link":"https:\/\/aromasentia.com\/fr\/pointe-dobsidienne-noire-environ-60-70-g-9-cm-histoire-mystique-vert-foret\/","title":{"rendered":"Pointe d&rsquo;Obsidienne Noire (environ 60-70 g 9 cm) &#8211; Histoire Mystique &#8211; Vert For\u00eat"},"content":{"rendered":"<p>Adoptez l&rsquo;\u00e9nergie de mise \u00e0 la terre de notre ob\u00e9lisque d&rsquo;obsidienne lunaire verte.&nbsp;<\/p>\n<p>D\u00e9cor\u00e9 de symboles de la lune et des \u00e9toiles, cette pi\u00e8ce est parfaite pour absorber les \u00e9nergies n\u00e9gatives et favoriser la gu\u00e9rison.&nbsp;<\/p>\n<p>Qu&rsquo;il soit utilis\u00e9 en m\u00e9ditation ou comme objet de d\u00e9coration saisissant, ses accents verts apaisants offrent \u00e0 la fois beaut\u00e9 et protection, ce qui en fait un incontournable pour les amateurs de cristaux et les chercheurs spirituels.&nbsp;<\/p>\n<p><strong>Le pouvoir int\u00e9rieur :<\/strong> L&rsquo;obsidienne noire est connue pour sa capacit\u00e9 \u00e0 prot\u00e9ger et \u00e0 ancrer, aidant \u00e0 \u00e9loigner la n\u00e9gativit\u00e9 et \u00e0 absorber les \u00e9nergies nocives.&nbsp;<\/p>\n<p>Les symboles mystiques grav\u00e9s dans chaque pi\u00e8ce sont cens\u00e9s amplifier ces effets, faisant de ces points des outils puissants pour la m\u00e9ditation, les pratiques spirituelles ou la gu\u00e9rison par les cristaux.&nbsp;<\/p>\n<p>Comment les utiliser :&nbsp;<\/p>\n<p>M\u00e9ditation : tenez-en un pendant la m\u00e9ditation pour approfondir votre concentration et votre connexion spirituelle.&nbsp;<\/p>\n<p>Gu\u00e9rison : utilisez la pointe pour diriger l&rsquo;\u00e9nergie dans les s\u00e9ances de gu\u00e9rison.&nbsp;<\/p>\n<p>D\u00e9coration : affichez-les dans votre maison ou votre espace de travail pour inviter des vibrations positives et une touche de myst\u00e8re cosmique.<\/p>\n<p><strong>Commandez d\u00e8s aujourd&rsquo;hui et offrez \u00e0 vos clients une d\u00e9coration remplie de pouvoir !<\/strong><\/p>\n","protected":false},"excerpt":{"rendered":"<p>Adoptez l&rsquo;\u00e9nergie de mise \u00e0 la terre de notre ob\u00e9lisque d&rsquo;obsidienne lunaire verte.&nbsp; D\u00e9cor\u00e9 de symboles de la lune et des \u00e9toiles, cette pi\u00e8ce est parfaite pour absorber les \u00e9nergies n\u00e9gatives et favoriser la gu\u00e9rison.&nbsp; Qu&rsquo;il soit utilis\u00e9 en m\u00e9ditation ou comme objet de d\u00e9coration saisissant, ses accents verts apaisants offrent \u00e0 la fois beaut\u00e9 [&hellip;]<\/p>\n","protected":false},"featured_media":333684,"comment_status":"closed","ping_status":"open","template":"","meta":{"_angie_page":false},"product_brand":[],"product_cat":[17264,25692,25226,18938],"product_tag":[],"class_list":{"0":"post-233632","1":"product","2":"type-product","3":"status-publish","4":"has-post-thumbnail","6":"product_cat-cadeaux-esoterique","7":"product_cat-obsidienne","8":"product_cat-pierres-et-mineraux","9":"product_cat-pierres-roulees","10":"pa_collection-black-obsidian-points-fr","11":"pa_made-in-chine","13":"first","14":"instock","15":"purchasable","16":"product-type-simple"},"supplier_id":null,"supplier_sku":"CryPt-01","barcode":null,"atum_controlled":true,"out_stock_date":null,"out_stock_threshold":null,"inheritable":false,"inbound_stock":null,"stock_on_hold":0,"sold_today":0,"sales_last_days":0,"reserved_stock":null,"customer_returns":null,"warehouse_damage":null,"lost_in_post":null,"other_logs":null,"out_stock_days":0,"lost_sales":0,"has_location":null,"update_date":"2026-04-27T06:58:25","atum_locations":[],"atum_stock_status":"instock","restock_status":false,"low_stock_amount":"","sales_update_date":"2026-02-06T00:02:32","calc_backorders":null,"_links":{"self":[{"href":"https:\/\/aromasentia.com\/fr\/wp-json\/wp\/v2\/product\/233632","targetHints":{"allow":["GET"]}}],"collection":[{"href":"https:\/\/aromasentia.com\/fr\/wp-json\/wp\/v2\/product"}],"about":[{"href":"https:\/\/aromasentia.com\/fr\/wp-json\/wp\/v2\/types\/product"}],"replies":[{"embeddable":true,"href":"https:\/\/aromasentia.com\/fr\/wp-json\/wp\/v2\/comments?post=233632"}],"version-history":[{"count":0,"href":"https:\/\/aromasentia.com\/fr\/wp-json\/wp\/v2\/product\/233632\/revisions"}],"wp:featuredmedia":[{"embeddable":true,"href":"https:\/\/aromasentia.com\/fr\/wp-json\/wp\/v2\/media\/333684"}],"wp:attachment":[{"href":"https:\/\/aromasentia.com\/fr\/wp-json\/wp\/v2\/media?parent=233632"}],"wp:term":[{"taxonomy":"product_brand","embeddable":true,"href":"https:\/\/aromasentia.com\/fr\/wp-json\/wp\/v2\/product_brand?post=233632"},{"taxonomy":"product_cat","embeddable":true,"href":"https:\/\/aromasentia.com\/fr\/wp-json\/wp\/v2\/product_cat?post=233632"},{"taxonomy":"product_tag","embeddable":true,"href":"https:\/\/aromasentia.com\/fr\/wp-json\/wp\/v2\/product_tag?post=233632"}],"curies":[{"name":"wp","href":"https:\/\/api.w.org\/{rel}","templated":true}]}}