{"id":233620,"date":"2025-03-22T13:29:24","date_gmt":"2025-03-22T13:29:24","guid":{"rendered":"https:\/\/aromasentia.com\/product\/crystal-glass-tea-infuser-bottle-rose-gold-rock-quartz\/"},"modified":"2025-06-23T18:55:51","modified_gmt":"2025-06-23T18:55:51","slug":"bouteille-infuseur-a-the-en-verre-de-cristal-or-rose-quartz-roche","status":"publish","type":"product","link":"https:\/\/aromasentia.com\/fr\/bouteille-infuseur-a-the-en-verre-de-cristal-or-rose-quartz-roche\/","title":{"rendered":"Bouteille Infuseur \u00e0 Th\u00e9 en Verre de Cristal &#8211; Or Rose &#8211; Quartz Roche"},"content":{"rendered":"<p><strong><span style=\"color: rgb(75, 80, 88);\">La bouteille en cristal avec infuseur \u00e0 th\u00e9 &#8211; Quartz Roche<\/span><\/strong> est belle et fonctionnelle. Elle permettra \u00e0 vos clients de d\u00e9guster leur th\u00e9 en feuilles pr\u00e9f\u00e9r\u00e9 sur le pouce. La bouteille est en verre borosilicate de haute qualit\u00e9, durable et r\u00e9sistant. L&rsquo;infuseur en acier inoxydable est amovible, ce qui le rend facile \u00e0 nettoyer et \u00e0 remplir avec votre th\u00e9 pr\u00e9f\u00e9r\u00e9.&nbsp;<\/p>\n<p>La bouteille en cristal avec infuseur \u00e0 th\u00e9 est surmont\u00e9e d&rsquo;un capuchon en or rose, qui se visse solidement pour \u00e9viter les fuites et les d\u00e9versements. L&rsquo;ensemble comprend \u00e9galement une housse en n\u00e9opr\u00e8ne.&nbsp;<\/p>\n<p>Les pierres de quartz de roche dans la bouteille offrent une esth\u00e9tique belle et apaisante. On pense que le quartz de roche nettoie et am\u00e9liore les organes et agit comme un nettoyant profond pour l&rsquo;\u00e2me. Les pierres sont solidement maintenues en place dans le fond de la bouteille et ajoutent une belle touche \u00e0 la conception globale.&nbsp;<\/p>\n<p>Facile \u00e0 utiliser, facile \u00e0 nettoyer et ajoute une touche d&rsquo;\u00e9l\u00e9gance \u00e0 l&rsquo;exp\u00e9rience de boire du th\u00e9.&nbsp;<\/p>\n<p><strong><span style=\"color: rgb(141, 186, 216);\">Sans BPA &ndash; Avec une housse en n\u00e9opr\u00e8ne pratique &ndash; 500 ml &ndash; Infuseur amovible <\/span><\/strong><\/p>\n<p><strong><span style=\"color: rgb(75, 80, 88);\">ATTENTION : La bouteille devient assez chaude apr\u00e8s avoir vers\u00e9 de l&rsquo;eau chaude. Pour plus de s\u00e9curit\u00e9, utiliser avec une housse.<\/span><\/strong><\/p>\n","protected":false},"excerpt":{"rendered":"<p>La bouteille en cristal avec infuseur \u00e0 th\u00e9 &#8211; Quartz Roche est belle et fonctionnelle. Elle permettra \u00e0 vos clients de d\u00e9guster leur th\u00e9 en feuilles pr\u00e9f\u00e9r\u00e9 sur le pouce. La bouteille est en verre borosilicate de haute qualit\u00e9, durable et r\u00e9sistant. L&rsquo;infuseur en acier inoxydable est amovible, ce qui le rend facile \u00e0 nettoyer [&hellip;]<\/p>\n","protected":false},"featured_media":333561,"comment_status":"closed","ping_status":"open","template":"","meta":{"_angie_page":false},"product_brand":[],"product_cat":[19265,17264,25226,25732,25039],"product_tag":[],"class_list":{"0":"post-233620","1":"product","2":"type-product","3":"status-publish","4":"has-post-thumbnail","6":"product_cat-bijoux-en-pierre-precieuse-et-accessoires","7":"product_cat-cadeaux-esoterique","8":"product_cat-pierres-et-mineraux","9":"product_cat-quartz","10":"product_cat-the-et-accessoires","11":"pa_collection-crystal-glass-tea-infuser-bottles-fr","12":"pa_made-in-chine","14":"first","15":"instock","16":"purchasable","17":"product-type-simple"},"supplier_id":null,"supplier_sku":"CGTIB-03","barcode":null,"atum_controlled":true,"out_stock_date":null,"out_stock_threshold":null,"inheritable":false,"inbound_stock":null,"stock_on_hold":0,"sold_today":0,"sales_last_days":0,"reserved_stock":null,"customer_returns":null,"warehouse_damage":null,"lost_in_post":null,"other_logs":null,"out_stock_days":0,"lost_sales":0,"has_location":null,"update_date":"2026-04-27T06:56:56","atum_locations":[],"atum_stock_status":"instock","restock_status":false,"low_stock_amount":"","sales_update_date":"2025-10-09T03:27:45","calc_backorders":null,"_links":{"self":[{"href":"https:\/\/aromasentia.com\/fr\/wp-json\/wp\/v2\/product\/233620","targetHints":{"allow":["GET"]}}],"collection":[{"href":"https:\/\/aromasentia.com\/fr\/wp-json\/wp\/v2\/product"}],"about":[{"href":"https:\/\/aromasentia.com\/fr\/wp-json\/wp\/v2\/types\/product"}],"replies":[{"embeddable":true,"href":"https:\/\/aromasentia.com\/fr\/wp-json\/wp\/v2\/comments?post=233620"}],"version-history":[{"count":0,"href":"https:\/\/aromasentia.com\/fr\/wp-json\/wp\/v2\/product\/233620\/revisions"}],"wp:featuredmedia":[{"embeddable":true,"href":"https:\/\/aromasentia.com\/fr\/wp-json\/wp\/v2\/media\/333561"}],"wp:attachment":[{"href":"https:\/\/aromasentia.com\/fr\/wp-json\/wp\/v2\/media?parent=233620"}],"wp:term":[{"taxonomy":"product_brand","embeddable":true,"href":"https:\/\/aromasentia.com\/fr\/wp-json\/wp\/v2\/product_brand?post=233620"},{"taxonomy":"product_cat","embeddable":true,"href":"https:\/\/aromasentia.com\/fr\/wp-json\/wp\/v2\/product_cat?post=233620"},{"taxonomy":"product_tag","embeddable":true,"href":"https:\/\/aromasentia.com\/fr\/wp-json\/wp\/v2\/product_tag?post=233620"}],"curies":[{"name":"wp","href":"https:\/\/api.w.org\/{rel}","templated":true}]}}