{"id":233596,"date":"2025-03-22T13:29:24","date_gmt":"2025-03-22T13:29:24","guid":{"rendered":"https:\/\/aromasentia.com\/product\/gemstone-essential-oil-roller-bottle-aventurine-silver-cap-gemstone-roller-tip-for-5ml-bottle-aventurine\/"},"modified":"2025-06-23T18:55:46","modified_gmt":"2025-06-23T18:55:46","slug":"flacon-roll-on-huile-essentielle-pierres-precieuses-aventurine-bouchon-argente","status":"publish","type":"product","link":"https:\/\/aromasentia.com\/fr\/flacon-roll-on-huile-essentielle-pierres-precieuses-aventurine-bouchon-argente\/","title":{"rendered":"Flacon Roll-on Huile Essentielle &#038; Pierres Pr\u00e9cieuses &#8211; Aventurine &#8211;  Bouchon Argent\u00e9"},"content":{"rendered":"<p><strong><span style=\"color: rgb(75, 80, 88);\">Les Flacons Roll-ons<\/span><\/strong> en gros comprennent une large gamme de pierres pr\u00e9cieuses &#8211; du classique comme l&rsquo;am\u00e9thyste \u00e0 la magnifique aventurine.&nbsp;<\/p>\n<p>Avec un bouchon argent\u00e9, chaque pierre pr\u00e9cieuse a \u00e9t\u00e9 polie pour obtenir un roulement en douceur pour une application uniforme de l&rsquo;huile, plus de rouleaux coinc\u00e9s ou tombant.&nbsp;<\/p>\n<p>Chaque morceau de pierres pr\u00e9cieuses correspond \u00e0 des mini puces de pierres d&rsquo;\u00e9nergie de cristal de gu\u00e9rison pertinentes, qui se trouvent dans la bouteille.&nbsp;<\/p>\n<p><strong><span style=\"color: rgb(75, 80, 88);\">L&rsquo;Aventurine&nbsp;<\/span><\/strong>est cens\u00e9e apporter chance, prosp\u00e9rit\u00e9 et succ\u00e8s. On dit \u00e9galement qu&rsquo;elle est utile pour se connecter avec les anges et les guides spirituels, ce qui en fait une pierre utile pour la m\u00e9ditation et le travail spirituel.<\/p>\n<p>Remplissez ces Flacons Roll-ons avec tout ce que vous savez qui se vendra bien, elles sont parfaites pour l&rsquo;utilisation d&rsquo;huiles essentielles, d&rsquo;huiles de parfum, d&rsquo;essence, d&rsquo;aromath\u00e9rapie et d&rsquo;autres liquides.<\/p>\n<p><strong><span style=\"color: rgb(141, 186, 216);\">Commandez-les pour cr\u00e9er votre propre produit sp\u00e9cial.<\/span><\/strong><\/p>\n","protected":false},"excerpt":{"rendered":"<p>Les Flacons Roll-ons en gros comprennent une large gamme de pierres pr\u00e9cieuses &#8211; du classique comme l&rsquo;am\u00e9thyste \u00e0 la magnifique aventurine.&nbsp; Avec un bouchon argent\u00e9, chaque pierre pr\u00e9cieuse a \u00e9t\u00e9 polie pour obtenir un roulement en douceur pour une application uniforme de l&rsquo;huile, plus de rouleaux coinc\u00e9s ou tombant.&nbsp; Chaque morceau de pierres pr\u00e9cieuses correspond [&hellip;]<\/p>\n","protected":false},"featured_media":333315,"comment_status":"closed","ping_status":"open","template":"","meta":{"_angie_page":false},"product_brand":[],"product_cat":[25557,19265,16540,17264,25226],"product_tag":[],"class_list":{"0":"post-233596","1":"product","2":"type-product","3":"status-publish","4":"has-post-thumbnail","6":"product_cat-aventurine","7":"product_cat-bijoux-en-pierre-precieuse-et-accessoires","8":"product_cat-bouteilles-en-verre-et-accessoires","9":"product_cat-cadeaux-esoterique","10":"product_cat-pierres-et-mineraux","11":"pa_collection-gemstone-roller-bottles-and-balls-fr","12":"pa_made-in-chine","14":"first","15":"outofstock","16":"purchasable","17":"product-type-simple"},"supplier_id":null,"supplier_sku":"CGRB-11","barcode":null,"atum_controlled":true,"out_stock_date":"2026-02-03 10:32:49","out_stock_threshold":null,"inheritable":false,"inbound_stock":null,"stock_on_hold":0,"sold_today":0,"sales_last_days":0,"reserved_stock":null,"customer_returns":null,"warehouse_damage":null,"lost_in_post":null,"other_logs":null,"out_stock_days":0,"lost_sales":0,"has_location":null,"update_date":"2026-04-27T06:56:56","atum_locations":[],"atum_stock_status":"outofstock","restock_status":false,"low_stock_amount":"","sales_update_date":"2026-01-20T05:13:42","calc_backorders":null,"_links":{"self":[{"href":"https:\/\/aromasentia.com\/fr\/wp-json\/wp\/v2\/product\/233596","targetHints":{"allow":["GET"]}}],"collection":[{"href":"https:\/\/aromasentia.com\/fr\/wp-json\/wp\/v2\/product"}],"about":[{"href":"https:\/\/aromasentia.com\/fr\/wp-json\/wp\/v2\/types\/product"}],"replies":[{"embeddable":true,"href":"https:\/\/aromasentia.com\/fr\/wp-json\/wp\/v2\/comments?post=233596"}],"version-history":[{"count":0,"href":"https:\/\/aromasentia.com\/fr\/wp-json\/wp\/v2\/product\/233596\/revisions"}],"wp:featuredmedia":[{"embeddable":true,"href":"https:\/\/aromasentia.com\/fr\/wp-json\/wp\/v2\/media\/333315"}],"wp:attachment":[{"href":"https:\/\/aromasentia.com\/fr\/wp-json\/wp\/v2\/media?parent=233596"}],"wp:term":[{"taxonomy":"product_brand","embeddable":true,"href":"https:\/\/aromasentia.com\/fr\/wp-json\/wp\/v2\/product_brand?post=233596"},{"taxonomy":"product_cat","embeddable":true,"href":"https:\/\/aromasentia.com\/fr\/wp-json\/wp\/v2\/product_cat?post=233596"},{"taxonomy":"product_tag","embeddable":true,"href":"https:\/\/aromasentia.com\/fr\/wp-json\/wp\/v2\/product_tag?post=233596"}],"curies":[{"name":"wp","href":"https:\/\/api.w.org\/{rel}","templated":true}]}}