{"id":233592,"date":"2025-03-22T13:29:24","date_gmt":"2025-03-22T13:29:24","guid":{"rendered":"https:\/\/aromasentia.com\/product\/gemstone-essential-oil-roller-bottle-rose-quartz-silver-cap-gemstone-roller-tip-for-5ml-bottle-rose-quartz\/"},"modified":"2025-06-23T18:55:45","modified_gmt":"2025-06-23T18:55:45","slug":"flacon-roll-on-huile-essentielle-pierres-precieuses-quartz-rose-bouchon-argente","status":"publish","type":"product","link":"https:\/\/aromasentia.com\/fr\/flacon-roll-on-huile-essentielle-pierres-precieuses-quartz-rose-bouchon-argente\/","title":{"rendered":"Flacon Roll-on Huile Essentielle &#038; Pierres Pr\u00e9cieuses  &#8211; Quartz Rose &#8211; Bouchon Argent\u00e9"},"content":{"rendered":"<p><strong><span style=\"color: rgb(75, 80, 88);\">Les Flacons Roll-ons<\/span><\/strong> en gros comprennent une large gamme de pierres pr\u00e9cieuses &#8211; du classique comme l&rsquo;am\u00e9thyste \u00e0 la magnifique aventurine.&nbsp;<\/p>\n<p>Avec un bouchon argent\u00e9, chaque pierre pr\u00e9cieuse a \u00e9t\u00e9 polie pour obtenir un roulement en douceur pour une application uniforme de l&rsquo;huile, plus de rouleaux coinc\u00e9s ou tombant.&nbsp;<\/p>\n<p>Chaque morceau de pierres pr\u00e9cieuses correspond \u00e0 des mini puces de pierres d&rsquo;\u00e9nergie de cristal de gu\u00e9rison pertinentes, qui se trouvent dans la bouteille.&nbsp;<\/p>\n<p><strong><span style=\"color: rgb(75, 80, 88);\">Le Quartz rose<\/span><\/strong> est \u00e9galement souvent utilis\u00e9 dans la m\u00e9ditation et les pratiques de gu\u00e9rison \u00e9nerg\u00e9tique, et on dit qu&rsquo;il aide au sommeil et \u00e0 l&rsquo;insomnie. C&rsquo;est une pierre tr\u00e8s appr\u00e9ci\u00e9e dans l&rsquo;industrie de la joaillerie et on la retrouve sous de nombreuses formes, elle est \u00e9galement utilis\u00e9e pour d\u00e9corer les int\u00e9rieurs des pi\u00e8ces.<\/p>\n<p>Remplissez ces Flacons Roll-ons avec tout ce que vous savez qui se vendra bien, elles sont parfaites pour l&rsquo;utilisation d&rsquo;huiles essentielles, d&rsquo;huiles de parfum, d&rsquo;essence, d&rsquo;aromath\u00e9rapie et d&rsquo;autres liquides.<\/p>\n<p><strong><span style=\"color: rgb(141, 186, 216);\">Commandez-les pour cr\u00e9er votre propre produit sp\u00e9cial.<\/span><\/strong><\/p>\n","protected":false},"excerpt":{"rendered":"<p>Les Flacons Roll-ons en gros comprennent une large gamme de pierres pr\u00e9cieuses &#8211; du classique comme l&rsquo;am\u00e9thyste \u00e0 la magnifique aventurine.&nbsp; Avec un bouchon argent\u00e9, chaque pierre pr\u00e9cieuse a \u00e9t\u00e9 polie pour obtenir un roulement en douceur pour une application uniforme de l&rsquo;huile, plus de rouleaux coinc\u00e9s ou tombant.&nbsp; Chaque morceau de pierres pr\u00e9cieuses correspond [&hellip;]<\/p>\n","protected":false},"featured_media":333274,"comment_status":"closed","ping_status":"open","template":"","meta":{"_angie_page":false},"product_brand":[],"product_cat":[19265,16540,17264,25226,25732,25751],"product_tag":[],"class_list":{"0":"post-233592","1":"product","2":"type-product","3":"status-publish","4":"has-post-thumbnail","6":"product_cat-bijoux-en-pierre-precieuse-et-accessoires","7":"product_cat-bouteilles-en-verre-et-accessoires","8":"product_cat-cadeaux-esoterique","9":"product_cat-pierres-et-mineraux","10":"product_cat-quartz","11":"product_cat-quartz-rose","12":"pa_collection-gemstone-roller-bottles-and-balls-fr","13":"pa_made-in-chine","15":"first","16":"instock","17":"purchasable","18":"product-type-simple"},"supplier_id":null,"supplier_sku":"CGRB-10","barcode":null,"atum_controlled":true,"out_stock_date":null,"out_stock_threshold":null,"inheritable":false,"inbound_stock":null,"stock_on_hold":0,"sold_today":0,"sales_last_days":0,"reserved_stock":null,"customer_returns":null,"warehouse_damage":null,"lost_in_post":null,"other_logs":null,"out_stock_days":0,"lost_sales":0,"has_location":null,"update_date":"2026-04-27T06:56:56","atum_locations":[],"atum_stock_status":"instock","restock_status":false,"low_stock_amount":"","sales_update_date":"2026-01-30T01:26:21","calc_backorders":null,"_links":{"self":[{"href":"https:\/\/aromasentia.com\/fr\/wp-json\/wp\/v2\/product\/233592","targetHints":{"allow":["GET"]}}],"collection":[{"href":"https:\/\/aromasentia.com\/fr\/wp-json\/wp\/v2\/product"}],"about":[{"href":"https:\/\/aromasentia.com\/fr\/wp-json\/wp\/v2\/types\/product"}],"replies":[{"embeddable":true,"href":"https:\/\/aromasentia.com\/fr\/wp-json\/wp\/v2\/comments?post=233592"}],"version-history":[{"count":0,"href":"https:\/\/aromasentia.com\/fr\/wp-json\/wp\/v2\/product\/233592\/revisions"}],"wp:featuredmedia":[{"embeddable":true,"href":"https:\/\/aromasentia.com\/fr\/wp-json\/wp\/v2\/media\/333274"}],"wp:attachment":[{"href":"https:\/\/aromasentia.com\/fr\/wp-json\/wp\/v2\/media?parent=233592"}],"wp:term":[{"taxonomy":"product_brand","embeddable":true,"href":"https:\/\/aromasentia.com\/fr\/wp-json\/wp\/v2\/product_brand?post=233592"},{"taxonomy":"product_cat","embeddable":true,"href":"https:\/\/aromasentia.com\/fr\/wp-json\/wp\/v2\/product_cat?post=233592"},{"taxonomy":"product_tag","embeddable":true,"href":"https:\/\/aromasentia.com\/fr\/wp-json\/wp\/v2\/product_tag?post=233592"}],"curies":[{"name":"wp","href":"https:\/\/api.w.org\/{rel}","templated":true}]}}