{"id":233540,"date":"2025-03-22T13:29:24","date_gmt":"2025-03-22T13:29:24","guid":{"rendered":"https:\/\/aromasentia.com\/product\/calcite-geodes-carved-skull-approx-4-5cm\/"},"modified":"2025-06-23T18:55:39","modified_gmt":"2025-06-23T18:55:39","slug":"geodes-de-calcite-crane-sculpte-approx-4-5cm","status":"publish","type":"product","link":"https:\/\/aromasentia.com\/fr\/geodes-de-calcite-crane-sculpte-approx-4-5cm\/","title":{"rendered":"G\u00e9odes de Calcite Cr\u00e2ne Sculpt\u00e9 &#8211; (approx 4.5cm)"},"content":{"rendered":"<p>Ce magnifique cr\u00e2ne sculpt\u00e9 avec finesse est con&ccedil;u \u00e0 partir d&rsquo;une g\u00e9ode de calcite naturelle, r\u00e9v\u00e9lant une gamme \u00e9blouissante de couleurs et des formations uniques propres aux g\u00e9odes.&nbsp;<\/p>\n<p>Chaque pi\u00e8ce est m\u00e9ticuleusement fa&ccedil;onn\u00e9e pour accentuer la beaut\u00e9 naturelle et la structure cristalline de la calcite, transformant chaque cr\u00e2ne en un chef-d&rsquo;\u0153uvre singulier.&nbsp;<\/p>\n<p><strong>Design unique :<\/strong> Gr\u00e2ce aux variations naturelles des g\u00e9odes de calcite, chaque cr\u00e2ne est distinct, garantissant ainsi qu&rsquo;aucun deux ne se ressemblent. Chaque pi\u00e8ce poss\u00e8de sa propre apparence et son charme, rendant chaque cr\u00e2ne absolument unique.&nbsp;<\/p>\n<p>Avec une taille compacte d&rsquo;environ <strong>4,5 cm de hauteur,<\/strong> ces cr\u00e2nes sont parfaits pour \u00eatre expos\u00e9s sur des bureaux, des \u00e9tag\u00e8res, ou pour enrichir une collection de min\u00e9raux.&nbsp;<\/p>\n<p>Id\u00e9als pour embellir la d\u00e9coration de votre maison, susciter des discussions captivantes, ou offrir un cadeau original aux amateurs de cristaux et de min\u00e9raux naturels, ces cr\u00e2nes sont une addition pr\u00e9cieuse.&nbsp;<\/p>\n<p><strong>Rehaussez votre collection ou vos offres au d\u00e9tail avec ces superbes cr\u00e2nes sculpt\u00e9s en g\u00e9ode de calcite, chacun t\u00e9moignant de l&rsquo;art naturel de la terre. <\/strong><\/p>\n<p><em>Dimensions : Environ 4,5 cm<\/em>.<\/p>\n","protected":false},"excerpt":{"rendered":"<p>Ce magnifique cr\u00e2ne sculpt\u00e9 avec finesse est con&ccedil;u \u00e0 partir d&rsquo;une g\u00e9ode de calcite naturelle, r\u00e9v\u00e9lant une gamme \u00e9blouissante de couleurs et des formations uniques propres aux g\u00e9odes.&nbsp; Chaque pi\u00e8ce est m\u00e9ticuleusement fa&ccedil;onn\u00e9e pour accentuer la beaut\u00e9 naturelle et la structure cristalline de la calcite, transformant chaque cr\u00e2ne en un chef-d&rsquo;\u0153uvre singulier.&nbsp; Design unique : [&hellip;]<\/p>\n","protected":false},"featured_media":332749,"comment_status":"closed","ping_status":"open","template":"","meta":{"_angie_page":false},"product_brand":[],"product_cat":[17264,25572,25226,18938],"product_tag":[],"class_list":{"0":"post-233540","1":"product","2":"type-product","3":"status-publish","4":"has-post-thumbnail","6":"product_cat-cadeaux-esoterique","7":"product_cat-calcite","8":"product_cat-pierres-et-mineraux","9":"product_cat-pierres-roulees","10":"pa_collection-calcite-geodes-fr","11":"pa_made-in-chine","13":"first","14":"instock","15":"purchasable","16":"product-type-simple"},"supplier_id":null,"supplier_sku":"Cgeo-06","barcode":null,"atum_controlled":true,"out_stock_date":null,"out_stock_threshold":null,"inheritable":false,"inbound_stock":null,"stock_on_hold":0,"sold_today":0,"sales_last_days":0,"reserved_stock":null,"customer_returns":null,"warehouse_damage":null,"lost_in_post":null,"other_logs":null,"out_stock_days":0,"lost_sales":0,"has_location":null,"update_date":"2026-04-27T06:56:38","atum_locations":[],"atum_stock_status":"instock","restock_status":false,"low_stock_amount":"","sales_update_date":"2026-01-30T01:25:24","calc_backorders":null,"_links":{"self":[{"href":"https:\/\/aromasentia.com\/fr\/wp-json\/wp\/v2\/product\/233540","targetHints":{"allow":["GET"]}}],"collection":[{"href":"https:\/\/aromasentia.com\/fr\/wp-json\/wp\/v2\/product"}],"about":[{"href":"https:\/\/aromasentia.com\/fr\/wp-json\/wp\/v2\/types\/product"}],"replies":[{"embeddable":true,"href":"https:\/\/aromasentia.com\/fr\/wp-json\/wp\/v2\/comments?post=233540"}],"version-history":[{"count":0,"href":"https:\/\/aromasentia.com\/fr\/wp-json\/wp\/v2\/product\/233540\/revisions"}],"wp:featuredmedia":[{"embeddable":true,"href":"https:\/\/aromasentia.com\/fr\/wp-json\/wp\/v2\/media\/332749"}],"wp:attachment":[{"href":"https:\/\/aromasentia.com\/fr\/wp-json\/wp\/v2\/media?parent=233540"}],"wp:term":[{"taxonomy":"product_brand","embeddable":true,"href":"https:\/\/aromasentia.com\/fr\/wp-json\/wp\/v2\/product_brand?post=233540"},{"taxonomy":"product_cat","embeddable":true,"href":"https:\/\/aromasentia.com\/fr\/wp-json\/wp\/v2\/product_cat?post=233540"},{"taxonomy":"product_tag","embeddable":true,"href":"https:\/\/aromasentia.com\/fr\/wp-json\/wp\/v2\/product_tag?post=233540"}],"curies":[{"name":"wp","href":"https:\/\/api.w.org\/{rel}","templated":true}]}}