{"id":233520,"date":"2025-03-22T13:29:24","date_gmt":"2025-03-22T13:29:24","guid":{"rendered":"https:\/\/aromasentia.com\/product\/calcite-geodes-3-4-cm\/"},"modified":"2025-06-23T18:55:35","modified_gmt":"2025-06-23T18:55:35","slug":"geode-calcite-3-4-cm","status":"publish","type":"product","link":"https:\/\/aromasentia.com\/fr\/geode-calcite-3-4-cm\/","title":{"rendered":"G\u00e9ode Calcite &#8211; 3-4 cm"},"content":{"rendered":"<p>Ces g\u00e9odes de calcite gamme grossiste feront un cadeau unique. Une belle G\u00e9ode remplie de Calcite et de cristaux de Quartz du Maroc, en provenance directe de la terre m\u00e8re. Les g\u00e9odes sont splendides une fois ouvertes. Il est facile de les ouvrir, elles sont plus creuses que les autres g\u00e9odes et donc se cassent plus facilement. Elles ont \u00e9galement tendance \u00e0 produire plus de cristaux.<\/p>\n<p>Une g\u00e9ode est une roche ronde qui contient une cavit\u00e9 creuse bord\u00e9e de cristaux. Cette roche est &nbsp;remplie de petit cristal aux compact. La calcite est un min\u00e9ral carbonat\u00e9 dont le polymorphe de carbonate de calcium le plus stable. La Calcite amplifie la pens\u00e9e, am\u00e9liore la m\u00e9moire et les capacit\u00e9s intellectuelles , et peut aussi promouvoir la croissance mentale et le d\u00e9veloppement.<\/p>\n<p><\/p>\n<p>La taille, la forme et la couleur du produit que vous recevrez peuvent diff\u00e9rer l\u00e9g\u00e8rement du produit repr\u00e9sent\u00e9 sur l\u2019image.<\/p>\n<p><\/p>\n","protected":false},"excerpt":{"rendered":"<p>Ces g\u00e9odes de calcite gamme grossiste feront un cadeau unique. Une belle G\u00e9ode remplie de Calcite et de cristaux de Quartz du Maroc, en provenance directe de la terre m\u00e8re. Les g\u00e9odes sont splendides une fois ouvertes. Il est facile de les ouvrir, elles sont plus creuses que les autres g\u00e9odes et donc se cassent [&hellip;]<\/p>\n","protected":false},"featured_media":332704,"comment_status":"closed","ping_status":"open","template":"","meta":{"_angie_page":false},"product_brand":[],"product_cat":[17264,25572,25226,18938],"product_tag":[],"class_list":{"0":"post-233520","1":"product","2":"type-product","3":"status-publish","4":"has-post-thumbnail","6":"product_cat-cadeaux-esoterique","7":"product_cat-calcite","8":"product_cat-pierres-et-mineraux","9":"product_cat-pierres-roulees","10":"pa_collection-calcite-geodes-fr","11":"pa_made-in-maroc","13":"first","14":"instock","15":"purchasable","16":"product-type-simple"},"supplier_id":null,"supplier_sku":"CGeo-01","barcode":null,"atum_controlled":true,"out_stock_date":null,"out_stock_threshold":null,"inheritable":false,"inbound_stock":null,"stock_on_hold":0,"sold_today":0,"sales_last_days":0,"reserved_stock":null,"customer_returns":null,"warehouse_damage":null,"lost_in_post":null,"other_logs":null,"out_stock_days":0,"lost_sales":0,"has_location":null,"update_date":"2026-04-27T06:56:38","atum_locations":[],"atum_stock_status":"instock","restock_status":false,"low_stock_amount":"","sales_update_date":"2026-01-30T01:24:38","calc_backorders":null,"_links":{"self":[{"href":"https:\/\/aromasentia.com\/fr\/wp-json\/wp\/v2\/product\/233520","targetHints":{"allow":["GET"]}}],"collection":[{"href":"https:\/\/aromasentia.com\/fr\/wp-json\/wp\/v2\/product"}],"about":[{"href":"https:\/\/aromasentia.com\/fr\/wp-json\/wp\/v2\/types\/product"}],"replies":[{"embeddable":true,"href":"https:\/\/aromasentia.com\/fr\/wp-json\/wp\/v2\/comments?post=233520"}],"version-history":[{"count":0,"href":"https:\/\/aromasentia.com\/fr\/wp-json\/wp\/v2\/product\/233520\/revisions"}],"wp:featuredmedia":[{"embeddable":true,"href":"https:\/\/aromasentia.com\/fr\/wp-json\/wp\/v2\/media\/332704"}],"wp:attachment":[{"href":"https:\/\/aromasentia.com\/fr\/wp-json\/wp\/v2\/media?parent=233520"}],"wp:term":[{"taxonomy":"product_brand","embeddable":true,"href":"https:\/\/aromasentia.com\/fr\/wp-json\/wp\/v2\/product_brand?post=233520"},{"taxonomy":"product_cat","embeddable":true,"href":"https:\/\/aromasentia.com\/fr\/wp-json\/wp\/v2\/product_cat?post=233520"},{"taxonomy":"product_tag","embeddable":true,"href":"https:\/\/aromasentia.com\/fr\/wp-json\/wp\/v2\/product_tag?post=233520"}],"curies":[{"name":"wp","href":"https:\/\/api.w.org\/{rel}","templated":true}]}}