{"id":233456,"date":"2025-03-22T13:29:24","date_gmt":"2025-03-22T13:29:24","guid":{"rendered":"https:\/\/aromasentia.com\/product\/coloured-calsite-geodes-black-rock-purple\/"},"modified":"2025-06-23T18:55:27","modified_gmt":"2025-06-23T18:55:27","slug":"geodes-de-calsite-colorees-black-rock-violet","status":"publish","type":"product","link":"https:\/\/aromasentia.com\/fr\/geodes-de-calsite-colorees-black-rock-violet\/","title":{"rendered":"G\u00e9odes de calsite color\u00e9es &#8211; Black Rock &#8211; Violet"},"content":{"rendered":"<p>Cette belle <strong><span style=\"color: rgb(75, 80, 88);\">G\u00e9ode de calcite<\/span><\/strong> artificiellement color\u00e9e &#8211; Black Rock &#8211; Violet, offre sa couleur une fois ouverte, les cristaux qui s&rsquo;y forment sont magnifiques. Les g\u00e9odes sont des pierres creuses, \u00e0 l&rsquo;int\u00e9rieur desquelles des cristaux se sont form\u00e9s.&nbsp;<\/p>\n<p>Chaque g\u00e9ode est donc absolument unique, et le r\u00e9sultat d&rsquo;un tr\u00e8s long processus de cristallisation. Les g\u00e9odes peuvent \u00eatre difficiles \u00e0 trouver, car elles sont difficiles \u00e0 reconna\u00eetre de l&rsquo;ext\u00e9rieur et sont plus l\u00e9g\u00e8res que les pierres solides.&nbsp;<\/p>\n<p>Ils sont parfaits comme objets de d\u00e9coration, par exemple pour les collectionner et les exposer ouverts. Les g\u00e9odes sont toujours \u00e0 la mode et super faciles \u00e0 vendre.&nbsp;<\/p>\n<p>NB : Les g\u00e9odes et les cristaux \u00e0 l&rsquo;int\u00e9rieur sont peints.&nbsp;<\/p>\n<p>La taille moyenne est de 8,5 x 6 cm et peut varier car il s&rsquo;agit d&rsquo;un produit naturel.&nbsp;<\/p>\n<p><strong><span style=\"color: rgb(141, 186, 216);\">Commandez maintenant et regardez-les s&rsquo;envoler de l&rsquo;\u00e9tag\u00e8re.<\/span><\/strong><\/p>\n","protected":false},"excerpt":{"rendered":"<p>Cette belle G\u00e9ode de calcite artificiellement color\u00e9e &#8211; Black Rock &#8211; Violet, offre sa couleur une fois ouverte, les cristaux qui s&rsquo;y forment sont magnifiques. Les g\u00e9odes sont des pierres creuses, \u00e0 l&rsquo;int\u00e9rieur desquelles des cristaux se sont form\u00e9s.&nbsp; Chaque g\u00e9ode est donc absolument unique, et le r\u00e9sultat d&rsquo;un tr\u00e8s long processus de cristallisation. Les [&hellip;]<\/p>\n","protected":false},"featured_media":332096,"comment_status":"closed","ping_status":"open","template":"","meta":{"_angie_page":false},"product_brand":[],"product_cat":[17264,18938],"product_tag":[],"class_list":{"0":"post-233456","1":"product","2":"type-product","3":"status-publish","4":"has-post-thumbnail","6":"product_cat-cadeaux-esoterique","7":"product_cat-pierres-roulees","8":"pa_collection-coloured-calcite-geodes-fr","9":"pa_made-in-maroc","11":"first","12":"instock","13":"purchasable","14":"product-type-simple"},"supplier_id":null,"supplier_sku":"CCGeo-02","barcode":null,"atum_controlled":true,"out_stock_date":null,"out_stock_threshold":null,"inheritable":false,"inbound_stock":null,"stock_on_hold":0,"sold_today":0,"sales_last_days":0,"reserved_stock":null,"customer_returns":null,"warehouse_damage":null,"lost_in_post":null,"other_logs":null,"out_stock_days":0,"lost_sales":0,"has_location":null,"update_date":"2026-04-27T06:56:10","atum_locations":[],"atum_stock_status":"instock","restock_status":false,"low_stock_amount":"","sales_update_date":"2025-10-09T03:27:22","calc_backorders":null,"_links":{"self":[{"href":"https:\/\/aromasentia.com\/fr\/wp-json\/wp\/v2\/product\/233456","targetHints":{"allow":["GET"]}}],"collection":[{"href":"https:\/\/aromasentia.com\/fr\/wp-json\/wp\/v2\/product"}],"about":[{"href":"https:\/\/aromasentia.com\/fr\/wp-json\/wp\/v2\/types\/product"}],"replies":[{"embeddable":true,"href":"https:\/\/aromasentia.com\/fr\/wp-json\/wp\/v2\/comments?post=233456"}],"version-history":[{"count":0,"href":"https:\/\/aromasentia.com\/fr\/wp-json\/wp\/v2\/product\/233456\/revisions"}],"wp:featuredmedia":[{"embeddable":true,"href":"https:\/\/aromasentia.com\/fr\/wp-json\/wp\/v2\/media\/332096"}],"wp:attachment":[{"href":"https:\/\/aromasentia.com\/fr\/wp-json\/wp\/v2\/media?parent=233456"}],"wp:term":[{"taxonomy":"product_brand","embeddable":true,"href":"https:\/\/aromasentia.com\/fr\/wp-json\/wp\/v2\/product_brand?post=233456"},{"taxonomy":"product_cat","embeddable":true,"href":"https:\/\/aromasentia.com\/fr\/wp-json\/wp\/v2\/product_cat?post=233456"},{"taxonomy":"product_tag","embeddable":true,"href":"https:\/\/aromasentia.com\/fr\/wp-json\/wp\/v2\/product_tag?post=233456"}],"curies":[{"name":"wp","href":"https:\/\/api.w.org\/{rel}","templated":true}]}}