{"id":233448,"date":"2025-03-22T13:29:24","date_gmt":"2025-03-22T13:29:24","guid":{"rendered":"https:\/\/aromasentia.com\/product\/chakra-spheres-40-50mm\/"},"modified":"2025-06-23T18:55:26","modified_gmt":"2025-06-23T18:55:26","slug":"spheres-chakra-40-50mm","status":"publish","type":"product","link":"https:\/\/aromasentia.com\/fr\/spheres-chakra-40-50mm\/","title":{"rendered":"Sph\u00e8res Chakra 40-50mm"},"content":{"rendered":"<p><strong><span style=\"color: rgb(75, 80, 88);\">Fabriqu\u00e9e avec soin, chaque pierre est fabriqu\u00e9e \u00e0 la main \u00e0 partir des plus belles pierres pr\u00e9cieuses, avec sept couleurs distinctes repr\u00e9sentant les chakras individuels. <\/span><\/strong><\/p>\n<p>Originaires de la terre mystique de l\u2019Inde, ces pierres de chakra li\u00e9es incarnent des traditions s\u00e9culaires de gu\u00e9rison par les pierres pr\u00e9cieuses. Les pierres de chakra li\u00e9es sont plus que de belles d\u00e9corations ; ce sont des outils profonds pour am\u00e9liorer le bien-\u00eatre et l\u2019harmonie spirituelle.&nbsp;<\/p>\n<p>Ces pierres pr\u00e9cieuses \u00e9sot\u00e9riques sont destin\u00e9es \u00e0 captiver vos clients et collectionneurs amateurs de pierres pr\u00e9cieuses. Entrez dans le monde de s\u00e9r\u00e9nit\u00e9 et d\u2019\u00e9quilibre avec nos sph\u00e8res de chakra.&nbsp;<\/p>\n<p>Fabriqu\u00e9es \u00e0 partir d\u2019une s\u00e9lection diversifi\u00e9e de pierres pr\u00e9cieuses, ces sph\u00e8res \u00e9mettent une \u00e9nergie harmonieuse dans toutes les directions. Placez-en un dans votre espace pour cr\u00e9er une atmosph\u00e8re de tranquillit\u00e9 ou utilisez-le pendant la m\u00e9ditation pour harmoniser vos chakras et favoriser l&rsquo;\u00e9quilibre int\u00e9rieur.&nbsp;<\/p>\n<p><strong><span style=\"color: rgb(141, 186, 216);\">Veuillez noter que ces pierres de chakra li\u00e9es \u00e9tant fabriqu\u00e9es de mani\u00e8re artisanale, de l\u00e9g\u00e8res variations de taille et de poids peuvent survenir en raison de leur nature artisanale.<\/span><\/strong><\/p>\n","protected":false},"excerpt":{"rendered":"<p>Fabriqu\u00e9e avec soin, chaque pierre est fabriqu\u00e9e \u00e0 la main \u00e0 partir des plus belles pierres pr\u00e9cieuses, avec sept couleurs distinctes repr\u00e9sentant les chakras individuels. Originaires de la terre mystique de l\u2019Inde, ces pierres de chakra li\u00e9es incarnent des traditions s\u00e9culaires de gu\u00e9rison par les pierres pr\u00e9cieuses. Les pierres de chakra li\u00e9es sont plus que [&hellip;]<\/p>\n","protected":false},"featured_media":332022,"comment_status":"closed","ping_status":"open","template":"","meta":[],"product_brand":[],"product_cat":[17264,19073],"product_tag":[],"class_list":{"0":"post-233448","1":"product","2":"type-product","3":"status-publish","4":"has-post-thumbnail","6":"product_cat-cadeaux-esoterique","7":"product_cat-pendentifs-pendules-et-jeu-de-runes","8":"pa_collection-bonded-chakra-stones-fr","9":"pa_made-in-inde","11":"first","12":"instock","13":"purchasable","14":"product-type-simple"},"supplier_id":null,"supplier_sku":"BBCs-01","barcode":null,"atum_controlled":true,"out_stock_date":null,"out_stock_threshold":null,"inheritable":false,"inbound_stock":null,"stock_on_hold":0,"sold_today":0,"sales_last_days":0,"reserved_stock":null,"customer_returns":null,"warehouse_damage":null,"lost_in_post":null,"other_logs":null,"out_stock_days":0,"lost_sales":0,"has_location":null,"update_date":"2026-02-11T09:34:05","atum_locations":[],"atum_stock_status":"instock","restock_status":false,"low_stock_amount":"","sales_update_date":"2025-10-09T03:25:57","calc_backorders":null,"_links":{"self":[{"href":"https:\/\/aromasentia.com\/fr\/wp-json\/wp\/v2\/product\/233448","targetHints":{"allow":["GET"]}}],"collection":[{"href":"https:\/\/aromasentia.com\/fr\/wp-json\/wp\/v2\/product"}],"about":[{"href":"https:\/\/aromasentia.com\/fr\/wp-json\/wp\/v2\/types\/product"}],"replies":[{"embeddable":true,"href":"https:\/\/aromasentia.com\/fr\/wp-json\/wp\/v2\/comments?post=233448"}],"version-history":[{"count":0,"href":"https:\/\/aromasentia.com\/fr\/wp-json\/wp\/v2\/product\/233448\/revisions"}],"wp:featuredmedia":[{"embeddable":true,"href":"https:\/\/aromasentia.com\/fr\/wp-json\/wp\/v2\/media\/332022"}],"wp:attachment":[{"href":"https:\/\/aromasentia.com\/fr\/wp-json\/wp\/v2\/media?parent=233448"}],"wp:term":[{"taxonomy":"product_brand","embeddable":true,"href":"https:\/\/aromasentia.com\/fr\/wp-json\/wp\/v2\/product_brand?post=233448"},{"taxonomy":"product_cat","embeddable":true,"href":"https:\/\/aromasentia.com\/fr\/wp-json\/wp\/v2\/product_cat?post=233448"},{"taxonomy":"product_tag","embeddable":true,"href":"https:\/\/aromasentia.com\/fr\/wp-json\/wp\/v2\/product_tag?post=233448"}],"curies":[{"name":"wp","href":"https:\/\/api.w.org\/{rel}","templated":true}]}}