{"id":233444,"date":"2025-03-22T13:29:24","date_gmt":"2025-03-22T13:29:24","guid":{"rendered":"https:\/\/aromasentia.com\/product\/chakra-eggs-40-60mm\/"},"modified":"2025-06-23T18:55:24","modified_gmt":"2025-06-23T18:55:24","slug":"oeufs-chakra-40-60mm","status":"publish","type":"product","link":"https:\/\/aromasentia.com\/fr\/oeufs-chakra-40-60mm\/","title":{"rendered":"\u0152ufs Chakra 40-60mm"},"content":{"rendered":"<p>Fabriqu\u00e9e avec soin, chaque pierre est faite \u00e0 la main \u00e0 partir des pierres pr\u00e9cieuses les plus fines, avec sept couleurs distinctes repr\u00e9sentant les diff\u00e9rents chakras.&nbsp;<\/p>\n<p>Originaires du pays mystique de l&rsquo;Inde, ces \u0153ufs Chakra incarnent des traditions s\u00e9culaires de gu\u00e9rison par les pierres pr\u00e9cieuses.&nbsp;<\/p>\n<p>Les \u0153ufs Chakra sont plus que de belles d\u00e9corations ; ce sont des outils profonds pour am\u00e9liorer le bien-\u00eatre et l&rsquo;harmonie spirituelle. Ces pierres \u00e9sot\u00e9riques sont destin\u00e9es \u00e0 captiver vos clients amateurs de pierres pr\u00e9cieuses et les collectionneurs.&nbsp;<\/p>\n<p><strong><span style=\"color: rgb(75, 80, 88);\">Nos \u0153ufs Chakra symbolisent le renouveau et la transformation<\/span><\/strong>. Ces \u0153ufs en pierre pr\u00e9cieuse, soigneusement choisis pour leurs propri\u00e9t\u00e9s d&rsquo;alignement des chakras, sont parfaits pour les personnes en qu\u00eate de croissance et d&rsquo;\u00e9volution personnelles. Tenir un \u0153uf de chakra pendant la m\u00e9ditation peut aider \u00e0 se lib\u00e9rer des blocages, favorisant la gu\u00e9rison et le renouveau.&nbsp;<\/p>\n<p><strong><span style=\"color: rgb(141, 186, 216);\">Veuillez noter que ces \u0153ufs Chakra sont fabriqu\u00e9s de mani\u00e8re artisanale et que de l\u00e9g\u00e8res variations de taille et de poids peuvent survenir en raison de leur nature artisanale.<\/span><\/strong><\/p>\n","protected":false},"excerpt":{"rendered":"<p>Fabriqu\u00e9e avec soin, chaque pierre est faite \u00e0 la main \u00e0 partir des pierres pr\u00e9cieuses les plus fines, avec sept couleurs distinctes repr\u00e9sentant les diff\u00e9rents chakras.&nbsp; Originaires du pays mystique de l&rsquo;Inde, ces \u0153ufs Chakra incarnent des traditions s\u00e9culaires de gu\u00e9rison par les pierres pr\u00e9cieuses.&nbsp; Les \u0153ufs Chakra sont plus que de belles d\u00e9corations ; [&hellip;]<\/p>\n","protected":false},"featured_media":332005,"comment_status":"closed","ping_status":"open","template":"","meta":[],"product_brand":[],"product_cat":[17264,19073],"product_tag":[],"class_list":{"0":"post-233444","1":"product","2":"type-product","3":"status-publish","4":"has-post-thumbnail","6":"product_cat-cadeaux-esoterique","7":"product_cat-pendentifs-pendules-et-jeu-de-runes","8":"pa_collection-bonded-chakra-stones-fr","9":"pa_made-in-inde","11":"first","12":"instock","13":"purchasable","14":"product-type-simple"},"supplier_id":null,"supplier_sku":"BBCs-02","barcode":null,"atum_controlled":true,"out_stock_date":null,"out_stock_threshold":null,"inheritable":false,"inbound_stock":null,"stock_on_hold":0,"sold_today":0,"sales_last_days":0,"reserved_stock":null,"customer_returns":null,"warehouse_damage":null,"lost_in_post":null,"other_logs":null,"out_stock_days":0,"lost_sales":0,"has_location":null,"update_date":"2026-01-30T01:24:52","atum_locations":[],"atum_stock_status":"instock","restock_status":false,"low_stock_amount":"","sales_update_date":"2026-01-30T01:24:52","calc_backorders":null,"_links":{"self":[{"href":"https:\/\/aromasentia.com\/fr\/wp-json\/wp\/v2\/product\/233444","targetHints":{"allow":["GET"]}}],"collection":[{"href":"https:\/\/aromasentia.com\/fr\/wp-json\/wp\/v2\/product"}],"about":[{"href":"https:\/\/aromasentia.com\/fr\/wp-json\/wp\/v2\/types\/product"}],"replies":[{"embeddable":true,"href":"https:\/\/aromasentia.com\/fr\/wp-json\/wp\/v2\/comments?post=233444"}],"version-history":[{"count":0,"href":"https:\/\/aromasentia.com\/fr\/wp-json\/wp\/v2\/product\/233444\/revisions"}],"wp:featuredmedia":[{"embeddable":true,"href":"https:\/\/aromasentia.com\/fr\/wp-json\/wp\/v2\/media\/332005"}],"wp:attachment":[{"href":"https:\/\/aromasentia.com\/fr\/wp-json\/wp\/v2\/media?parent=233444"}],"wp:term":[{"taxonomy":"product_brand","embeddable":true,"href":"https:\/\/aromasentia.com\/fr\/wp-json\/wp\/v2\/product_brand?post=233444"},{"taxonomy":"product_cat","embeddable":true,"href":"https:\/\/aromasentia.com\/fr\/wp-json\/wp\/v2\/product_cat?post=233444"},{"taxonomy":"product_tag","embeddable":true,"href":"https:\/\/aromasentia.com\/fr\/wp-json\/wp\/v2\/product_tag?post=233444"}],"curies":[{"name":"wp","href":"https:\/\/api.w.org\/{rel}","templated":true}]}}