{"id":233440,"date":"2025-03-22T13:29:24","date_gmt":"2025-03-22T13:29:24","guid":{"rendered":"https:\/\/aromasentia.com\/product\/chakra-hearts-45-60mm\/"},"modified":"2025-06-23T18:55:24","modified_gmt":"2025-06-23T18:55:24","slug":"coeurs-chakra-45-60mm","status":"publish","type":"product","link":"https:\/\/aromasentia.com\/fr\/coeurs-chakra-45-60mm\/","title":{"rendered":"C\u0153urs Chakra 45-60mm"},"content":{"rendered":"<p><strong><span style=\"color: rgb(75, 80, 88);\">Fabriqu\u00e9e avec soin, chaque pierre est fabriqu\u00e9e \u00e0 la main \u00e0 partir des plus belles pierres pr\u00e9cieuses, avec sept couleurs distinctes repr\u00e9sentant les chakras individuels.&nbsp;<\/span><\/strong><\/p>\n<p>Originaires de la terre mystique de l\u2019Inde, ces pierres de chakra li\u00e9es incarnent des traditions s\u00e9culaires de gu\u00e9rison par les pierres pr\u00e9cieuses. Les pierres de chakra li\u00e9es sont plus que de belles d\u00e9corations ; ce sont des outils profonds pour am\u00e9liorer le bien-\u00eatre et l\u2019harmonie spirituelle.&nbsp;<\/p>\n<p>Ces pierres pr\u00e9cieuses \u00e9sot\u00e9riques sont destin\u00e9es \u00e0 captiver vos clients et collectionneurs amateurs de pierres pr\u00e9cieuses. &nbsp;<\/p>\n<p><strong><span style=\"color: rgb(75, 80, 88);\">Le chakra du c\u0153ur incarne l&rsquo;essence de l&rsquo;amour, de la compassion et de l&rsquo;\u00e9quilibre.&nbsp;<\/span><\/strong>Sculpt\u00e9s dans une vari\u00e9t\u00e9 de pierres pr\u00e9cieuses repr\u00e9sentant les chakras, ces c\u0153urs rayonnent d&rsquo;une \u00e9nergie harmonieuse.&nbsp;<\/p>\n<p>Gardez-en un pr\u00e8s de votre c\u0153ur pour renforcer les sentiments d&rsquo;amour et de connexion, ou utilisez-le en m\u00e9ditation pour approfondir votre voyage spirituel.&nbsp;<\/p>\n<p><strong><span style=\"color: rgb(141, 186, 216);\">Veuillez noter que ces C\u0153urs Chakra en Pierres Pr\u00e9cieuses sont fabriqu\u00e9s de mani\u00e8re artisanale et que de l\u00e9g\u00e8res variations de taille et de poids peuvent survenir en raison de leur nature artisanale.<\/span><\/strong><\/p>\n","protected":false},"excerpt":{"rendered":"<p>Fabriqu\u00e9e avec soin, chaque pierre est fabriqu\u00e9e \u00e0 la main \u00e0 partir des plus belles pierres pr\u00e9cieuses, avec sept couleurs distinctes repr\u00e9sentant les chakras individuels.&nbsp; Originaires de la terre mystique de l\u2019Inde, ces pierres de chakra li\u00e9es incarnent des traditions s\u00e9culaires de gu\u00e9rison par les pierres pr\u00e9cieuses. Les pierres de chakra li\u00e9es sont plus que [&hellip;]<\/p>\n","protected":false},"featured_media":331980,"comment_status":"closed","ping_status":"open","template":"","meta":[],"product_brand":[],"product_cat":[17264,19073],"product_tag":[],"class_list":{"0":"post-233440","1":"product","2":"type-product","3":"status-publish","4":"has-post-thumbnail","6":"product_cat-cadeaux-esoterique","7":"product_cat-pendentifs-pendules-et-jeu-de-runes","8":"pa_collection-bonded-chakra-stones-fr","9":"pa_made-in-inde","11":"first","12":"instock","13":"purchasable","14":"product-type-simple"},"supplier_id":null,"supplier_sku":"BBCs-03","barcode":null,"atum_controlled":true,"out_stock_date":null,"out_stock_threshold":null,"inheritable":false,"inbound_stock":null,"stock_on_hold":0,"sold_today":0,"sales_last_days":0,"reserved_stock":null,"customer_returns":null,"warehouse_damage":null,"lost_in_post":null,"other_logs":null,"out_stock_days":0,"lost_sales":0,"has_location":null,"update_date":"2026-01-30T01:25:00","atum_locations":[],"atum_stock_status":"instock","restock_status":false,"low_stock_amount":"","sales_update_date":"2026-01-30T01:25:00","calc_backorders":null,"_links":{"self":[{"href":"https:\/\/aromasentia.com\/fr\/wp-json\/wp\/v2\/product\/233440","targetHints":{"allow":["GET"]}}],"collection":[{"href":"https:\/\/aromasentia.com\/fr\/wp-json\/wp\/v2\/product"}],"about":[{"href":"https:\/\/aromasentia.com\/fr\/wp-json\/wp\/v2\/types\/product"}],"replies":[{"embeddable":true,"href":"https:\/\/aromasentia.com\/fr\/wp-json\/wp\/v2\/comments?post=233440"}],"version-history":[{"count":0,"href":"https:\/\/aromasentia.com\/fr\/wp-json\/wp\/v2\/product\/233440\/revisions"}],"wp:featuredmedia":[{"embeddable":true,"href":"https:\/\/aromasentia.com\/fr\/wp-json\/wp\/v2\/media\/331980"}],"wp:attachment":[{"href":"https:\/\/aromasentia.com\/fr\/wp-json\/wp\/v2\/media?parent=233440"}],"wp:term":[{"taxonomy":"product_brand","embeddable":true,"href":"https:\/\/aromasentia.com\/fr\/wp-json\/wp\/v2\/product_brand?post=233440"},{"taxonomy":"product_cat","embeddable":true,"href":"https:\/\/aromasentia.com\/fr\/wp-json\/wp\/v2\/product_cat?post=233440"},{"taxonomy":"product_tag","embeddable":true,"href":"https:\/\/aromasentia.com\/fr\/wp-json\/wp\/v2\/product_tag?post=233440"}],"curies":[{"name":"wp","href":"https:\/\/api.w.org\/{rel}","templated":true}]}}