{"id":233420,"date":"2025-03-22T13:29:32","date_gmt":"2025-03-22T13:29:32","guid":{"rendered":"https:\/\/aromasentia.com\/product\/gemstone-lucky-cat-gold-tiger-eye-50x35x25mm\/"},"modified":"2025-06-23T18:55:22","modified_gmt":"2025-06-23T18:55:22","slug":"chat-chanceux-pierre-precieuse-oeil-de-tigre-dore-50x35x25mm","status":"publish","type":"product","link":"https:\/\/aromasentia.com\/fr\/chat-chanceux-pierre-precieuse-oeil-de-tigre-dore-50x35x25mm\/","title":{"rendered":"Chat Chanceux Pierre pr\u00e9cieuse &#8211; Oeil de Tigre Dor\u00e9 50x35x25mm"},"content":{"rendered":"<p>Renforcez votre confiance et votre prosp\u00e9rit\u00e9 avec cette pierre pr\u00e9cieuse Lucky Cat &#8211; Gold Tiger Eye. Cette captivante sculpture Lucky Cat, d&rsquo;environ 50x35x25mm, est fa\u00e7onn\u00e9e \u00e0 partir d&rsquo;\u0153il de tigre dor\u00e9 scintillant. Le Maneki-neko attire la chance et la richesse, tandis que l&rsquo;Oeil de Tigre dor\u00e9 renforce le courage, la clart\u00e9 d&rsquo;esprit et le pouvoir personnel, \u00e9galement connu pour attirer la prosp\u00e9rit\u00e9. Une figurine dynamique et de bon augure, parfaite pour votre espace de travail ou votre maison afin d&rsquo;inviter au succ\u00e8s, \u00e0 la confiance et \u00e0 un flux constant de bonne fortune.<\/p>\n","protected":false},"excerpt":{"rendered":"<p>Renforcez votre confiance et votre prosp\u00e9rit\u00e9 avec cette pierre pr\u00e9cieuse Lucky Cat &#8211; Gold Tiger Eye. Cette captivante sculpture Lucky Cat, d&rsquo;environ 50x35x25mm, est fa\u00e7onn\u00e9e \u00e0 partir d&rsquo;\u0153il de tigre dor\u00e9 scintillant. Le Maneki-neko attire la chance et la richesse, tandis que l&rsquo;Oeil de Tigre dor\u00e9 renforce le courage, la clart\u00e9 d&rsquo;esprit et le pouvoir [&hellip;]<\/p>\n","protected":false},"featured_media":335521,"comment_status":"closed","ping_status":"open","template":"","meta":{"_angie_page":false},"product_brand":[],"product_cat":[19265,17264,25786,25226],"product_tag":[],"class_list":{"0":"post-233420","1":"product","2":"type-product","3":"status-publish","4":"has-post-thumbnail","6":"product_cat-bijoux-en-pierre-precieuse-et-accessoires","7":"product_cat-cadeaux-esoterique","8":"product_cat-oeil-de-tigre","9":"product_cat-pierres-et-mineraux","10":"pa_collection-gemstone-figures-fr","11":"pa_made-in-chine","13":"first","14":"instock","15":"purchasable","16":"product-type-simple"},"supplier_id":null,"supplier_sku":"GemF-54","barcode":null,"atum_controlled":true,"out_stock_date":null,"out_stock_threshold":null,"inheritable":false,"inbound_stock":null,"stock_on_hold":0,"sold_today":0,"sales_last_days":0,"reserved_stock":null,"customer_returns":null,"warehouse_damage":null,"lost_in_post":null,"other_logs":null,"out_stock_days":0,"lost_sales":0,"has_location":null,"update_date":"2026-05-04T00:03:55","atum_locations":[],"atum_stock_status":"instock","restock_status":false,"low_stock_amount":"","sales_update_date":"2026-01-30T01:24:29","calc_backorders":null,"_links":{"self":[{"href":"https:\/\/aromasentia.com\/fr\/wp-json\/wp\/v2\/product\/233420","targetHints":{"allow":["GET"]}}],"collection":[{"href":"https:\/\/aromasentia.com\/fr\/wp-json\/wp\/v2\/product"}],"about":[{"href":"https:\/\/aromasentia.com\/fr\/wp-json\/wp\/v2\/types\/product"}],"replies":[{"embeddable":true,"href":"https:\/\/aromasentia.com\/fr\/wp-json\/wp\/v2\/comments?post=233420"}],"version-history":[{"count":0,"href":"https:\/\/aromasentia.com\/fr\/wp-json\/wp\/v2\/product\/233420\/revisions"}],"wp:featuredmedia":[{"embeddable":true,"href":"https:\/\/aromasentia.com\/fr\/wp-json\/wp\/v2\/media\/335521"}],"wp:attachment":[{"href":"https:\/\/aromasentia.com\/fr\/wp-json\/wp\/v2\/media?parent=233420"}],"wp:term":[{"taxonomy":"product_brand","embeddable":true,"href":"https:\/\/aromasentia.com\/fr\/wp-json\/wp\/v2\/product_brand?post=233420"},{"taxonomy":"product_cat","embeddable":true,"href":"https:\/\/aromasentia.com\/fr\/wp-json\/wp\/v2\/product_cat?post=233420"},{"taxonomy":"product_tag","embeddable":true,"href":"https:\/\/aromasentia.com\/fr\/wp-json\/wp\/v2\/product_tag?post=233420"}],"curies":[{"name":"wp","href":"https:\/\/api.w.org\/{rel}","templated":true}]}}