{"id":233408,"date":"2025-03-22T13:29:32","date_gmt":"2025-03-22T13:29:32","guid":{"rendered":"https:\/\/aromasentia.com\/product\/gemstone-large-dragon-head-sodalite-60x30x35mm\/"},"modified":"2025-06-23T18:55:20","modified_gmt":"2025-06-23T18:55:20","slug":"grande-tete-de-dragon-pierre-precieuse-sodalite-60x30x35mm","status":"publish","type":"product","link":"https:\/\/aromasentia.com\/fr\/grande-tete-de-dragon-pierre-precieuse-sodalite-60x30x35mm\/","title":{"rendered":"Grande T\u00eate de Dragon Pierre Pr\u00e9cieuse &#8211; Sodalite 60x30x35mm"},"content":{"rendered":"<p>Acc\u00e9dez \u00e0 la sagesse profonde avec cette pierre pr\u00e9cieuse Grande t\u00eate de dragon &#8211; Sodalite. Cette grande t\u00eate de dragon, mesurant approximativement 60x30x35mm, est sculpt\u00e9e dans une riche Sodalite bleue. Elle fusionne le pouvoir symbolique du dragon et les connaissances anciennes avec la capacit\u00e9 de la Sodalite \u00e0 am\u00e9liorer la logique, l&rsquo;intuition et la communication claire. C&rsquo;est un excellent objet pour les \u00e9tudiants, les \u00e9crivains ou toute personne cherchant \u00e0 approfondir sa compr\u00e9hension et \u00e0 exprimer ses id\u00e9es avec clart\u00e9 et confiance, c&rsquo;est un totem mystique imposant.<\/p>\n","protected":false},"excerpt":{"rendered":"<p>Acc\u00e9dez \u00e0 la sagesse profonde avec cette pierre pr\u00e9cieuse Grande t\u00eate de dragon &#8211; Sodalite. Cette grande t\u00eate de dragon, mesurant approximativement 60x30x35mm, est sculpt\u00e9e dans une riche Sodalite bleue. Elle fusionne le pouvoir symbolique du dragon et les connaissances anciennes avec la capacit\u00e9 de la Sodalite \u00e0 am\u00e9liorer la logique, l&rsquo;intuition et la communication [&hellip;]<\/p>\n","protected":false},"featured_media":335470,"comment_status":"closed","ping_status":"open","template":"","meta":{"_angie_page":false},"product_brand":[],"product_cat":[19265,17264,25226,25772],"product_tag":[],"class_list":{"0":"post-233408","1":"product","2":"type-product","3":"status-publish","4":"has-post-thumbnail","6":"product_cat-bijoux-en-pierre-precieuse-et-accessoires","7":"product_cat-cadeaux-esoterique","8":"product_cat-pierres-et-mineraux","9":"product_cat-sodalite","10":"pa_collection-gemstone-figures-fr","11":"pa_made-in-chine","13":"first","14":"instock","15":"purchasable","16":"product-type-simple"},"supplier_id":null,"supplier_sku":"GemF-50","barcode":null,"atum_controlled":true,"out_stock_date":null,"out_stock_threshold":null,"inheritable":false,"inbound_stock":null,"stock_on_hold":0,"sold_today":0,"sales_last_days":0,"reserved_stock":null,"customer_returns":null,"warehouse_damage":null,"lost_in_post":null,"other_logs":null,"out_stock_days":0,"lost_sales":0,"has_location":null,"update_date":"2026-04-27T07:04:45","atum_locations":[],"atum_stock_status":"instock","restock_status":false,"low_stock_amount":"","sales_update_date":"2026-01-30T01:25:47","calc_backorders":null,"_links":{"self":[{"href":"https:\/\/aromasentia.com\/fr\/wp-json\/wp\/v2\/product\/233408","targetHints":{"allow":["GET"]}}],"collection":[{"href":"https:\/\/aromasentia.com\/fr\/wp-json\/wp\/v2\/product"}],"about":[{"href":"https:\/\/aromasentia.com\/fr\/wp-json\/wp\/v2\/types\/product"}],"replies":[{"embeddable":true,"href":"https:\/\/aromasentia.com\/fr\/wp-json\/wp\/v2\/comments?post=233408"}],"version-history":[{"count":0,"href":"https:\/\/aromasentia.com\/fr\/wp-json\/wp\/v2\/product\/233408\/revisions"}],"wp:featuredmedia":[{"embeddable":true,"href":"https:\/\/aromasentia.com\/fr\/wp-json\/wp\/v2\/media\/335470"}],"wp:attachment":[{"href":"https:\/\/aromasentia.com\/fr\/wp-json\/wp\/v2\/media?parent=233408"}],"wp:term":[{"taxonomy":"product_brand","embeddable":true,"href":"https:\/\/aromasentia.com\/fr\/wp-json\/wp\/v2\/product_brand?post=233408"},{"taxonomy":"product_cat","embeddable":true,"href":"https:\/\/aromasentia.com\/fr\/wp-json\/wp\/v2\/product_cat?post=233408"},{"taxonomy":"product_tag","embeddable":true,"href":"https:\/\/aromasentia.com\/fr\/wp-json\/wp\/v2\/product_tag?post=233408"}],"curies":[{"name":"wp","href":"https:\/\/api.w.org\/{rel}","templated":true}]}}