{"id":233344,"date":"2025-03-22T13:29:32","date_gmt":"2025-03-22T13:29:32","guid":{"rendered":"https:\/\/aromasentia.com\/product\/hand-carved-gemstone-angel-tiger-eye\/"},"modified":"2025-06-23T18:55:11","modified_gmt":"2025-06-23T18:55:11","slug":"ange-en-pierre-precieuse-sculptee-a-la-main-oeil-de-tigre","status":"publish","type":"product","link":"https:\/\/aromasentia.com\/fr\/ange-en-pierre-precieuse-sculptee-a-la-main-oeil-de-tigre\/","title":{"rendered":"Ange en Pierre Pr\u00e9cieuse Sculpt\u00e9e \u00e0 la Main &#8211; \u0152il de Tigre"},"content":{"rendered":"<p>D\u00e9couvrez nos figurines d&rsquo;<strong><span style=\"color: rgb(75, 80, 88);\">Anges en Pierres Pr\u00e9cieuses Sculpt\u00e9es \u00e0 la Main<\/span><\/strong>, un m\u00e9lange harmonieux d&rsquo;art et de beaut\u00e9 naturelle.&nbsp;<\/p>\n<p>Fabriqu\u00e9s \u00e0 partir d&rsquo;une gamme captivante de pierres pr\u00e9cieuses, ces petits tr\u00e9sors sont pr\u00eats \u00e0 infuser votre vie de s\u00e9r\u00e9nit\u00e9, de protection et d&rsquo;\u00e9nergie positive illimit\u00e9e. &nbsp;&nbsp;<\/p>\n<p><strong><span style=\"color: rgb(163, 143, 132);\">L&rsquo;Oeil de Tigre<\/span><\/strong> inspire le courage et la confiance.&nbsp;<\/p>\n<p>Votre ange gardien \u0153il de Tigre vous permet de faire face aux d\u00e9fis de la vie avec une bravoure in\u00e9branlable, en vous guidant \u00e0 travers l&rsquo;adversit\u00e9.<\/p>\n<p>Chaque ange gardien, taill\u00e9 dans sa pierre pr\u00e9cieuse respective, veille avec soin et intention. Ils offrent leurs qualit\u00e9s uniques pour guider et prot\u00e9ger, permettant d&#8217;embrasser le voyage de la vie avec courage, s\u00e9r\u00e9nit\u00e9 et joie.<\/p>\n","protected":false},"excerpt":{"rendered":"<p>D\u00e9couvrez nos figurines d&rsquo;Anges en Pierres Pr\u00e9cieuses Sculpt\u00e9es \u00e0 la Main, un m\u00e9lange harmonieux d&rsquo;art et de beaut\u00e9 naturelle.&nbsp; Fabriqu\u00e9s \u00e0 partir d&rsquo;une gamme captivante de pierres pr\u00e9cieuses, ces petits tr\u00e9sors sont pr\u00eats \u00e0 infuser votre vie de s\u00e9r\u00e9nit\u00e9, de protection et d&rsquo;\u00e9nergie positive illimit\u00e9e. &nbsp;&nbsp; L&rsquo;Oeil de Tigre inspire le courage et la confiance.&nbsp; [&hellip;]<\/p>\n","protected":false},"featured_media":334966,"comment_status":"closed","ping_status":"open","template":"","meta":{"_angie_page":false},"product_brand":[],"product_cat":[19265,17264,25786,25226],"product_tag":[],"class_list":{"0":"post-233344","1":"product","2":"type-product","3":"status-publish","4":"has-post-thumbnail","6":"product_cat-bijoux-en-pierre-precieuse-et-accessoires","7":"product_cat-cadeaux-esoterique","8":"product_cat-oeil-de-tigre","9":"product_cat-pierres-et-mineraux","10":"pa_collection-gemstone-figures-fr","11":"pa_made-in-inde","13":"first","14":"outofstock","15":"purchasable","16":"product-type-simple"},"supplier_id":null,"supplier_sku":"GemF-29","barcode":null,"atum_controlled":true,"out_stock_date":"2025-09-04 23:38:21","out_stock_threshold":null,"inheritable":false,"inbound_stock":null,"stock_on_hold":0,"sold_today":0,"sales_last_days":0,"reserved_stock":null,"customer_returns":null,"warehouse_damage":null,"lost_in_post":null,"other_logs":null,"out_stock_days":0,"lost_sales":0,"has_location":null,"update_date":"2026-04-27T07:04:34","atum_locations":[],"atum_stock_status":"outofstock","restock_status":false,"low_stock_amount":"","sales_update_date":"2025-09-04T00:21:59","calc_backorders":null,"_links":{"self":[{"href":"https:\/\/aromasentia.com\/fr\/wp-json\/wp\/v2\/product\/233344","targetHints":{"allow":["GET"]}}],"collection":[{"href":"https:\/\/aromasentia.com\/fr\/wp-json\/wp\/v2\/product"}],"about":[{"href":"https:\/\/aromasentia.com\/fr\/wp-json\/wp\/v2\/types\/product"}],"replies":[{"embeddable":true,"href":"https:\/\/aromasentia.com\/fr\/wp-json\/wp\/v2\/comments?post=233344"}],"version-history":[{"count":0,"href":"https:\/\/aromasentia.com\/fr\/wp-json\/wp\/v2\/product\/233344\/revisions"}],"wp:featuredmedia":[{"embeddable":true,"href":"https:\/\/aromasentia.com\/fr\/wp-json\/wp\/v2\/media\/334966"}],"wp:attachment":[{"href":"https:\/\/aromasentia.com\/fr\/wp-json\/wp\/v2\/media?parent=233344"}],"wp:term":[{"taxonomy":"product_brand","embeddable":true,"href":"https:\/\/aromasentia.com\/fr\/wp-json\/wp\/v2\/product_brand?post=233344"},{"taxonomy":"product_cat","embeddable":true,"href":"https:\/\/aromasentia.com\/fr\/wp-json\/wp\/v2\/product_cat?post=233344"},{"taxonomy":"product_tag","embeddable":true,"href":"https:\/\/aromasentia.com\/fr\/wp-json\/wp\/v2\/product_tag?post=233344"}],"curies":[{"name":"wp","href":"https:\/\/api.w.org\/{rel}","templated":true}]}}