{"id":233340,"date":"2025-03-22T13:29:32","date_gmt":"2025-03-22T13:29:32","guid":{"rendered":"https:\/\/aromasentia.com\/product\/hand-carved-gemstone-angel-opalite\/"},"modified":"2025-06-23T18:55:10","modified_gmt":"2025-06-23T18:55:10","slug":"ange-en-pierre-precieuse-sculptee-a-la-main-opalite","status":"publish","type":"product","link":"https:\/\/aromasentia.com\/fr\/ange-en-pierre-precieuse-sculptee-a-la-main-opalite\/","title":{"rendered":"Ange en Pierre Pr\u00e9cieuse Sculpt\u00e9e \u00e0 la Main &#8211; Opalite"},"content":{"rendered":"<p>D\u00e9couvrez nos figurines d&rsquo;<strong><span style=\"color: rgb(75, 80, 88);\">Anges en Pierres Pr\u00e9cieuses Sculpt\u00e9es \u00e0 la Main<\/span><\/strong>, un m\u00e9lange harmonieux d&rsquo;art et de beaut\u00e9 naturelle.&nbsp;<\/p>\n<p>Fabriqu\u00e9s \u00e0 partir d&rsquo;une gamme captivante de pierres pr\u00e9cieuses, ces petits tr\u00e9sors sont pr\u00eats \u00e0 infuser votre vie de s\u00e9r\u00e9nit\u00e9, de protection et d&rsquo;\u00e9nergie positive illimit\u00e9e. &nbsp;&nbsp;<\/p>\n<p>La lueur \u00e9th\u00e9r\u00e9e de l&rsquo;<strong><span style=\"color: rgb(75, 80, 88);\">Opalite<\/span><\/strong> apporte la paix et la croissance spirituelle. Votre ange gardien en opalite vous baigne dans une lumi\u00e8re apaisante, nourrissant votre voyage spirituel et vous aidant \u00e0 trouver la s\u00e9r\u00e9nit\u00e9 int\u00e9rieure.<\/p>\n<p>Chaque ange gardien, taill\u00e9 dans sa pierre pr\u00e9cieuse respective, veille avec soin et intention. Ils offrent leurs qualit\u00e9s uniques pour guider et prot\u00e9ger, permettant d&#8217;embrasser le voyage de la vie avec courage, s\u00e9r\u00e9nit\u00e9 et joie.<\/p>\n","protected":false},"excerpt":{"rendered":"<p>D\u00e9couvrez nos figurines d&rsquo;Anges en Pierres Pr\u00e9cieuses Sculpt\u00e9es \u00e0 la Main, un m\u00e9lange harmonieux d&rsquo;art et de beaut\u00e9 naturelle.&nbsp; Fabriqu\u00e9s \u00e0 partir d&rsquo;une gamme captivante de pierres pr\u00e9cieuses, ces petits tr\u00e9sors sont pr\u00eats \u00e0 infuser votre vie de s\u00e9r\u00e9nit\u00e9, de protection et d&rsquo;\u00e9nergie positive illimit\u00e9e. &nbsp;&nbsp; La lueur \u00e9th\u00e9r\u00e9e de l&rsquo;Opalite apporte la paix et [&hellip;]<\/p>\n","protected":false},"featured_media":334925,"comment_status":"closed","ping_status":"open","template":"","meta":{"_angie_page":false},"product_brand":[],"product_cat":[19265,17264,25705,25226],"product_tag":[],"class_list":{"0":"post-233340","1":"product","2":"type-product","3":"status-publish","4":"has-post-thumbnail","6":"product_cat-bijoux-en-pierre-precieuse-et-accessoires","7":"product_cat-cadeaux-esoterique","8":"product_cat-opalite","9":"product_cat-pierres-et-mineraux","10":"pa_collection-gemstone-figures-fr","11":"pa_made-in-inde","13":"first","14":"instock","15":"purchasable","16":"product-type-simple"},"supplier_id":null,"supplier_sku":"GemF-28","barcode":null,"atum_controlled":true,"out_stock_date":null,"out_stock_threshold":null,"inheritable":false,"inbound_stock":null,"stock_on_hold":0,"sold_today":0,"sales_last_days":0,"reserved_stock":null,"customer_returns":null,"warehouse_damage":null,"lost_in_post":null,"other_logs":null,"out_stock_days":0,"lost_sales":0,"has_location":null,"update_date":"2026-04-27T07:04:34","atum_locations":[],"atum_stock_status":"instock","restock_status":false,"low_stock_amount":"","sales_update_date":"2026-02-06T00:01:58","calc_backorders":null,"_links":{"self":[{"href":"https:\/\/aromasentia.com\/fr\/wp-json\/wp\/v2\/product\/233340","targetHints":{"allow":["GET"]}}],"collection":[{"href":"https:\/\/aromasentia.com\/fr\/wp-json\/wp\/v2\/product"}],"about":[{"href":"https:\/\/aromasentia.com\/fr\/wp-json\/wp\/v2\/types\/product"}],"replies":[{"embeddable":true,"href":"https:\/\/aromasentia.com\/fr\/wp-json\/wp\/v2\/comments?post=233340"}],"version-history":[{"count":0,"href":"https:\/\/aromasentia.com\/fr\/wp-json\/wp\/v2\/product\/233340\/revisions"}],"wp:featuredmedia":[{"embeddable":true,"href":"https:\/\/aromasentia.com\/fr\/wp-json\/wp\/v2\/media\/334925"}],"wp:attachment":[{"href":"https:\/\/aromasentia.com\/fr\/wp-json\/wp\/v2\/media?parent=233340"}],"wp:term":[{"taxonomy":"product_brand","embeddable":true,"href":"https:\/\/aromasentia.com\/fr\/wp-json\/wp\/v2\/product_brand?post=233340"},{"taxonomy":"product_cat","embeddable":true,"href":"https:\/\/aromasentia.com\/fr\/wp-json\/wp\/v2\/product_cat?post=233340"},{"taxonomy":"product_tag","embeddable":true,"href":"https:\/\/aromasentia.com\/fr\/wp-json\/wp\/v2\/product_tag?post=233340"}],"curies":[{"name":"wp","href":"https:\/\/api.w.org\/{rel}","templated":true}]}}