{"id":233308,"date":"2025-03-22T13:29:32","date_gmt":"2025-03-22T13:29:32","guid":{"rendered":"https:\/\/aromasentia.com\/product\/gemstone-enchantment-lights-rose-quartz\/"},"modified":"2025-06-23T18:55:06","modified_gmt":"2025-06-23T18:55:06","slug":"lumieres-denchantement-en-pierres-precieuses-quartz-rose","status":"publish","type":"product","link":"https:\/\/aromasentia.com\/fr\/lumieres-denchantement-en-pierres-precieuses-quartz-rose\/","title":{"rendered":"Lumi\u00e8res d&rsquo;Enchantement en Pierres Pr\u00e9cieuses &#8211; Quartz Rose"},"content":{"rendered":"<p>Pr\u00e9sentation des lumi\u00e8res d&rsquo;enchantement de pierres pr\u00e9cieuses &ndash; une fusion \u00e9blouissante de la beaut\u00e9 de la nature et de la technologie moderne.&nbsp;<\/p>\n<p>Parfaits pour la revente, ces luminaires enchanteront vos clients et leur entourage. Les lumi\u00e8res sont livr\u00e9es avec un connecteur USB pour une alimentation \u00e9lectrique sans tracas. Les clients peuvent facilement les brancher sur leurs ordinateurs, banques d&rsquo;alimentation ou chargeurs muraux USB.&nbsp;<\/p>\n<p>Veuillez noter qu&rsquo;un adaptateur n&rsquo;est pas inclus dans le produit.&nbsp;<\/p>\n<p>La longueur des lumi\u00e8res est de 227 cm.&nbsp;<\/p>\n<p><strong><span style=\"color: rgb(255, 192, 203);\">D\u00e9couvrez l\u2019\u00e9nergie apaisante et aimante du Quartz Rose<\/span><\/strong>.&nbsp;<\/p>\n<p>Ces lumi\u00e8res \u00e9mettent une douce lueur rose qui favorise l\u2019harmonie, l\u2019amour et la gu\u00e9rison \u00e9motionnelle. Parfait pour cr\u00e9er une atmosph\u00e8re chaleureuse et r\u00e9confortante.&nbsp;<\/p>\n<p><strong><span style=\"color: rgb(141, 186, 216);\">Transformez n&rsquo;importe quel espace en un royaume d&rsquo;enchantement avec les lumi\u00e8res d&rsquo;enchantement de pierres pr\u00e9cieuses.<\/span><\/strong><\/p>\n","protected":false},"excerpt":{"rendered":"<p>Pr\u00e9sentation des lumi\u00e8res d&rsquo;enchantement de pierres pr\u00e9cieuses &ndash; une fusion \u00e9blouissante de la beaut\u00e9 de la nature et de la technologie moderne.&nbsp; Parfaits pour la revente, ces luminaires enchanteront vos clients et leur entourage. Les lumi\u00e8res sont livr\u00e9es avec un connecteur USB pour une alimentation \u00e9lectrique sans tracas. Les clients peuvent facilement les brancher sur [&hellip;]<\/p>\n","protected":false},"featured_media":334389,"comment_status":"closed","ping_status":"open","template":"","meta":{"_angie_page":false},"product_brand":[],"product_cat":[19265,17264,25226,25732,25751],"product_tag":[],"class_list":{"0":"post-233308","1":"product","2":"type-product","3":"status-publish","4":"has-post-thumbnail","6":"product_cat-bijoux-en-pierre-precieuse-et-accessoires","7":"product_cat-cadeaux-esoterique","8":"product_cat-pierres-et-mineraux","9":"product_cat-quartz","10":"product_cat-quartz-rose","11":"pa_collection-gemstone-enchantment-lights-fr","12":"pa_made-in-chine","14":"first","15":"instock","16":"purchasable","17":"product-type-simple"},"supplier_id":null,"supplier_sku":"GEL-01","barcode":null,"atum_controlled":true,"out_stock_date":null,"out_stock_threshold":null,"inheritable":false,"inbound_stock":null,"stock_on_hold":0,"sold_today":0,"sales_last_days":0,"reserved_stock":null,"customer_returns":null,"warehouse_damage":null,"lost_in_post":null,"other_logs":null,"out_stock_days":13,"lost_sales":0,"has_location":null,"update_date":"2026-04-27T07:04:34","atum_locations":[],"atum_stock_status":"instock","restock_status":false,"low_stock_amount":"","sales_update_date":"2026-01-30T01:24:50","calc_backorders":null,"_links":{"self":[{"href":"https:\/\/aromasentia.com\/fr\/wp-json\/wp\/v2\/product\/233308","targetHints":{"allow":["GET"]}}],"collection":[{"href":"https:\/\/aromasentia.com\/fr\/wp-json\/wp\/v2\/product"}],"about":[{"href":"https:\/\/aromasentia.com\/fr\/wp-json\/wp\/v2\/types\/product"}],"replies":[{"embeddable":true,"href":"https:\/\/aromasentia.com\/fr\/wp-json\/wp\/v2\/comments?post=233308"}],"version-history":[{"count":0,"href":"https:\/\/aromasentia.com\/fr\/wp-json\/wp\/v2\/product\/233308\/revisions"}],"wp:featuredmedia":[{"embeddable":true,"href":"https:\/\/aromasentia.com\/fr\/wp-json\/wp\/v2\/media\/334389"}],"wp:attachment":[{"href":"https:\/\/aromasentia.com\/fr\/wp-json\/wp\/v2\/media?parent=233308"}],"wp:term":[{"taxonomy":"product_brand","embeddable":true,"href":"https:\/\/aromasentia.com\/fr\/wp-json\/wp\/v2\/product_brand?post=233308"},{"taxonomy":"product_cat","embeddable":true,"href":"https:\/\/aromasentia.com\/fr\/wp-json\/wp\/v2\/product_cat?post=233308"},{"taxonomy":"product_tag","embeddable":true,"href":"https:\/\/aromasentia.com\/fr\/wp-json\/wp\/v2\/product_tag?post=233308"}],"curies":[{"name":"wp","href":"https:\/\/api.w.org\/{rel}","templated":true}]}}