{"id":233288,"date":"2025-03-22T13:29:32","date_gmt":"2025-03-22T13:29:32","guid":{"rendered":"https:\/\/aromasentia.com\/product\/med-gomati-chakra-circle-stone-trees-45-stones\/"},"modified":"2025-06-23T18:55:04","modified_gmt":"2025-06-23T18:55:04","slug":"arbres-en-pierres-rondes-chakra-gomati-moyen-45-pierres","status":"publish","type":"product","link":"https:\/\/aromasentia.com\/fr\/arbres-en-pierres-rondes-chakra-gomati-moyen-45-pierres\/","title":{"rendered":"Arbres en Pierres Rondes Chakra Gomati Moyen &#8211; (45 pierres)"},"content":{"rendered":"<p><strong>Cet arbre \u00e0 pierres de taille moyenne est compos\u00e9 de 45 superbes pierres Gomati Chakra<\/strong>, soigneusement s\u00e9lectionn\u00e9es \u00e0 la main dans la rivi\u00e8re Gomati en Inde.&nbsp;<\/p>\n<p>Ces pierres, connues pour leurs motifs en spirale, symbolisent les cycles de la vie, le d\u00e9veloppement personnel et le flux \u00e9nerg\u00e9tique.&nbsp;<\/p>\n<p>Bien plus qu&rsquo;une simple d\u00e9coration, cet arbre est r\u00e9put\u00e9 pour attirer richesse, prosp\u00e9rit\u00e9 et offrir une protection contre les \u00e9nergies n\u00e9gatives.&nbsp;<\/p>\n<p>Id\u00e9al pour agr\u00e9menter un espace de m\u00e9ditation, un salon ou un centre spirituel, il apporte une subtile fusion de sagesse ancienne et de style moderne \u00e0 votre d\u00e9coration.&nbsp;<\/p>\n<p><strong>N&rsquo;attendez plus et ajoutez cet arbre unique \u00e0 votre espace pour cr\u00e9er une ambiance apaisante et positive.<\/strong><\/p>\n","protected":false},"excerpt":{"rendered":"<p>Cet arbre \u00e0 pierres de taille moyenne est compos\u00e9 de 45 superbes pierres Gomati Chakra, soigneusement s\u00e9lectionn\u00e9es \u00e0 la main dans la rivi\u00e8re Gomati en Inde.&nbsp; Ces pierres, connues pour leurs motifs en spirale, symbolisent les cycles de la vie, le d\u00e9veloppement personnel et le flux \u00e9nerg\u00e9tique.&nbsp; Bien plus qu&rsquo;une simple d\u00e9coration, cet arbre est [&hellip;]<\/p>\n","protected":false},"featured_media":334184,"comment_status":"closed","ping_status":"open","template":"","meta":{"_angie_page":false},"product_brand":[],"product_cat":[19265,17264,25614,25226],"product_tag":[],"class_list":{"0":"post-233288","1":"product","2":"type-product","3":"status-publish","4":"has-post-thumbnail","6":"product_cat-bijoux-en-pierre-precieuse-et-accessoires","7":"product_cat-cadeaux-esoterique","8":"product_cat-gomati-chakra-sten","9":"product_cat-pierres-et-mineraux","10":"pa_collection-gomati-chakra-stone-trees-fr","11":"pa_made-in-inde","13":"first","14":"instock","15":"purchasable","16":"product-type-simple"},"supplier_id":null,"supplier_sku":"GCC-02","barcode":null,"atum_controlled":true,"out_stock_date":null,"out_stock_threshold":null,"inheritable":false,"inbound_stock":null,"stock_on_hold":0,"sold_today":0,"sales_last_days":0,"reserved_stock":null,"customer_returns":null,"warehouse_damage":null,"lost_in_post":null,"other_logs":null,"out_stock_days":0,"lost_sales":0,"has_location":null,"update_date":"2026-04-27T07:05:08","atum_locations":[],"atum_stock_status":"instock","restock_status":false,"low_stock_amount":"","sales_update_date":"2026-01-30T01:24:39","calc_backorders":null,"_links":{"self":[{"href":"https:\/\/aromasentia.com\/fr\/wp-json\/wp\/v2\/product\/233288","targetHints":{"allow":["GET"]}}],"collection":[{"href":"https:\/\/aromasentia.com\/fr\/wp-json\/wp\/v2\/product"}],"about":[{"href":"https:\/\/aromasentia.com\/fr\/wp-json\/wp\/v2\/types\/product"}],"replies":[{"embeddable":true,"href":"https:\/\/aromasentia.com\/fr\/wp-json\/wp\/v2\/comments?post=233288"}],"version-history":[{"count":0,"href":"https:\/\/aromasentia.com\/fr\/wp-json\/wp\/v2\/product\/233288\/revisions"}],"wp:featuredmedia":[{"embeddable":true,"href":"https:\/\/aromasentia.com\/fr\/wp-json\/wp\/v2\/media\/334184"}],"wp:attachment":[{"href":"https:\/\/aromasentia.com\/fr\/wp-json\/wp\/v2\/media?parent=233288"}],"wp:term":[{"taxonomy":"product_brand","embeddable":true,"href":"https:\/\/aromasentia.com\/fr\/wp-json\/wp\/v2\/product_brand?post=233288"},{"taxonomy":"product_cat","embeddable":true,"href":"https:\/\/aromasentia.com\/fr\/wp-json\/wp\/v2\/product_cat?post=233288"},{"taxonomy":"product_tag","embeddable":true,"href":"https:\/\/aromasentia.com\/fr\/wp-json\/wp\/v2\/product_tag?post=233288"}],"curies":[{"name":"wp","href":"https:\/\/api.w.org\/{rel}","templated":true}]}}