{"id":233280,"date":"2025-03-22T13:29:32","date_gmt":"2025-03-22T13:29:32","guid":{"rendered":"https:\/\/aromasentia.com\/product\/small-stones-chakra-set-rounded-shape\/"},"modified":"2025-06-23T18:55:01","modified_gmt":"2025-06-23T18:55:01","slug":"ensemble-de-pierres-chakra-petites-forme-arrondie","status":"publish","type":"product","link":"https:\/\/aromasentia.com\/fr\/ensemble-de-pierres-chakra-petites-forme-arrondie\/","title":{"rendered":"Ensemble de Pierres Chakra Petites (Forme Arrondie)"},"content":{"rendered":"<p>Nous vous pr\u00e9sentons notre gamme captivante de <strong><span style=\"color: rgb(75, 80, 88);\">sets de pochettes \u00e9sot\u00e9riques <\/span><\/strong>&#8211; une collection qui allie spiritualit\u00e9, attrait esth\u00e9tique et \u00e9nergie holistique pour ceux qui recherchent l&rsquo;\u00e9quilibre et l&rsquo;illumination.&nbsp;<\/p>\n<p>Fabriqu\u00e9s avec pr\u00e9cision et soin, ces sets de pochettes imprim\u00e9es offrent une s\u00e9lection vari\u00e9e de pierres de gu\u00e9rison et d&rsquo;outils spirituels qui r\u00e9pondent \u00e0 un large \u00e9ventail de besoins et de pr\u00e9f\u00e9rences.&nbsp;<\/p>\n<p>Exp\u00e9rimentez le pouvoir de l&rsquo;\u00e9quilibre de poche avec notre ensemble de petites <strong><span style=\"color: rgb(75, 80, 88);\">pierres de chakra<\/span><\/strong> aux formes arrondies.&nbsp;<\/p>\n<p>Ces pierres lisses et polies sont parfaites pour l&rsquo;alignement \u00e9nerg\u00e9tique et le bien-\u00eatre \u00e9motionnel en d\u00e9placement. Portez-les sur vous tout au long de la journ\u00e9e pour rester connect\u00e9 aux \u00e9nergies de gu\u00e9rison des chakras.&nbsp;<\/p>\n<p>Les objets \u00e9sot\u00e9riques et spirituels connaissent un regain de popularit\u00e9. Plus que de simples produits de niche, ils font d\u00e9sormais partie de la culture g\u00e9n\u00e9rale.&nbsp;<\/p>\n<p><strong><span style=\"color: rgb(141, 186, 216);\">En proposant nos sets de pochettes \u00e9sot\u00e9riques, vous r\u00e9pondrez \u00e0 la demande d&rsquo;un march\u00e9 en pleine expansion.<\/span><\/strong><\/p>\n","protected":false},"excerpt":{"rendered":"<p>Nous vous pr\u00e9sentons notre gamme captivante de sets de pochettes \u00e9sot\u00e9riques &#8211; une collection qui allie spiritualit\u00e9, attrait esth\u00e9tique et \u00e9nergie holistique pour ceux qui recherchent l&rsquo;\u00e9quilibre et l&rsquo;illumination.&nbsp; Fabriqu\u00e9s avec pr\u00e9cision et soin, ces sets de pochettes imprim\u00e9es offrent une s\u00e9lection vari\u00e9e de pierres de gu\u00e9rison et d&rsquo;outils spirituels qui r\u00e9pondent \u00e0 un large [&hellip;]<\/p>\n","protected":false},"featured_media":334126,"comment_status":"closed","ping_status":"open","template":"","meta":[],"product_brand":[],"product_cat":[19144,14446,19073],"product_tag":[],"class_list":{"0":"post-233280","1":"product","2":"type-product","3":"status-publish","4":"has-post-thumbnail","6":"product_cat-inspirations","7":"product_cat-maison-et-jardin","8":"product_cat-pendentifs-pendules-et-jeu-de-runes","9":"pa_collection-esoteric-pouch-sets-fr","10":"pa_made-in-inde","12":"first","13":"instock","14":"purchasable","15":"product-type-simple"},"supplier_id":null,"supplier_sku":"EPS-01","barcode":null,"atum_controlled":true,"out_stock_date":null,"out_stock_threshold":null,"inheritable":false,"inbound_stock":null,"stock_on_hold":0,"sold_today":0,"sales_last_days":0,"reserved_stock":null,"customer_returns":null,"warehouse_damage":null,"lost_in_post":null,"other_logs":null,"out_stock_days":0,"lost_sales":0,"has_location":null,"update_date":"2026-02-10T14:26:33","atum_locations":[],"atum_stock_status":"instock","restock_status":false,"low_stock_amount":"","sales_update_date":"2025-09-05T00:23:53","calc_backorders":null,"_links":{"self":[{"href":"https:\/\/aromasentia.com\/fr\/wp-json\/wp\/v2\/product\/233280","targetHints":{"allow":["GET"]}}],"collection":[{"href":"https:\/\/aromasentia.com\/fr\/wp-json\/wp\/v2\/product"}],"about":[{"href":"https:\/\/aromasentia.com\/fr\/wp-json\/wp\/v2\/types\/product"}],"replies":[{"embeddable":true,"href":"https:\/\/aromasentia.com\/fr\/wp-json\/wp\/v2\/comments?post=233280"}],"version-history":[{"count":0,"href":"https:\/\/aromasentia.com\/fr\/wp-json\/wp\/v2\/product\/233280\/revisions"}],"wp:featuredmedia":[{"embeddable":true,"href":"https:\/\/aromasentia.com\/fr\/wp-json\/wp\/v2\/media\/334126"}],"wp:attachment":[{"href":"https:\/\/aromasentia.com\/fr\/wp-json\/wp\/v2\/media?parent=233280"}],"wp:term":[{"taxonomy":"product_brand","embeddable":true,"href":"https:\/\/aromasentia.com\/fr\/wp-json\/wp\/v2\/product_brand?post=233280"},{"taxonomy":"product_cat","embeddable":true,"href":"https:\/\/aromasentia.com\/fr\/wp-json\/wp\/v2\/product_cat?post=233280"},{"taxonomy":"product_tag","embeddable":true,"href":"https:\/\/aromasentia.com\/fr\/wp-json\/wp\/v2\/product_tag?post=233280"}],"curies":[{"name":"wp","href":"https:\/\/api.w.org\/{rel}","templated":true}]}}