{"id":233272,"date":"2025-03-22T13:29:32","date_gmt":"2025-03-22T13:29:32","guid":{"rendered":"https:\/\/aromasentia.com\/product\/fengshui-quatra-set-natural-quartz\/"},"modified":"2025-06-23T18:54:59","modified_gmt":"2025-06-23T18:54:59","slug":"ensemble-de-pierres-fengshui-quatra-quartz-naturel","status":"publish","type":"product","link":"https:\/\/aromasentia.com\/fr\/ensemble-de-pierres-fengshui-quatra-quartz-naturel\/","title":{"rendered":"Ensemble de Pierres  Fengshui Quatra &#8211; Quartz naturel"},"content":{"rendered":"<p>Nous vous pr\u00e9sentons notre gamme captivante de <strong><span style=\"color: rgb(75, 80, 88);\">sets de pochettes \u00e9sot\u00e9riques<\/span><\/strong> &#8211; une collection qui allie spiritualit\u00e9, attrait esth\u00e9tique et \u00e9nergie holistique pour ceux qui recherchent l&rsquo;\u00e9quilibre et l&rsquo;illumination. Fabriqu\u00e9s avec pr\u00e9cision et soin, ces sets de pochettes imprim\u00e9es offrent une s\u00e9lection vari\u00e9e de pierres de gu\u00e9rison et d&rsquo;outils spirituels qui r\u00e9pondent \u00e0 un large \u00e9ventail de besoins et de pr\u00e9f\u00e9rences.&nbsp;<\/p>\n<p>\u00e9levez l&rsquo;\u00e9nergie de vos espaces de vie avec notre <strong><span style=\"color: rgb(75, 80, 88);\">Ensemble de Pierres Fengshui Quatra &#8211; Quartz naturel<\/span><\/strong><\/p>\n<p>Ces cristaux de quartz naturel sont r\u00e9put\u00e9s pour leur capacit\u00e9 \u00e0 canaliser l&rsquo;\u00e9nergie positive et \u00e0 cr\u00e9er l&rsquo;harmonie dans votre maison. Chaque cristal a \u00e9t\u00e9 s\u00e9lectionn\u00e9 en tenant compte des principes du Feng-shui, ce qui les rend id\u00e9aux pour ceux qui souhaitent cr\u00e9er un environnement \u00e9quilibr\u00e9 et align\u00e9 sur le plan \u00e9nerg\u00e9tique.<\/p>\n<p>Gr\u00e2ce \u00e0 leurs propri\u00e9t\u00e9s pures et claires, ces cristaux de quartz servent de phare \u00e0 la lumi\u00e8re et \u00e0 la positivit\u00e9. Les objets \u00e9sot\u00e9riques et spirituels connaissent un regain de popularit\u00e9. Plus que de simples produits de niche, ils font d\u00e9sormais partie de la culture g\u00e9n\u00e9rale.&nbsp;<\/p>\n<p><strong><span style=\"color: rgb(141, 186, 216);\">En proposant nos sets de pochettes \u00e9sot\u00e9riques, vous r\u00e9pondrez \u00e0 la demande d&rsquo;un march\u00e9 en pleine expansion.<\/span><\/strong><\/p>\n","protected":false},"excerpt":{"rendered":"<p>Nous vous pr\u00e9sentons notre gamme captivante de sets de pochettes \u00e9sot\u00e9riques &#8211; une collection qui allie spiritualit\u00e9, attrait esth\u00e9tique et \u00e9nergie holistique pour ceux qui recherchent l&rsquo;\u00e9quilibre et l&rsquo;illumination. Fabriqu\u00e9s avec pr\u00e9cision et soin, ces sets de pochettes imprim\u00e9es offrent une s\u00e9lection vari\u00e9e de pierres de gu\u00e9rison et d&rsquo;outils spirituels qui r\u00e9pondent \u00e0 un large [&hellip;]<\/p>\n","protected":false},"featured_media":334076,"comment_status":"closed","ping_status":"open","template":"","meta":[],"product_brand":[],"product_cat":[19144,14446,19073,25226,25732],"product_tag":[],"class_list":{"0":"post-233272","1":"product","2":"type-product","3":"status-publish","4":"has-post-thumbnail","6":"product_cat-inspirations","7":"product_cat-maison-et-jardin","8":"product_cat-pendentifs-pendules-et-jeu-de-runes","9":"product_cat-pierres-et-mineraux","10":"product_cat-quartz","11":"pa_collection-esoteric-pouch-sets-fr","12":"pa_made-in-inde","14":"first","15":"instock","16":"purchasable","17":"product-type-simple"},"supplier_id":null,"supplier_sku":"EPS-03","barcode":null,"atum_controlled":true,"out_stock_date":null,"out_stock_threshold":null,"inheritable":false,"inbound_stock":null,"stock_on_hold":0,"sold_today":0,"sales_last_days":0,"reserved_stock":null,"customer_returns":null,"warehouse_damage":null,"lost_in_post":null,"other_logs":null,"out_stock_days":0,"lost_sales":0,"has_location":null,"update_date":"2026-01-30T01:24:40","atum_locations":[],"atum_stock_status":"instock","restock_status":false,"low_stock_amount":"","sales_update_date":"2026-01-30T01:24:40","calc_backorders":null,"_links":{"self":[{"href":"https:\/\/aromasentia.com\/fr\/wp-json\/wp\/v2\/product\/233272","targetHints":{"allow":["GET"]}}],"collection":[{"href":"https:\/\/aromasentia.com\/fr\/wp-json\/wp\/v2\/product"}],"about":[{"href":"https:\/\/aromasentia.com\/fr\/wp-json\/wp\/v2\/types\/product"}],"replies":[{"embeddable":true,"href":"https:\/\/aromasentia.com\/fr\/wp-json\/wp\/v2\/comments?post=233272"}],"version-history":[{"count":0,"href":"https:\/\/aromasentia.com\/fr\/wp-json\/wp\/v2\/product\/233272\/revisions"}],"wp:featuredmedia":[{"embeddable":true,"href":"https:\/\/aromasentia.com\/fr\/wp-json\/wp\/v2\/media\/334076"}],"wp:attachment":[{"href":"https:\/\/aromasentia.com\/fr\/wp-json\/wp\/v2\/media?parent=233272"}],"wp:term":[{"taxonomy":"product_brand","embeddable":true,"href":"https:\/\/aromasentia.com\/fr\/wp-json\/wp\/v2\/product_brand?post=233272"},{"taxonomy":"product_cat","embeddable":true,"href":"https:\/\/aromasentia.com\/fr\/wp-json\/wp\/v2\/product_cat?post=233272"},{"taxonomy":"product_tag","embeddable":true,"href":"https:\/\/aromasentia.com\/fr\/wp-json\/wp\/v2\/product_tag?post=233272"}],"curies":[{"name":"wp","href":"https:\/\/api.w.org\/{rel}","templated":true}]}}