{"id":233264,"date":"2025-03-22T13:29:32","date_gmt":"2025-03-22T13:29:32","guid":{"rendered":"https:\/\/aromasentia.com\/product\/geometric-seven-piece-crystal-set\/"},"modified":"2025-06-23T18:54:59","modified_gmt":"2025-06-23T18:54:59","slug":"ensemble-geometrique-en-cristal-7-pieces","status":"publish","type":"product","link":"https:\/\/aromasentia.com\/fr\/ensemble-geometrique-en-cristal-7-pieces\/","title":{"rendered":"Ensemble G\u00e9om\u00e9trique en Cristal (7 pi\u00e8ces)"},"content":{"rendered":"<p>Nous vous pr\u00e9sentons notre gamme captivante de <strong><span style=\"color: rgb(75, 80, 88);\">sets de pochettes \u00e9sot\u00e9riques<\/span><\/strong> &#8211; une collection qui allie spiritualit\u00e9, attrait esth\u00e9tique et \u00e9nergie holistique pour ceux qui recherchent l&rsquo;\u00e9quilibre et l&rsquo;illumination.&nbsp;<\/p>\n<p>Fabriqu\u00e9s avec pr\u00e9cision et soin, ces sets de pochettes imprim\u00e9es offrent une s\u00e9lection vari\u00e9e de pierres de gu\u00e9rison et d&rsquo;outils spirituels qui r\u00e9pondent \u00e0 un large \u00e9ventail de besoins et de pr\u00e9f\u00e9rences.&nbsp;<\/p>\n<p>D\u00e9couvrez la magie de notre <strong><span style=\"color: rgb(75, 80, 88);\">set de sept cristaux g\u00e9om\u00e9triques<\/span><\/strong>, un voyage au c\u0153ur de la croissance spirituelle et de la transformation personnelle.&nbsp;<\/p>\n<p>Chaque cristal de cet ensemble a \u00e9t\u00e9 taill\u00e9 en forme g\u00e9om\u00e9trique, ce qui renforce leur attrait visuel et leurs propri\u00e9t\u00e9s m\u00e9taphysiques.&nbsp;<\/p>\n<p>Que vous soyez un utilisateur exp\u00e9riment\u00e9 de cristaux ou un explorateur novice, ce coffret est la cl\u00e9 qui vous permettra d&rsquo;acc\u00e9der \u00e0 votre moi sup\u00e9rieur. Les objets \u00e9sot\u00e9riques et spirituels connaissent un regain de popularit\u00e9. Plus que de simples produits de niche, ils font d\u00e9sormais partie de la culture g\u00e9n\u00e9rale.&nbsp;<\/p>\n<p><strong><span style=\"color: rgb(141, 186, 216);\">En proposant nos sets de pochettes \u00e9sot\u00e9riques, vous r\u00e9pondrez \u00e0 la demande d&rsquo;un march\u00e9 en pleine expansion.<\/span><\/strong><\/p>\n","protected":false},"excerpt":{"rendered":"<p>Nous vous pr\u00e9sentons notre gamme captivante de sets de pochettes \u00e9sot\u00e9riques &#8211; une collection qui allie spiritualit\u00e9, attrait esth\u00e9tique et \u00e9nergie holistique pour ceux qui recherchent l&rsquo;\u00e9quilibre et l&rsquo;illumination.&nbsp; Fabriqu\u00e9s avec pr\u00e9cision et soin, ces sets de pochettes imprim\u00e9es offrent une s\u00e9lection vari\u00e9e de pierres de gu\u00e9rison et d&rsquo;outils spirituels qui r\u00e9pondent \u00e0 un large [&hellip;]<\/p>\n","protected":false},"featured_media":334018,"comment_status":"closed","ping_status":"open","template":"","meta":[],"product_brand":[],"product_cat":[19144,14446,19073],"product_tag":[],"class_list":{"0":"post-233264","1":"product","2":"type-product","3":"status-publish","4":"has-post-thumbnail","6":"product_cat-inspirations","7":"product_cat-maison-et-jardin","8":"product_cat-pendentifs-pendules-et-jeu-de-runes","9":"pa_collection-esoteric-pouch-sets-fr","10":"pa_made-in-inde","12":"first","13":"instock","14":"purchasable","15":"product-type-simple"},"supplier_id":null,"supplier_sku":"EPS-05","barcode":null,"atum_controlled":true,"out_stock_date":null,"out_stock_threshold":null,"inheritable":false,"inbound_stock":null,"stock_on_hold":0,"sold_today":0,"sales_last_days":0,"reserved_stock":null,"customer_returns":null,"warehouse_damage":null,"lost_in_post":null,"other_logs":null,"out_stock_days":0,"lost_sales":0,"has_location":null,"update_date":"2026-01-30T01:26:12","atum_locations":[],"atum_stock_status":"instock","restock_status":false,"low_stock_amount":"","sales_update_date":"2026-01-30T01:26:12","calc_backorders":null,"_links":{"self":[{"href":"https:\/\/aromasentia.com\/fr\/wp-json\/wp\/v2\/product\/233264","targetHints":{"allow":["GET"]}}],"collection":[{"href":"https:\/\/aromasentia.com\/fr\/wp-json\/wp\/v2\/product"}],"about":[{"href":"https:\/\/aromasentia.com\/fr\/wp-json\/wp\/v2\/types\/product"}],"replies":[{"embeddable":true,"href":"https:\/\/aromasentia.com\/fr\/wp-json\/wp\/v2\/comments?post=233264"}],"version-history":[{"count":0,"href":"https:\/\/aromasentia.com\/fr\/wp-json\/wp\/v2\/product\/233264\/revisions"}],"wp:featuredmedia":[{"embeddable":true,"href":"https:\/\/aromasentia.com\/fr\/wp-json\/wp\/v2\/media\/334018"}],"wp:attachment":[{"href":"https:\/\/aromasentia.com\/fr\/wp-json\/wp\/v2\/media?parent=233264"}],"wp:term":[{"taxonomy":"product_brand","embeddable":true,"href":"https:\/\/aromasentia.com\/fr\/wp-json\/wp\/v2\/product_brand?post=233264"},{"taxonomy":"product_cat","embeddable":true,"href":"https:\/\/aromasentia.com\/fr\/wp-json\/wp\/v2\/product_cat?post=233264"},{"taxonomy":"product_tag","embeddable":true,"href":"https:\/\/aromasentia.com\/fr\/wp-json\/wp\/v2\/product_tag?post=233264"}],"curies":[{"name":"wp","href":"https:\/\/api.w.org\/{rel}","templated":true}]}}