{"id":233260,"date":"2025-03-22T13:29:32","date_gmt":"2025-03-22T13:29:32","guid":{"rendered":"https:\/\/aromasentia.com\/product\/geometric-seven-piece-black-agate-set\/"},"modified":"2025-06-23T18:54:58","modified_gmt":"2025-06-23T18:54:58","slug":"ensemble-geometrique-dagate-noire-7-pieces","status":"publish","type":"product","link":"https:\/\/aromasentia.com\/fr\/ensemble-geometrique-dagate-noire-7-pieces\/","title":{"rendered":"Ensemble G\u00e9om\u00e9trique d&rsquo;Agate Noire (7 pi\u00e8ces)"},"content":{"rendered":"<p>Nous vous pr\u00e9sentons notre gamme captivante de <strong><span style=\"color: rgb(75, 80, 88);\">sets de pochettes \u00e9sot\u00e9riques&nbsp;<\/span><\/strong>&#8211; une collection qui allie spiritualit\u00e9, attrait esth\u00e9tique et \u00e9nergie holistique pour ceux qui recherchent l&rsquo;\u00e9quilibre et l&rsquo;illumination.&nbsp;<\/p>\n<p>Fabriqu\u00e9s avec pr\u00e9cision et soin, ces sets de pochettes imprim\u00e9es offrent une s\u00e9lection vari\u00e9e de pierres de gu\u00e9rison et d&rsquo;outils spirituels qui r\u00e9pondent \u00e0 un large \u00e9ventail de besoins et de pr\u00e9f\u00e9rences.&nbsp;<\/p>\n<p>Immergez-vous dans les \u00e9nergies protectrices et de mise \u00e0 la terre de notre<strong><span style=\"color: rgb(75, 80, 88);\">&nbsp;set g\u00e9om\u00e9trique de sept pi\u00e8ces en agate noire. <\/span><\/strong><\/p>\n<p>Ces pierres g\u00e9om\u00e9triques en agate noire sont la cl\u00e9 de la stabilit\u00e9 et de la force int\u00e9rieure. Chaque pi\u00e8ce r\u00e9sonne avec la sagesse ancienne, offrant un sentiment de s\u00e9curit\u00e9 dans les p\u00e9riodes turbulentes.&nbsp;<\/p>\n<p>L&rsquo;agate noire est r\u00e9put\u00e9e pour sa capacit\u00e9 \u00e0 absorber et \u00e0 transmuter les \u00e9nergies n\u00e9gatives, ce qui en fait un compagnon puissant pour le d\u00e9veloppement personnel. Les objets \u00e9sot\u00e9riques et spirituels connaissent un regain de popularit\u00e9. Plus que de simples produits de niche, ils font d\u00e9sormais partie de la culture g\u00e9n\u00e9rale.&nbsp;<\/p>\n<p><strong><span style=\"color: rgb(141, 186, 216);\">En proposant nos sets de pochettes \u00e9sot\u00e9riques, vous r\u00e9pondrez \u00e0 la demande d&rsquo;un march\u00e9 en pleine expansion.<\/span><\/strong><\/p>\n","protected":false},"excerpt":{"rendered":"<p>Nous vous pr\u00e9sentons notre gamme captivante de sets de pochettes \u00e9sot\u00e9riques&nbsp;&#8211; une collection qui allie spiritualit\u00e9, attrait esth\u00e9tique et \u00e9nergie holistique pour ceux qui recherchent l&rsquo;\u00e9quilibre et l&rsquo;illumination.&nbsp; Fabriqu\u00e9s avec pr\u00e9cision et soin, ces sets de pochettes imprim\u00e9es offrent une s\u00e9lection vari\u00e9e de pierres de gu\u00e9rison et d&rsquo;outils spirituels qui r\u00e9pondent \u00e0 un large \u00e9ventail [&hellip;]<\/p>\n","protected":false},"featured_media":334009,"comment_status":"closed","ping_status":"open","template":"","meta":{"_angie_page":false},"product_brand":[],"product_cat":[25536,19144,14446,19073,25226],"product_tag":[],"class_list":{"0":"post-233260","1":"product","2":"type-product","3":"status-publish","4":"has-post-thumbnail","6":"product_cat-agate","7":"product_cat-inspirations","8":"product_cat-maison-et-jardin","9":"product_cat-pendentifs-pendules-et-jeu-de-runes","10":"product_cat-pierres-et-mineraux","11":"pa_collection-esoteric-pouch-sets-fr","12":"pa_made-in-inde","14":"first","15":"instock","16":"purchasable","17":"product-type-simple"},"supplier_id":null,"supplier_sku":"EPS-06","barcode":null,"atum_controlled":true,"out_stock_date":null,"out_stock_threshold":null,"inheritable":false,"inbound_stock":null,"stock_on_hold":0,"sold_today":0,"sales_last_days":0,"reserved_stock":null,"customer_returns":null,"warehouse_damage":null,"lost_in_post":null,"other_logs":null,"out_stock_days":0,"lost_sales":0,"has_location":null,"update_date":"2026-04-27T07:02:07","atum_locations":[],"atum_stock_status":"instock","restock_status":false,"low_stock_amount":"","sales_update_date":"2026-01-30T01:25:54","calc_backorders":null,"_links":{"self":[{"href":"https:\/\/aromasentia.com\/fr\/wp-json\/wp\/v2\/product\/233260","targetHints":{"allow":["GET"]}}],"collection":[{"href":"https:\/\/aromasentia.com\/fr\/wp-json\/wp\/v2\/product"}],"about":[{"href":"https:\/\/aromasentia.com\/fr\/wp-json\/wp\/v2\/types\/product"}],"replies":[{"embeddable":true,"href":"https:\/\/aromasentia.com\/fr\/wp-json\/wp\/v2\/comments?post=233260"}],"version-history":[{"count":0,"href":"https:\/\/aromasentia.com\/fr\/wp-json\/wp\/v2\/product\/233260\/revisions"}],"wp:featuredmedia":[{"embeddable":true,"href":"https:\/\/aromasentia.com\/fr\/wp-json\/wp\/v2\/media\/334009"}],"wp:attachment":[{"href":"https:\/\/aromasentia.com\/fr\/wp-json\/wp\/v2\/media?parent=233260"}],"wp:term":[{"taxonomy":"product_brand","embeddable":true,"href":"https:\/\/aromasentia.com\/fr\/wp-json\/wp\/v2\/product_brand?post=233260"},{"taxonomy":"product_cat","embeddable":true,"href":"https:\/\/aromasentia.com\/fr\/wp-json\/wp\/v2\/product_cat?post=233260"},{"taxonomy":"product_tag","embeddable":true,"href":"https:\/\/aromasentia.com\/fr\/wp-json\/wp\/v2\/product_tag?post=233260"}],"curies":[{"name":"wp","href":"https:\/\/api.w.org\/{rel}","templated":true}]}}