{"id":233248,"date":"2025-03-22T13:29:32","date_gmt":"2025-03-22T13:29:32","guid":{"rendered":"https:\/\/aromasentia.com\/product\/black-obsidian-points-approx-60-70-gm-9cm-mystic-story-sky-blue\/"},"modified":"2025-06-23T18:54:56","modified_gmt":"2025-06-23T18:54:56","slug":"pointe-dobsidienne-noire-environ-60-70-g-9-cm-histoire-mystique-bleu-ciel","status":"publish","type":"product","link":"https:\/\/aromasentia.com\/fr\/pointe-dobsidienne-noire-environ-60-70-g-9-cm-histoire-mystique-bleu-ciel\/","title":{"rendered":"Pointe d&rsquo;Obsidienne Noire (environ 60-70 g 9 cm) &#8211; Histoire Mystique &#8211; Bleu Ciel"},"content":{"rendered":"<p><strong>Notre ob\u00e9lisque en obsidienne \u00e9toil\u00e9e bleu ciel est un symbole de s\u00e9r\u00e9nit\u00e9 et de protection.&nbsp;<\/strong><\/p>\n<p>Avec ses d\u00e9licats motifs \u00e9toil\u00e9s, cet ob\u00e9lisque est id\u00e9al pour guider l&rsquo;\u00e9nergie lors de s\u00e9ances de gu\u00e9rison ou pour servir de pr\u00e9sence apaisante pendant la m\u00e9ditation. Sa douce teinte bleue ajoute une touche de paix \u00e0 tout environnement, invitant \u00e0 des vibrations positives et \u00e0 la clart\u00e9 spirituelle.&nbsp;<\/p>\n<p><strong>Le pouvoir \u00e0 l&rsquo;int\u00e9rieur :<\/strong> L&rsquo;obsidienne noire est connue pour sa capacit\u00e9 \u00e0 prot\u00e9ger et \u00e0 relier \u00e0 la terre, en aidant \u00e0 \u00e9loigner la n\u00e9gativit\u00e9 et \u00e0 absorber les \u00e9nergies nocives. Les symboles mystiques grav\u00e9s dans chaque pi\u00e8ce sont cens\u00e9s amplifier ces effets, faisant de ces pointes des outils puissants pour la m\u00e9ditation, les pratiques spirituelles ou la gu\u00e9rison par les cristaux. &nbsp;&nbsp;<\/p>\n<p><strong>Comment les utiliser : <\/strong><\/p>\n<p><strong>M\u00e9ditation : <\/strong>Tenez-en une pendant la m\u00e9ditation pour approfondir votre concentration et votre connexion spirituelle.&nbsp;<\/p>\n<p><strong>Gu\u00e9rison : <\/strong>Utilisez la pointe pour diriger l&rsquo;\u00e9nergie lors de s\u00e9ances de gu\u00e9rison.&nbsp;<\/p>\n<p><strong>D\u00e9coration :<\/strong> Affichez-les dans votre maison ou votre espace de travail pour inviter des ondes positives et une touche de myst\u00e8re cosmique.<\/p>\n<p><strong><span style=\"color: rgb(141, 186, 216);\">Commandez maintenant et proposez \u00e0 vos clients un monde de s\u00e9r\u00e9nit\u00e9 et protection !<\/span><\/strong><\/p>\n","protected":false},"excerpt":{"rendered":"<p>Notre ob\u00e9lisque en obsidienne \u00e9toil\u00e9e bleu ciel est un symbole de s\u00e9r\u00e9nit\u00e9 et de protection.&nbsp; Avec ses d\u00e9licats motifs \u00e9toil\u00e9s, cet ob\u00e9lisque est id\u00e9al pour guider l&rsquo;\u00e9nergie lors de s\u00e9ances de gu\u00e9rison ou pour servir de pr\u00e9sence apaisante pendant la m\u00e9ditation. Sa douce teinte bleue ajoute une touche de paix \u00e0 tout environnement, invitant \u00e0 [&hellip;]<\/p>\n","protected":false},"featured_media":333814,"comment_status":"closed","ping_status":"open","template":"","meta":{"_angie_page":false},"product_brand":[],"product_cat":[17264,25692,25226,18938],"product_tag":[],"class_list":{"0":"post-233248","1":"product","2":"type-product","3":"status-publish","4":"has-post-thumbnail","6":"product_cat-cadeaux-esoterique","7":"product_cat-obsidienne","8":"product_cat-pierres-et-mineraux","9":"product_cat-pierres-roulees","10":"pa_collection-black-obsidian-points-fr","11":"pa_made-in-chine","13":"first","14":"instock","15":"purchasable","16":"product-type-simple"},"supplier_id":null,"supplier_sku":"CryPt-03","barcode":null,"atum_controlled":true,"out_stock_date":null,"out_stock_threshold":null,"inheritable":false,"inbound_stock":null,"stock_on_hold":0,"sold_today":0,"sales_last_days":0,"reserved_stock":null,"customer_returns":null,"warehouse_damage":null,"lost_in_post":null,"other_logs":null,"out_stock_days":0,"lost_sales":0,"has_location":null,"update_date":"2026-05-04T00:02:51","atum_locations":[],"atum_stock_status":"instock","restock_status":false,"low_stock_amount":"","sales_update_date":"2026-01-20T05:13:30","calc_backorders":null,"_links":{"self":[{"href":"https:\/\/aromasentia.com\/fr\/wp-json\/wp\/v2\/product\/233248","targetHints":{"allow":["GET"]}}],"collection":[{"href":"https:\/\/aromasentia.com\/fr\/wp-json\/wp\/v2\/product"}],"about":[{"href":"https:\/\/aromasentia.com\/fr\/wp-json\/wp\/v2\/types\/product"}],"replies":[{"embeddable":true,"href":"https:\/\/aromasentia.com\/fr\/wp-json\/wp\/v2\/comments?post=233248"}],"version-history":[{"count":0,"href":"https:\/\/aromasentia.com\/fr\/wp-json\/wp\/v2\/product\/233248\/revisions"}],"wp:featuredmedia":[{"embeddable":true,"href":"https:\/\/aromasentia.com\/fr\/wp-json\/wp\/v2\/media\/333814"}],"wp:attachment":[{"href":"https:\/\/aromasentia.com\/fr\/wp-json\/wp\/v2\/media?parent=233248"}],"wp:term":[{"taxonomy":"product_brand","embeddable":true,"href":"https:\/\/aromasentia.com\/fr\/wp-json\/wp\/v2\/product_brand?post=233248"},{"taxonomy":"product_cat","embeddable":true,"href":"https:\/\/aromasentia.com\/fr\/wp-json\/wp\/v2\/product_cat?post=233248"},{"taxonomy":"product_tag","embeddable":true,"href":"https:\/\/aromasentia.com\/fr\/wp-json\/wp\/v2\/product_tag?post=233248"}],"curies":[{"name":"wp","href":"https:\/\/api.w.org\/{rel}","templated":true}]}}