{"id":233224,"date":"2025-03-22T13:29:41","date_gmt":"2025-03-22T13:29:41","guid":{"rendered":"https:\/\/aromasentia.com\/product\/magic-pendulum-tree-agate\/"},"modified":"2025-06-23T18:54:54","modified_gmt":"2025-06-23T18:54:54","slug":"pendule-magique-agate-darbre","status":"publish","type":"product","link":"https:\/\/aromasentia.com\/fr\/pendule-magique-agate-darbre\/","title":{"rendered":"Pendule magique &#8211; Agate d&rsquo;arbre"},"content":{"rendered":"<p><strong><span style=\"color: rgb(75, 80, 88);\">Vente en gros Pendules Magiques De Pierres Pr\u00e9cieuses&nbsp;<\/span><\/strong><\/p>\n<p>On pense que la radiesth\u00e9sie remonte \u00e0 plus de six mille ans. Les \u00e9gyptiens et les anciens Chinois \u00e9taient les premiers pratiquants. La radiesth\u00e9sie en cristal peut \u00eatre pratiqu\u00e9e de plusieurs fa&ccedil;ons et elle est revendiqu\u00e9e \u00e0 toutes sortes de fins, telles que la recherche d&rsquo;eau, de min\u00e9raux, de personnes disparues et m\u00eame d&rsquo;objets perdus. Il est \u00e9galement utilis\u00e9 dans la gu\u00e9rison, le reiki et la divination.&nbsp;<\/p>\n<p>Ces pendules en cristal sont uniques, diff\u00e9rentes tailles, diff\u00e9rentes pierres&#8230; diff\u00e9rentes <strong><span style=\"color: rgb(75, 80, 88);\">\u00e9nergies<\/span><\/strong>. \u00e9quip\u00e9s d&rsquo;une cha\u00eene en argent et d&rsquo;une perle de pierre pr\u00e9cieuse \u00e0 l&rsquo;extr\u00e9mit\u00e9 sup\u00e9rieure, ils ont vraiment quelque chose de magique \u00e0 leur sujet. Pendules de pierres pr\u00e9cieuses de haute qualit\u00e9 dans une vari\u00e9t\u00e9 de pierres.&nbsp;<\/p>\n<p>Chacun est attach\u00e9 \u00e0 une cha\u00eene d&rsquo;environ 170 mm de long, la cha\u00eene a une perle de pierre pr\u00e9cieuse \u00e0 la fin. Id\u00e9al pour la radiesth\u00e9sie et la divination Chaque ext\u00e9rieur est compos\u00e9 de pendentifs de formes diff\u00e9rentes.&nbsp;<\/p>\n<p><strong><span style=\"color: rgb(141, 186, 216);\">Voir aussi notre gamme de pendules magiques sp\u00e9ciaux.<\/span><\/strong><\/p>\n","protected":false},"excerpt":{"rendered":"<p>Vente en gros Pendules Magiques De Pierres Pr\u00e9cieuses&nbsp; On pense que la radiesth\u00e9sie remonte \u00e0 plus de six mille ans. Les \u00e9gyptiens et les anciens Chinois \u00e9taient les premiers pratiquants. La radiesth\u00e9sie en cristal peut \u00eatre pratiqu\u00e9e de plusieurs fa&ccedil;ons et elle est revendiqu\u00e9e \u00e0 toutes sortes de fins, telles que la recherche d&rsquo;eau, de [&hellip;]<\/p>\n","protected":false},"featured_media":336212,"comment_status":"closed","ping_status":"open","template":"","meta":[],"product_brand":[],"product_cat":[25536,19144,14446,19073,25226],"product_tag":[],"class_list":{"0":"post-233224","1":"product","2":"type-product","3":"status-publish","4":"has-post-thumbnail","6":"product_cat-agate","7":"product_cat-inspirations","8":"product_cat-maison-et-jardin","9":"product_cat-pendentifs-pendules-et-jeu-de-runes","10":"product_cat-pierres-et-mineraux","11":"pa_collection-gemstone-magic-pendulums-fr","12":"pa_made-in-inde","14":"first","15":"instock","16":"purchasable","17":"product-type-simple"},"supplier_id":null,"supplier_sku":"GemMP-07","barcode":null,"atum_controlled":true,"out_stock_date":null,"out_stock_threshold":null,"inheritable":false,"inbound_stock":null,"stock_on_hold":0,"sold_today":0,"sales_last_days":0,"reserved_stock":null,"customer_returns":null,"warehouse_damage":null,"lost_in_post":null,"other_logs":null,"out_stock_days":0,"lost_sales":0,"has_location":null,"update_date":"2026-02-12T05:50:44","atum_locations":[],"atum_stock_status":"instock","restock_status":false,"low_stock_amount":"","sales_update_date":"2025-09-05T00:24:11","calc_backorders":null,"_links":{"self":[{"href":"https:\/\/aromasentia.com\/fr\/wp-json\/wp\/v2\/product\/233224","targetHints":{"allow":["GET"]}}],"collection":[{"href":"https:\/\/aromasentia.com\/fr\/wp-json\/wp\/v2\/product"}],"about":[{"href":"https:\/\/aromasentia.com\/fr\/wp-json\/wp\/v2\/types\/product"}],"replies":[{"embeddable":true,"href":"https:\/\/aromasentia.com\/fr\/wp-json\/wp\/v2\/comments?post=233224"}],"version-history":[{"count":0,"href":"https:\/\/aromasentia.com\/fr\/wp-json\/wp\/v2\/product\/233224\/revisions"}],"wp:featuredmedia":[{"embeddable":true,"href":"https:\/\/aromasentia.com\/fr\/wp-json\/wp\/v2\/media\/336212"}],"wp:attachment":[{"href":"https:\/\/aromasentia.com\/fr\/wp-json\/wp\/v2\/media?parent=233224"}],"wp:term":[{"taxonomy":"product_brand","embeddable":true,"href":"https:\/\/aromasentia.com\/fr\/wp-json\/wp\/v2\/product_brand?post=233224"},{"taxonomy":"product_cat","embeddable":true,"href":"https:\/\/aromasentia.com\/fr\/wp-json\/wp\/v2\/product_cat?post=233224"},{"taxonomy":"product_tag","embeddable":true,"href":"https:\/\/aromasentia.com\/fr\/wp-json\/wp\/v2\/product_tag?post=233224"}],"curies":[{"name":"wp","href":"https:\/\/api.w.org\/{rel}","templated":true}]}}