{"id":233192,"date":"2025-03-22T13:29:41","date_gmt":"2025-03-22T13:29:41","guid":{"rendered":"https:\/\/aromasentia.com\/product\/magic-pendulum-bloodstone\/"},"modified":"2025-06-23T18:54:48","modified_gmt":"2025-06-23T18:54:48","slug":"gempierre-magic-pendule-magic-pendulum-jaspe-sanguin","status":"publish","type":"product","link":"https:\/\/aromasentia.com\/fr\/gempierre-magic-pendule-magic-pendulum-jaspe-sanguin\/","title":{"rendered":"GemPierre Magic Pendule Magic Pendulum &#8211; Jaspe sanguin"},"content":{"rendered":"<p>Grossiste Pendentifs Collection GemPierre Magic<\/p>\n<p>Il est dit que la radiesth\u00e9sie remontent \u00e0 plus de six mille ans. Les \u00e9gyptiens et les Chinois en \u00e9taient les premiers pratiquants.<br \/>La radiesth\u00e9sie peut \u00eatre r\u00e9alis\u00e9e de plusieurs fa&ccedil;ons et elle est revendiqu\u00e9e pour toutes sortes de fins, comme trouver de l&rsquo;eau, des min\u00e9raux, des objets perdus et m\u00eame personnes disparues . Il est \u00e9galement utilis\u00e9 dans la gu\u00e9rison, le Reiki et la divination.<br \/>Ces pendules de cristal sont uniques, aux coupes, pierres et \u00e9nergies diff\u00e9rentes.<\/p>\n<p><strong><span style=\"color: rgb(226, 80, 65);\">-Assortiment de 3 mod\u00e8les diff\u00e9rents.<br \/><\/span><\/strong><br \/>\u00e9quip\u00e9 d&rsquo;une cha\u00eene en argent et d&rsquo;une perle de pierres pr\u00e9cieuses \u00e0 l&rsquo;extr\u00e9mit\u00e9 sup\u00e9rieure, ils ont vraiment quelque chose de tr\u00e8s magique.&nbsp;<\/p>\n<p>Pendules de pierres pr\u00e9cieuses de haute qualit\u00e9 dans une vari\u00e9t\u00e9 de pierres. Chacun est attach\u00e9 \u00e0 une cha\u00eene d&rsquo;environ 170 mm de long, avec perle gemme.<br \/><strong><span style=\"color: rgb(44, 130, 201);\">&#8211; Id\u00e9al pour la radiesth\u00e9sie et la divination<br \/><\/span><\/strong><br \/><strong><span style=\"color: rgb(226, 80, 65);\">&#8211; Pendentifs de diff\u00e9rentes formes et couleurs.<br \/><\/span><\/strong><br \/>Voir aussi notre gamme de <a href=\"https:\/\/aromasentia.com\/specmp\">Pendules<\/a><\/p>\n","protected":false},"excerpt":{"rendered":"<p>Grossiste Pendentifs Collection GemPierre Magic Il est dit que la radiesth\u00e9sie remontent \u00e0 plus de six mille ans. Les \u00e9gyptiens et les Chinois en \u00e9taient les premiers pratiquants.La radiesth\u00e9sie peut \u00eatre r\u00e9alis\u00e9e de plusieurs fa&ccedil;ons et elle est revendiqu\u00e9e pour toutes sortes de fins, comme trouver de l&rsquo;eau, des min\u00e9raux, des objets perdus et m\u00eame [&hellip;]<\/p>\n","protected":false},"featured_media":336124,"comment_status":"closed","ping_status":"open","template":"","meta":[],"product_brand":[],"product_cat":[19144,14446,19073,25565,25226],"product_tag":[],"class_list":{"0":"post-233192","1":"product","2":"type-product","3":"status-publish","4":"has-post-thumbnail","6":"product_cat-inspirations","7":"product_cat-maison-et-jardin","8":"product_cat-pendentifs-pendules-et-jeu-de-runes","9":"product_cat-pierre-de-sang","10":"product_cat-pierres-et-mineraux","11":"pa_collection-gemstone-magic-pendulums-fr","12":"pa_made-in-inde","14":"first","15":"instock","16":"purchasable","17":"product-type-simple"},"supplier_id":null,"supplier_sku":"GemMP-01","barcode":null,"atum_controlled":true,"out_stock_date":null,"out_stock_threshold":null,"inheritable":false,"inbound_stock":null,"stock_on_hold":0,"sold_today":0,"sales_last_days":0,"reserved_stock":null,"customer_returns":null,"warehouse_damage":null,"lost_in_post":null,"other_logs":null,"out_stock_days":0,"lost_sales":0,"has_location":null,"update_date":"2026-01-30T01:25:59","atum_locations":[],"atum_stock_status":"instock","restock_status":false,"low_stock_amount":"","sales_update_date":"2026-01-30T01:25:59","calc_backorders":null,"_links":{"self":[{"href":"https:\/\/aromasentia.com\/fr\/wp-json\/wp\/v2\/product\/233192","targetHints":{"allow":["GET"]}}],"collection":[{"href":"https:\/\/aromasentia.com\/fr\/wp-json\/wp\/v2\/product"}],"about":[{"href":"https:\/\/aromasentia.com\/fr\/wp-json\/wp\/v2\/types\/product"}],"replies":[{"embeddable":true,"href":"https:\/\/aromasentia.com\/fr\/wp-json\/wp\/v2\/comments?post=233192"}],"version-history":[{"count":0,"href":"https:\/\/aromasentia.com\/fr\/wp-json\/wp\/v2\/product\/233192\/revisions"}],"wp:featuredmedia":[{"embeddable":true,"href":"https:\/\/aromasentia.com\/fr\/wp-json\/wp\/v2\/media\/336124"}],"wp:attachment":[{"href":"https:\/\/aromasentia.com\/fr\/wp-json\/wp\/v2\/media?parent=233192"}],"wp:term":[{"taxonomy":"product_brand","embeddable":true,"href":"https:\/\/aromasentia.com\/fr\/wp-json\/wp\/v2\/product_brand?post=233192"},{"taxonomy":"product_cat","embeddable":true,"href":"https:\/\/aromasentia.com\/fr\/wp-json\/wp\/v2\/product_cat?post=233192"},{"taxonomy":"product_tag","embeddable":true,"href":"https:\/\/aromasentia.com\/fr\/wp-json\/wp\/v2\/product_tag?post=233192"}],"curies":[{"name":"wp","href":"https:\/\/api.w.org\/{rel}","templated":true}]}}