{"id":233156,"date":"2025-03-22T13:29:41","date_gmt":"2025-03-22T13:29:41","guid":{"rendered":"https:\/\/aromasentia.com\/product\/gemstone-mini-roller-rock-quartz\/"},"modified":"2025-06-23T18:54:44","modified_gmt":"2025-06-23T18:54:44","slug":"mini-rouleau-de-pierres-precieuses-quartz-de-roche","status":"publish","type":"product","link":"https:\/\/aromasentia.com\/fr\/mini-rouleau-de-pierres-precieuses-quartz-de-roche\/","title":{"rendered":"Mini rouleau de pierres pr\u00e9cieuses &#8211; Quartz de roche"},"content":{"rendered":"<p><strong><span style=\"color: rgb(75, 80, 88);\">Mini Rouleau de Pierres Pr\u00e9cieuses &#8211; Rose Quartz<\/span><\/strong> est le compl\u00e9ment parfait aux soins de la peau de votre client. Cela peut \u00eatre un outil incroyable pour soulager les tensions, augmenter la circulation et minimiser les poches.&nbsp;<\/p>\n<p>Si vous souhaitez ajouter plus de valeur \u00e0 ce produit, vous pouvez les associer \u00e0 des masques \u00e0 l&rsquo;argile ou \u00e0 des \u00e9ponges Konjac. Gemstone Mini Roller est livr\u00e9 avec une pochette en coton. C&rsquo;est un article cadeau indispensable.&nbsp;<\/p>\n<p><strong><span style=\"color: rgb(75, 80, 88);\">Poids :<\/span><\/strong> 30-34 grammes&nbsp;<\/p>\n<p><strong><span style=\"color: rgb(75, 80, 88);\">Taille :<\/span><\/strong> Longueur 9 cm, Largeur 4 cm, Hauteur 1,5 cm&nbsp;<\/p>\n<p><strong><span style=\"color: rgb(141, 186, 216);\">Si vous vendez des pierres pr\u00e9cieuses, vous devez absolument les stocker.<\/span><\/strong><\/p>\n","protected":false},"excerpt":{"rendered":"<p>Mini Rouleau de Pierres Pr\u00e9cieuses &#8211; Rose Quartz est le compl\u00e9ment parfait aux soins de la peau de votre client. Cela peut \u00eatre un outil incroyable pour soulager les tensions, augmenter la circulation et minimiser les poches.&nbsp; Si vous souhaitez ajouter plus de valeur \u00e0 ce produit, vous pouvez les associer \u00e0 des masques \u00e0 [&hellip;]<\/p>\n","protected":false},"featured_media":336043,"comment_status":"closed","ping_status":"open","template":"","meta":{"_angie_page":false},"product_brand":[27075],"product_cat":[19444,19443,19265,17264,25226,25732],"product_tag":[],"class_list":{"0":"post-233156","1":"product","2":"type-product","3":"status-publish","4":"has-post-thumbnail","6":"product_brand-aw-cosmetics","7":"product_cat-appareils-de-massage","8":"product_cat-bain-et-corps","9":"product_cat-bijoux-en-pierre-precieuse-et-accessoires","10":"product_cat-cadeaux-esoterique","11":"product_cat-pierres-et-mineraux","12":"product_cat-quartz","13":"pa_collection-gemstone-face-roller-fr","14":"pa_made-in-chine","16":"first","17":"instock","18":"purchasable","19":"product-type-simple"},"supplier_id":null,"supplier_sku":"GemFR-14","barcode":null,"atum_controlled":true,"out_stock_date":null,"out_stock_threshold":null,"inheritable":false,"inbound_stock":null,"stock_on_hold":0,"sold_today":0,"sales_last_days":0,"reserved_stock":null,"customer_returns":null,"warehouse_damage":null,"lost_in_post":null,"other_logs":null,"out_stock_days":0,"lost_sales":0,"has_location":null,"update_date":"2026-04-27T07:05:16","atum_locations":[],"atum_stock_status":"instock","restock_status":false,"low_stock_amount":"","sales_update_date":"2026-02-06T00:01:19","calc_backorders":null,"_links":{"self":[{"href":"https:\/\/aromasentia.com\/fr\/wp-json\/wp\/v2\/product\/233156","targetHints":{"allow":["GET"]}}],"collection":[{"href":"https:\/\/aromasentia.com\/fr\/wp-json\/wp\/v2\/product"}],"about":[{"href":"https:\/\/aromasentia.com\/fr\/wp-json\/wp\/v2\/types\/product"}],"replies":[{"embeddable":true,"href":"https:\/\/aromasentia.com\/fr\/wp-json\/wp\/v2\/comments?post=233156"}],"version-history":[{"count":0,"href":"https:\/\/aromasentia.com\/fr\/wp-json\/wp\/v2\/product\/233156\/revisions"}],"wp:featuredmedia":[{"embeddable":true,"href":"https:\/\/aromasentia.com\/fr\/wp-json\/wp\/v2\/media\/336043"}],"wp:attachment":[{"href":"https:\/\/aromasentia.com\/fr\/wp-json\/wp\/v2\/media?parent=233156"}],"wp:term":[{"taxonomy":"product_brand","embeddable":true,"href":"https:\/\/aromasentia.com\/fr\/wp-json\/wp\/v2\/product_brand?post=233156"},{"taxonomy":"product_cat","embeddable":true,"href":"https:\/\/aromasentia.com\/fr\/wp-json\/wp\/v2\/product_cat?post=233156"},{"taxonomy":"product_tag","embeddable":true,"href":"https:\/\/aromasentia.com\/fr\/wp-json\/wp\/v2\/product_tag?post=233156"}],"curies":[{"name":"wp","href":"https:\/\/api.w.org\/{rel}","templated":true}]}}