{"id":233116,"date":"2025-03-22T13:29:41","date_gmt":"2025-03-22T13:29:41","guid":{"rendered":"https:\/\/aromasentia.com\/product\/gemstone-face-roller-jade\/"},"modified":"2025-06-23T18:54:37","modified_gmt":"2025-06-23T18:54:37","slug":"rouleau-visage-jade","status":"publish","type":"product","link":"https:\/\/aromasentia.com\/fr\/rouleau-visage-jade\/","title":{"rendered":"Rouleau Visage &#8211; Jade"},"content":{"rendered":"<p><strong><span style=\"color: rgb(75, 80, 88);\">Nos Rouleaux de Visage Jade <\/span><\/strong>sont le compl\u00e9ment parfait aux soins de peau de votre client. Ils peuvent \u00eatre des outils pratique pour att\u00e9nuer la tension, augmenter la circulation et minimiser les poches.&nbsp;<\/p>\n<p>Le rouleau \u00e0 double extr\u00e9mit\u00e9 peut \u00eatre utilis\u00e9 pour augmenter la microcirculation tout en r\u00e9duisant les poches et aide aussi \u00e0 am\u00e9liorer l&rsquo;\u00e9lasticit\u00e9 de la peau.&nbsp;<\/p>\n<p><strong><span style=\"color: rgb(75, 80, 88);\">Comment l&rsquo;utiliser<\/span><\/strong> : Faites rouler vers le haut et vers les joues depuis votre menton, ou du milieu vers l&rsquo;ext\u00e9rieur sur le front, vous pouvez utiliser le petit rouleau pour vos yeux. Si vous souhaitez ajouter plus de valeur \u00e0 ce produit, vous pouvez les associer avec des masques d&rsquo;argile ou des \u00e9ponges Konjac.&nbsp;<\/p>\n<p><strong><span style=\"color: rgb(141, 186, 216);\">Le rouleau de visage en Pierre semi-pr\u00e9cieuse est fabriqu\u00e9 \u00e0 partir de jade, de quartz, de sodalite ou d&rsquo;am\u00e9thyste pour une \u00e9nergie positive.&nbsp;<\/span><\/strong><\/p>\n","protected":false},"excerpt":{"rendered":"<p>Nos Rouleaux de Visage Jade sont le compl\u00e9ment parfait aux soins de peau de votre client. Ils peuvent \u00eatre des outils pratique pour att\u00e9nuer la tension, augmenter la circulation et minimiser les poches.&nbsp; Le rouleau \u00e0 double extr\u00e9mit\u00e9 peut \u00eatre utilis\u00e9 pour augmenter la microcirculation tout en r\u00e9duisant les poches et aide aussi \u00e0 am\u00e9liorer [&hellip;]<\/p>\n","protected":false},"featured_media":335865,"comment_status":"closed","ping_status":"open","template":"","meta":{"_angie_page":false},"product_brand":[27075],"product_cat":[19444,19443,19265,17264,25639,25226],"product_tag":[],"class_list":{"0":"post-233116","1":"product","2":"type-product","3":"status-publish","4":"has-post-thumbnail","6":"product_brand-aw-cosmetics","7":"product_cat-appareils-de-massage","8":"product_cat-bain-et-corps","9":"product_cat-bijoux-en-pierre-precieuse-et-accessoires","10":"product_cat-cadeaux-esoterique","11":"product_cat-jade","12":"product_cat-pierres-et-mineraux","13":"pa_collection-gemstone-face-roller-fr","14":"pa_made-in-chine","16":"first","17":"instock","18":"purchasable","19":"product-type-simple"},"supplier_id":null,"supplier_sku":"GemFR-04","barcode":null,"atum_controlled":true,"out_stock_date":null,"out_stock_threshold":null,"inheritable":false,"inbound_stock":null,"stock_on_hold":0,"sold_today":0,"sales_last_days":0,"reserved_stock":null,"customer_returns":null,"warehouse_damage":null,"lost_in_post":null,"other_logs":null,"out_stock_days":0,"lost_sales":0,"has_location":null,"update_date":"2026-04-27T07:05:16","atum_locations":[],"atum_stock_status":"instock","restock_status":false,"low_stock_amount":"","sales_update_date":"2025-09-04T00:22:14","calc_backorders":null,"_links":{"self":[{"href":"https:\/\/aromasentia.com\/fr\/wp-json\/wp\/v2\/product\/233116","targetHints":{"allow":["GET"]}}],"collection":[{"href":"https:\/\/aromasentia.com\/fr\/wp-json\/wp\/v2\/product"}],"about":[{"href":"https:\/\/aromasentia.com\/fr\/wp-json\/wp\/v2\/types\/product"}],"replies":[{"embeddable":true,"href":"https:\/\/aromasentia.com\/fr\/wp-json\/wp\/v2\/comments?post=233116"}],"version-history":[{"count":0,"href":"https:\/\/aromasentia.com\/fr\/wp-json\/wp\/v2\/product\/233116\/revisions"}],"wp:featuredmedia":[{"embeddable":true,"href":"https:\/\/aromasentia.com\/fr\/wp-json\/wp\/v2\/media\/335865"}],"wp:attachment":[{"href":"https:\/\/aromasentia.com\/fr\/wp-json\/wp\/v2\/media?parent=233116"}],"wp:term":[{"taxonomy":"product_brand","embeddable":true,"href":"https:\/\/aromasentia.com\/fr\/wp-json\/wp\/v2\/product_brand?post=233116"},{"taxonomy":"product_cat","embeddable":true,"href":"https:\/\/aromasentia.com\/fr\/wp-json\/wp\/v2\/product_cat?post=233116"},{"taxonomy":"product_tag","embeddable":true,"href":"https:\/\/aromasentia.com\/fr\/wp-json\/wp\/v2\/product_tag?post=233116"}],"curies":[{"name":"wp","href":"https:\/\/api.w.org\/{rel}","templated":true}]}}