{"id":233084,"date":"2025-03-22T13:29:41","date_gmt":"2025-03-22T13:29:41","guid":{"rendered":"https:\/\/aromasentia.com\/product\/gemstone-small-skull-opalite-40x30x28mm\/"},"modified":"2025-06-23T18:54:34","modified_gmt":"2025-06-23T18:54:34","slug":"petit-crane-de-pierres-precieuses-opalite-40x30x28mm","status":"publish","type":"product","link":"https:\/\/aromasentia.com\/fr\/petit-crane-de-pierres-precieuses-opalite-40x30x28mm\/","title":{"rendered":"Petit Cr\u00e2ne de Pierres Pr\u00e9cieuses &#8211; Opalite &#8211; 40x30x28mm"},"content":{"rendered":"<\/p>\n<p>L&rsquo;allure \u00e9nigmatique de notre petit cr\u00e2ne en gemme d&rsquo;opalite se d\u00e9voile \u00e0 vos clients exigeants. Ce cr\u00e2ne captivant de 40x30x28mm est un m\u00e9lange parfait de symbolisme et d&rsquo;\u00e9nergie spirituelle, ce qui en fait une pi\u00e8ce de choix pour les d\u00e9taillants qui cherchent \u00e0 offrir des produits uniques et captivants.<\/p>\n<p>La fusion du mystique du cr\u00e2ne avec l&rsquo;\u00e9clat \u00e9th\u00e9r\u00e9 de l&rsquo;opalite cr\u00e9e un produit qui r\u00e9sonne avec les clients int\u00e9ress\u00e9s par la gu\u00e9rison alternative et les pratiques spirituelles. Symbole de mortalit\u00e9 et d&rsquo;introspection, le cr\u00e2ne invite \u00e0 la contemplation<\/strong>, tandis que l&rsquo;opalite est cens\u00e9e am\u00e9liorer l&rsquo;intuition, le bien-\u00eatre \u00e9motionnel et la clart\u00e9 mentale<\/strong>.<\/p>\n<p>Capitalisez sur la tendance croissante des produits \u00e0 base de cristaux en offrant ce cr\u00e2ne en pierre pr\u00e9cieuse distinctif. Sa taille compacte et son design \u00e9l\u00e9gant en font une pi\u00e8ce polyvalente qui peut \u00eatre expos\u00e9e dans diff\u00e9rents contextes. Attirez les clients qui cherchent \u00e0 rehausser leur d\u00e9cor, leurs espaces de m\u00e9ditation ou leurs collections personnelles avec cet ajout captivant.<\/p>\n","protected":false},"excerpt":{"rendered":"<p>L&rsquo;allure \u00e9nigmatique de notre petit cr\u00e2ne en gemme d&rsquo;opalite se d\u00e9voile \u00e0 vos clients exigeants. Ce cr\u00e2ne captivant de 40x30x28mm est un m\u00e9lange parfait de symbolisme et d&rsquo;\u00e9nergie spirituelle, ce qui en fait une pi\u00e8ce de choix pour les d\u00e9taillants qui cherchent \u00e0 offrir des produits uniques et captivants. La fusion du mystique du cr\u00e2ne [&hellip;]<\/p>\n","protected":false},"featured_media":335657,"comment_status":"closed","ping_status":"open","template":"","meta":{"_angie_page":false},"product_brand":[],"product_cat":[19265,17264,25705,25226],"product_tag":[],"class_list":{"0":"post-233084","1":"product","2":"type-product","3":"status-publish","4":"has-post-thumbnail","6":"product_cat-bijoux-en-pierre-precieuse-et-accessoires","7":"product_cat-cadeaux-esoterique","8":"product_cat-opalite","9":"product_cat-pierres-et-mineraux","10":"pa_collection-gemstone-figures-fr","11":"pa_made-in-chine","13":"first","14":"instock","15":"purchasable","16":"product-type-simple"},"supplier_id":null,"supplier_sku":"GemF-38A","barcode":null,"atum_controlled":true,"out_stock_date":null,"out_stock_threshold":null,"inheritable":false,"inbound_stock":null,"stock_on_hold":0,"sold_today":0,"sales_last_days":0,"reserved_stock":null,"customer_returns":null,"warehouse_damage":null,"lost_in_post":null,"other_logs":null,"out_stock_days":0,"lost_sales":0,"has_location":null,"update_date":"2026-04-27T07:04:45","atum_locations":[],"atum_stock_status":"instock","restock_status":false,"low_stock_amount":"","sales_update_date":"2026-01-30T01:26:03","calc_backorders":null,"_links":{"self":[{"href":"https:\/\/aromasentia.com\/fr\/wp-json\/wp\/v2\/product\/233084","targetHints":{"allow":["GET"]}}],"collection":[{"href":"https:\/\/aromasentia.com\/fr\/wp-json\/wp\/v2\/product"}],"about":[{"href":"https:\/\/aromasentia.com\/fr\/wp-json\/wp\/v2\/types\/product"}],"replies":[{"embeddable":true,"href":"https:\/\/aromasentia.com\/fr\/wp-json\/wp\/v2\/comments?post=233084"}],"version-history":[{"count":0,"href":"https:\/\/aromasentia.com\/fr\/wp-json\/wp\/v2\/product\/233084\/revisions"}],"wp:featuredmedia":[{"embeddable":true,"href":"https:\/\/aromasentia.com\/fr\/wp-json\/wp\/v2\/media\/335657"}],"wp:attachment":[{"href":"https:\/\/aromasentia.com\/fr\/wp-json\/wp\/v2\/media?parent=233084"}],"wp:term":[{"taxonomy":"product_brand","embeddable":true,"href":"https:\/\/aromasentia.com\/fr\/wp-json\/wp\/v2\/product_brand?post=233084"},{"taxonomy":"product_cat","embeddable":true,"href":"https:\/\/aromasentia.com\/fr\/wp-json\/wp\/v2\/product_cat?post=233084"},{"taxonomy":"product_tag","embeddable":true,"href":"https:\/\/aromasentia.com\/fr\/wp-json\/wp\/v2\/product_tag?post=233084"}],"curies":[{"name":"wp","href":"https:\/\/api.w.org\/{rel}","templated":true}]}}