{"id":233064,"date":"2025-03-22T13:29:50","date_gmt":"2025-03-22T13:29:50","guid":{"rendered":"https:\/\/aromasentia.com\/product\/7-chakra-crystal-healing-wand-rose-quartz\/"},"modified":"2025-06-23T18:54:31","modified_gmt":"2025-06-23T18:54:31","slug":"baguette-de-guerison-en-cristal-des-7-chakras-quartz-rose","status":"publish","type":"product","link":"https:\/\/aromasentia.com\/fr\/baguette-de-guerison-en-cristal-des-7-chakras-quartz-rose\/","title":{"rendered":"Baguette de Gu\u00e9rison en Cristal des 7 Chakras &#8211; Quartz Rose"},"content":{"rendered":"<p><Bien que les baguettes de gu\u00e9rison en cristal constituent un ajout remarquable \u00e0 votre offre, n&#39;oubliez pas que Ancient Wisdom propose une large gamme de pierres pr\u00e9cieuses et de cadeaux \u00e9sot\u00e9riques, qui s&#39;harmonisent tous parfaitement les uns avec les autres. Envisagez de cr\u00e9er un kit de m\u00e9ditation qui peut apporter aux chercheurs spirituels et \u00e0 votre entreprise une marge substantielle. En incluant ces baguettes dans votre magasin, vous ne vendez pas simplement des produits, vous offrez un voyage transformateur vers l'illumination int\u00e9rieure et le bien-\u00eatre holistique. <\/p>\n<p>Les baguettes spirituelles de gu\u00e9rison sont sp\u00e9cialement fabriqu\u00e9es \u00e0 la main par des artisans bas\u00e9s en Inde, en utilisant des pierres pr\u00e9cieuses naturelles 100% authentiques et d&rsquo;autres mat\u00e9riaux tels que du m\u00e9tal et des cristaux de haute qualit\u00e9.<\/p>\n<p><strong>Les baguettes en bois torsad\u00e9 et en quartz rocheux,<\/strong> une fusion exquise de la beaut\u00e9 de la nature et de l&#39;allure mystique.&nbsp;Fabriqu\u00e9es \u00e0 la perfection, ces baguettes suivent les contours naturels du bois, orn\u00e9es de cristaux radieux, ce qui en fait un ajout captivant \u00e0 tout autel mystique.<\/p>\n<p>Les baguettes en bois torsad\u00e9 et en quartz rocheux,<\/strong> une fusion exquise de la beaut\u00e9 de la nature et de l&#39;allure mystique.<\/strong><\/p>\n","protected":false},"excerpt":{"rendered":"","protected":false},"featured_media":338050,"comment_status":"closed","ping_status":"open","template":"","meta":{"_angie_page":false},"product_brand":[],"product_cat":[19265,19144,14446,25226,25732,25751],"product_tag":[],"class_list":{"0":"post-233064","1":"product","2":"type-product","3":"status-publish","4":"has-post-thumbnail","6":"product_cat-bijoux-en-pierre-precieuse-et-accessoires","7":"product_cat-inspirations","8":"product_cat-maison-et-jardin","9":"product_cat-pierres-et-mineraux","10":"product_cat-quartz","11":"product_cat-quartz-rose","12":"pa_collection-crystal-healing-wands-fr","13":"pa_made-in-inde","15":"first","16":"instock","17":"purchasable","18":"product-type-simple"},"supplier_id":null,"supplier_sku":"HWand-59","barcode":null,"atum_controlled":true,"out_stock_date":null,"out_stock_threshold":null,"inheritable":false,"inbound_stock":null,"stock_on_hold":0,"sold_today":0,"sales_last_days":0,"reserved_stock":null,"customer_returns":null,"warehouse_damage":null,"lost_in_post":null,"other_logs":null,"out_stock_days":0,"lost_sales":0,"has_location":null,"update_date":"2026-04-27T07:08:21","atum_locations":[],"atum_stock_status":"instock","restock_status":false,"low_stock_amount":"","sales_update_date":"2026-01-30T01:26:18","calc_backorders":null,"_links":{"self":[{"href":"https:\/\/aromasentia.com\/fr\/wp-json\/wp\/v2\/product\/233064","targetHints":{"allow":["GET"]}}],"collection":[{"href":"https:\/\/aromasentia.com\/fr\/wp-json\/wp\/v2\/product"}],"about":[{"href":"https:\/\/aromasentia.com\/fr\/wp-json\/wp\/v2\/types\/product"}],"replies":[{"embeddable":true,"href":"https:\/\/aromasentia.com\/fr\/wp-json\/wp\/v2\/comments?post=233064"}],"version-history":[{"count":0,"href":"https:\/\/aromasentia.com\/fr\/wp-json\/wp\/v2\/product\/233064\/revisions"}],"wp:featuredmedia":[{"embeddable":true,"href":"https:\/\/aromasentia.com\/fr\/wp-json\/wp\/v2\/media\/338050"}],"wp:attachment":[{"href":"https:\/\/aromasentia.com\/fr\/wp-json\/wp\/v2\/media?parent=233064"}],"wp:term":[{"taxonomy":"product_brand","embeddable":true,"href":"https:\/\/aromasentia.com\/fr\/wp-json\/wp\/v2\/product_brand?post=233064"},{"taxonomy":"product_cat","embeddable":true,"href":"https:\/\/aromasentia.com\/fr\/wp-json\/wp\/v2\/product_cat?post=233064"},{"taxonomy":"product_tag","embeddable":true,"href":"https:\/\/aromasentia.com\/fr\/wp-json\/wp\/v2\/product_tag?post=233064"}],"curies":[{"name":"wp","href":"https:\/\/api.w.org\/{rel}","templated":true}]}}