{"id":233028,"date":"2025-03-22T13:29:50","date_gmt":"2025-03-22T13:29:50","guid":{"rendered":"https:\/\/aromasentia.com\/product\/twisted-healing-wand-copper-tiger-eye-star\/"},"modified":"2025-06-23T18:54:25","modified_gmt":"2025-06-23T18:54:25","slug":"baguette-de-guerison-torsadee-etoile-en-oeil-de-tigre-en-cuivre","status":"publish","type":"product","link":"https:\/\/aromasentia.com\/fr\/baguette-de-guerison-torsadee-etoile-en-oeil-de-tigre-en-cuivre\/","title":{"rendered":"Baguette de gu\u00e9rison torsad\u00e9e &#8211; \u00c9toile en \u0153il de tigre en cuivre"},"content":{"rendered":"<p>Les baguettes aideront vos clients \u00e0 d\u00e9placer l&rsquo;\u00e9nergie plus efficacement dans leur corps. Cette baguette est vraiment magique. Les baguettes en cristal de gu\u00e9rison et de massage sont riches en d\u00e9tails. Ils sont con&ccedil;us pour que vos clients puissent les tenir confortablement pendant la m\u00e9ditation.&nbsp;<\/p>\n<p>C&rsquo;est un produit artisanal de qualit\u00e9 import\u00e9 d&rsquo;Inde.&nbsp;<\/p>\n<p><strong><span style=\"color: rgb(141, 186, 216);\">Ancient Wisdom a une grande vari\u00e9t\u00e9 de cristaux et de pierres pr\u00e9cieuses de gu\u00e9rison qui se compl\u00e8tent.<\/span><\/strong><\/p>\n","protected":false},"excerpt":{"rendered":"<p>Les baguettes aideront vos clients \u00e0 d\u00e9placer l&rsquo;\u00e9nergie plus efficacement dans leur corps. Cette baguette est vraiment magique. Les baguettes en cristal de gu\u00e9rison et de massage sont riches en d\u00e9tails. Ils sont con&ccedil;us pour que vos clients puissent les tenir confortablement pendant la m\u00e9ditation.&nbsp; C&rsquo;est un produit artisanal de qualit\u00e9 import\u00e9 d&rsquo;Inde.&nbsp; Ancient Wisdom [&hellip;]<\/p>\n","protected":false},"featured_media":337793,"comment_status":"closed","ping_status":"open","template":"","meta":{"_angie_page":false},"product_brand":[],"product_cat":[19265,19144,14446,25786,25226],"product_tag":[],"class_list":{"0":"post-233028","1":"product","2":"type-product","3":"status-publish","4":"has-post-thumbnail","6":"product_cat-bijoux-en-pierre-precieuse-et-accessoires","7":"product_cat-inspirations","8":"product_cat-maison-et-jardin","9":"product_cat-oeil-de-tigre","10":"product_cat-pierres-et-mineraux","11":"pa_collection-crystal-healing-wands-fr","12":"pa_made-in-inde","14":"first","15":"instock","16":"purchasable","17":"product-type-simple"},"supplier_id":null,"supplier_sku":"HWand-51","barcode":null,"atum_controlled":true,"out_stock_date":null,"out_stock_threshold":null,"inheritable":false,"inbound_stock":null,"stock_on_hold":0,"sold_today":0,"sales_last_days":0,"reserved_stock":null,"customer_returns":null,"warehouse_damage":null,"lost_in_post":null,"other_logs":null,"out_stock_days":0,"lost_sales":0,"has_location":null,"update_date":"2026-04-27T07:08:21","atum_locations":[],"atum_stock_status":"instock","restock_status":false,"low_stock_amount":"","sales_update_date":"2026-01-30T01:26:13","calc_backorders":null,"_links":{"self":[{"href":"https:\/\/aromasentia.com\/fr\/wp-json\/wp\/v2\/product\/233028","targetHints":{"allow":["GET"]}}],"collection":[{"href":"https:\/\/aromasentia.com\/fr\/wp-json\/wp\/v2\/product"}],"about":[{"href":"https:\/\/aromasentia.com\/fr\/wp-json\/wp\/v2\/types\/product"}],"replies":[{"embeddable":true,"href":"https:\/\/aromasentia.com\/fr\/wp-json\/wp\/v2\/comments?post=233028"}],"version-history":[{"count":0,"href":"https:\/\/aromasentia.com\/fr\/wp-json\/wp\/v2\/product\/233028\/revisions"}],"wp:featuredmedia":[{"embeddable":true,"href":"https:\/\/aromasentia.com\/fr\/wp-json\/wp\/v2\/media\/337793"}],"wp:attachment":[{"href":"https:\/\/aromasentia.com\/fr\/wp-json\/wp\/v2\/media?parent=233028"}],"wp:term":[{"taxonomy":"product_brand","embeddable":true,"href":"https:\/\/aromasentia.com\/fr\/wp-json\/wp\/v2\/product_brand?post=233028"},{"taxonomy":"product_cat","embeddable":true,"href":"https:\/\/aromasentia.com\/fr\/wp-json\/wp\/v2\/product_cat?post=233028"},{"taxonomy":"product_tag","embeddable":true,"href":"https:\/\/aromasentia.com\/fr\/wp-json\/wp\/v2\/product_tag?post=233028"}],"curies":[{"name":"wp","href":"https:\/\/api.w.org\/{rel}","templated":true}]}}