{"id":232992,"date":"2025-03-22T13:29:50","date_gmt":"2025-03-22T13:29:50","guid":{"rendered":"https:\/\/aromasentia.com\/product\/108-bead-mala-lapis\/"},"modified":"2025-06-23T18:54:21","modified_gmt":"2025-06-23T18:54:21","slug":"mala-108-perles-lapis","status":"publish","type":"product","link":"https:\/\/aromasentia.com\/fr\/mala-108-perles-lapis\/","title":{"rendered":"Mala 108 Perles  &#8211; Lapis"},"content":{"rendered":"<p>Pr\u00e9sentation du <strong><span style=\"color: rgb(41, 105, 176);\">Mala 108 Perles &#8211; Lapis<\/span><\/strong>, un bijou captivant et charg\u00e9 spirituellement con&ccedil;u pour renforcer votre intuition et votre sagesse int\u00e9rieure.&nbsp;<\/p>\n<p>Ce mala est fabriqu\u00e9 \u00e0 la main avec 108 <strong><span style=\"color: rgb(75, 80, 88);\">perles de Lapis Lazuli naturel, une pierre pr\u00e9cieuse r\u00e9put\u00e9e pour sa teinte bleu profond et c\u00e9l\u00e9br\u00e9e pour sa remarquable capacit\u00e9 \u00e0 favoriser la clart\u00e9, l&rsquo;intuition et la perspicacit\u00e9 spirituelle. <\/span><\/strong><\/p>\n<p>Ancr\u00e9 dans la tradition, ce mala constitue un outil essentiel dans les pratiques spirituelles telles que la m\u00e9ditation et le chant, les perles de lapis \u00e9tant cens\u00e9es \u00e9veiller la sagesse int\u00e9rieure, \u00e9lever l&rsquo;intuition et stimuler le chakra du troisi\u00e8me \u0153il.&nbsp;<\/p>\n<p>De plus, il se transforme sans effort en un accessoire \u00e9l\u00e9gant, introduisant un \u00e9l\u00e9ment d&rsquo;\u00e9l\u00e9gance et de sophistication \u00e0 n&rsquo;importe quel ensemble. Le Bead Mala &#8211; Lapis est le cadeau parfait pour ceux qui cherchent \u00e0 enrichir leur voyage spirituel, \u00e0 renforcer leur intuition et \u00e0 approfondir leur sagesse int\u00e9rieure.&nbsp;<\/p>\n<p>Adoptez ce bijou remarquable et plongez-vous dans l\u2019\u00e9nergie transformatrice du Lapis Lazuli. Avec sa beaut\u00e9 profonde et envo\u00fbtante, ainsi que ses attributs uniques, ce mala est destin\u00e9 \u00e0 faire partie int\u00e9grante de vos rituels quotidiens.&nbsp;<\/p>\n<p><strong><span style=\"color: rgb(75, 80, 88);\">Remarque :<\/span><\/strong> en raison de la nature de la pierre pr\u00e9cieuse, la taille et la longueur de chaque perle mala peuvent varier. La taille des perles est d&rsquo;environ 0,6 cm \u00e0 0,8 cm et la longueur est d&rsquo;environ 60 cm \u00e0 80 cm.<\/p>\n","protected":false},"excerpt":{"rendered":"<p>Pr\u00e9sentation du Mala 108 Perles &#8211; Lapis, un bijou captivant et charg\u00e9 spirituellement con&ccedil;u pour renforcer votre intuition et votre sagesse int\u00e9rieure.&nbsp; Ce mala est fabriqu\u00e9 \u00e0 la main avec 108 perles de Lapis Lazuli naturel, une pierre pr\u00e9cieuse r\u00e9put\u00e9e pour sa teinte bleu profond et c\u00e9l\u00e9br\u00e9e pour sa remarquable capacit\u00e9 \u00e0 favoriser la clart\u00e9, [&hellip;]<\/p>\n","protected":false},"featured_media":337480,"comment_status":"closed","ping_status":"open","template":"","meta":{"_angie_page":false},"product_brand":[],"product_cat":[19265,17264,25659,25226],"product_tag":[],"class_list":{"0":"post-232992","1":"product","2":"type-product","3":"status-publish","4":"has-post-thumbnail","6":"product_cat-bijoux-en-pierre-precieuse-et-accessoires","7":"product_cat-cadeaux-esoterique","8":"product_cat-lapis-lazuli","9":"product_cat-pierres-et-mineraux","10":"pa_collection-gemstone-mala-beads-fr","11":"pa_made-in-inde","13":"first","14":"instock","15":"purchasable","16":"product-type-simple"},"supplier_id":null,"supplier_sku":"GMala-13a","barcode":null,"atum_controlled":true,"out_stock_date":null,"out_stock_threshold":null,"inheritable":false,"inbound_stock":null,"stock_on_hold":0,"sold_today":0,"sales_last_days":0,"reserved_stock":null,"customer_returns":null,"warehouse_damage":null,"lost_in_post":null,"other_logs":null,"out_stock_days":0,"lost_sales":0,"has_location":null,"update_date":"2026-05-08T05:09:40","atum_locations":[],"atum_stock_status":"instock","restock_status":false,"low_stock_amount":"","sales_update_date":"2025-09-05T00:24:20","calc_backorders":null,"_links":{"self":[{"href":"https:\/\/aromasentia.com\/fr\/wp-json\/wp\/v2\/product\/232992","targetHints":{"allow":["GET"]}}],"collection":[{"href":"https:\/\/aromasentia.com\/fr\/wp-json\/wp\/v2\/product"}],"about":[{"href":"https:\/\/aromasentia.com\/fr\/wp-json\/wp\/v2\/types\/product"}],"replies":[{"embeddable":true,"href":"https:\/\/aromasentia.com\/fr\/wp-json\/wp\/v2\/comments?post=232992"}],"version-history":[{"count":0,"href":"https:\/\/aromasentia.com\/fr\/wp-json\/wp\/v2\/product\/232992\/revisions"}],"wp:featuredmedia":[{"embeddable":true,"href":"https:\/\/aromasentia.com\/fr\/wp-json\/wp\/v2\/media\/337480"}],"wp:attachment":[{"href":"https:\/\/aromasentia.com\/fr\/wp-json\/wp\/v2\/media?parent=232992"}],"wp:term":[{"taxonomy":"product_brand","embeddable":true,"href":"https:\/\/aromasentia.com\/fr\/wp-json\/wp\/v2\/product_brand?post=232992"},{"taxonomy":"product_cat","embeddable":true,"href":"https:\/\/aromasentia.com\/fr\/wp-json\/wp\/v2\/product_cat?post=232992"},{"taxonomy":"product_tag","embeddable":true,"href":"https:\/\/aromasentia.com\/fr\/wp-json\/wp\/v2\/product_tag?post=232992"}],"curies":[{"name":"wp","href":"https:\/\/api.w.org\/{rel}","templated":true}]}}