{"id":232988,"date":"2025-03-22T13:29:50","date_gmt":"2025-03-22T13:29:50","guid":{"rendered":"https:\/\/aromasentia.com\/product\/108-bead-mala-tiger-eye\/"},"modified":"2025-06-23T18:54:21","modified_gmt":"2025-06-23T18:54:21","slug":"mala-108-perles-oeil-du-tigre","status":"publish","type":"product","link":"https:\/\/aromasentia.com\/fr\/mala-108-perles-oeil-du-tigre\/","title":{"rendered":"Mala 108 Perles &#8211; Oeil du Tigre"},"content":{"rendered":"<p>Pr\u00e9sentation du <strong><span style=\"color: rgb(163, 143, 132);\">Mala 108 Perles &#8211; Oeil du Tigre<\/span><\/strong>, un bijou impressionnant et stimulant pr\u00eat \u00e0 renforcer votre force int\u00e9rieure et votre confiance.&nbsp;<\/p>\n<p>Ce mala est fabriqu\u00e9 \u00e0 la main avec 108<strong><span style=\"color: rgb(75, 80, 88);\">&nbsp;perles d&rsquo;\u0153il de Tigre naturel, une pierre pr\u00e9cieuse qui se distingue par ses captivantes teintes brunes et dor\u00e9es, r\u00e9put\u00e9e pour sa remarquable capacit\u00e9 \u00e0 cultiver le courage, la confiance en soi et la r\u00e9silience int\u00e9rieure. <\/span><\/strong><\/p>\n<p>Profond\u00e9ment enracin\u00e9 dans la tradition, ce mala constitue un outil crucial dans les pratiques spirituelles telles que la m\u00e9ditation et le chant, avec des perles en \u0153il de tigre cens\u00e9es faciliter l&rsquo;ancrage, l&rsquo;\u00e9quilibre et la protection. De plus, il se transforme sans effort en un accessoire \u00e9l\u00e9gant, insufflant une touche d&rsquo;audace et de confiance \u00e0 n&rsquo;importe quelle tenue. Le Bead Mala &#8211; Tiger Eye est un cadeau attentionn\u00e9 pour ceux qui aspirent \u00e0 amplifier leur force int\u00e9rieure, \u00e0 renforcer leur confiance et \u00e0 faire preuve de courage.&nbsp;<\/p>\n<p>Adoptez ce bijou remarquable et plongez-vous dans les qualit\u00e9s stimulantes et transformatrices de l&rsquo;Oeil du Tigre.&nbsp;<\/p>\n<p>Avec sa beaut\u00e9 saisissante et affirm\u00e9e, ainsi que ses attributs uniques, ce mala est destin\u00e9 \u00e0 devenir un \u00e9l\u00e9ment pr\u00e9cieux de vos rituels quotidiens.&nbsp;<\/p>\n<p><strong><span style=\"color: rgb(75, 80, 88);\">Remarque :<\/span><\/strong> en raison de la nature de la pierre pr\u00e9cieuse, la taille et la longueur de chaque perle mala peuvent varier. La taille des perles est d&rsquo;environ 0,6 cm \u00e0 0,8 cm et la longueur est d&rsquo;environ 60 cm \u00e0 80 cm.<\/p>\n","protected":false},"excerpt":{"rendered":"<p>Pr\u00e9sentation du Mala 108 Perles &#8211; Oeil du Tigre, un bijou impressionnant et stimulant pr\u00eat \u00e0 renforcer votre force int\u00e9rieure et votre confiance.&nbsp; Ce mala est fabriqu\u00e9 \u00e0 la main avec 108&nbsp;perles d&rsquo;\u0153il de Tigre naturel, une pierre pr\u00e9cieuse qui se distingue par ses captivantes teintes brunes et dor\u00e9es, r\u00e9put\u00e9e pour sa remarquable capacit\u00e9 \u00e0 [&hellip;]<\/p>\n","protected":false},"featured_media":337447,"comment_status":"closed","ping_status":"open","template":"","meta":{"_angie_page":false},"product_brand":[],"product_cat":[19265,17264,25786,25226],"product_tag":[],"class_list":{"0":"post-232988","1":"product","2":"type-product","3":"status-publish","4":"has-post-thumbnail","6":"product_cat-bijoux-en-pierre-precieuse-et-accessoires","7":"product_cat-cadeaux-esoterique","8":"product_cat-oeil-de-tigre","9":"product_cat-pierres-et-mineraux","10":"pa_collection-gemstone-mala-beads-fr","11":"pa_made-in-inde","13":"first","14":"instock","15":"purchasable","16":"product-type-simple"},"supplier_id":null,"supplier_sku":"GMala-12a","barcode":null,"atum_controlled":true,"out_stock_date":null,"out_stock_threshold":null,"inheritable":false,"inbound_stock":null,"stock_on_hold":0,"sold_today":0,"sales_last_days":0,"reserved_stock":null,"customer_returns":null,"warehouse_damage":null,"lost_in_post":null,"other_logs":null,"out_stock_days":0,"lost_sales":0,"has_location":null,"update_date":"2026-05-08T05:09:40","atum_locations":[],"atum_stock_status":"instock","restock_status":false,"low_stock_amount":"","sales_update_date":"2025-09-05T00:24:20","calc_backorders":null,"_links":{"self":[{"href":"https:\/\/aromasentia.com\/fr\/wp-json\/wp\/v2\/product\/232988","targetHints":{"allow":["GET"]}}],"collection":[{"href":"https:\/\/aromasentia.com\/fr\/wp-json\/wp\/v2\/product"}],"about":[{"href":"https:\/\/aromasentia.com\/fr\/wp-json\/wp\/v2\/types\/product"}],"replies":[{"embeddable":true,"href":"https:\/\/aromasentia.com\/fr\/wp-json\/wp\/v2\/comments?post=232988"}],"version-history":[{"count":0,"href":"https:\/\/aromasentia.com\/fr\/wp-json\/wp\/v2\/product\/232988\/revisions"}],"wp:featuredmedia":[{"embeddable":true,"href":"https:\/\/aromasentia.com\/fr\/wp-json\/wp\/v2\/media\/337447"}],"wp:attachment":[{"href":"https:\/\/aromasentia.com\/fr\/wp-json\/wp\/v2\/media?parent=232988"}],"wp:term":[{"taxonomy":"product_brand","embeddable":true,"href":"https:\/\/aromasentia.com\/fr\/wp-json\/wp\/v2\/product_brand?post=232988"},{"taxonomy":"product_cat","embeddable":true,"href":"https:\/\/aromasentia.com\/fr\/wp-json\/wp\/v2\/product_cat?post=232988"},{"taxonomy":"product_tag","embeddable":true,"href":"https:\/\/aromasentia.com\/fr\/wp-json\/wp\/v2\/product_tag?post=232988"}],"curies":[{"name":"wp","href":"https:\/\/api.w.org\/{rel}","templated":true}]}}