{"id":232984,"date":"2025-03-22T13:29:50","date_gmt":"2025-03-22T13:29:50","guid":{"rendered":"https:\/\/aromasentia.com\/product\/108-bead-mala-amethyst\/"},"modified":"2025-06-23T18:54:20","modified_gmt":"2025-06-23T18:54:20","slug":"mala-108-perles-amethyste","status":"publish","type":"product","link":"https:\/\/aromasentia.com\/fr\/mala-108-perles-amethyste\/","title":{"rendered":"Mala 108 Perles  &#8211; Amethyste"},"content":{"rendered":"<p>Pr\u00e9sentation du<strong><span style=\"color: rgb(85, 57, 130);\">&nbsp;Mala 108 Perles &#8211; Am\u00e9thyste<\/span><\/strong>, un bijou exquis et apaisant con&ccedil;u pour \u00e9lever votre voyage spirituel et cultiver la paix int\u00e9rieure.&nbsp;<\/p>\n<p>Ce mala est soigneusement fabriqu\u00e9 \u00e0 la main avec 108 <strong><span style=\"color: rgb(75, 80, 88);\">perles d&rsquo;am\u00e9thyste naturelle, une pierre pr\u00e9cieuse caract\u00e9ris\u00e9e par sa teinte violette enchanteresse et r\u00e9put\u00e9e pour sa capacit\u00e9 \u00e0 inculquer la tranquillit\u00e9, l&rsquo;\u00e9quilibre et la conscience spirituelle. <\/span><\/strong><\/p>\n<p>Ancr\u00e9 dans la tradition, ce mala sert d&rsquo;outil fondamental dans les pratiques spirituelles comme la m\u00e9ditation et le chant, les perles d&rsquo;am\u00e9thyste \u00e9tant cens\u00e9es am\u00e9liorer l&rsquo;intuition, favoriser la gu\u00e9rison \u00e9motionnelle et prot\u00e9ger contre les \u00e9nergies n\u00e9gatives. De plus, il se transforme sans effort en accessoire \u00e9l\u00e9gant, introduisant un \u00e9l\u00e9ment de sophistication et de beaut\u00e9 \u00e0 n&rsquo;importe quel ensemble.&nbsp;<\/p>\n<p>Le Mala 108 Perles &#8211; Am\u00e9thyste est le cadeau parfait pour ceux qui cherchent \u00e0 enrichir leur pratique spirituelle, \u00e0 cultiver le calme et la paix int\u00e9rieurs ou \u00e0 se fortifier contre la n\u00e9gativit\u00e9. Adoptez ce bijou exquis et plongez-vous dans les qualit\u00e9s apaisantes et transformatrices de l\u2019am\u00e9thyste. Avec sa beaut\u00e9 \u00e9l\u00e9gante et sereine, ainsi que ses attributs uniques, ce mala est destin\u00e9 \u00e0 faire partie int\u00e9grante de vos rituels quotidiens.&nbsp;<\/p>\n<p><strong><span style=\"color: rgb(75, 80, 88);\">Remarque :<\/span><\/strong> en raison de la nature de la pierre pr\u00e9cieuse, la taille et la longueur de chaque perle mala peuvent varier. La taille des perles est d&rsquo;environ 0,6 cm \u00e0 0,8 cm et la longueur est d&rsquo;environ 60 cm \u00e0 80 cm.<\/p>\n","protected":false},"excerpt":{"rendered":"<p>Pr\u00e9sentation du&nbsp;Mala 108 Perles &#8211; Am\u00e9thyste, un bijou exquis et apaisant con&ccedil;u pour \u00e9lever votre voyage spirituel et cultiver la paix int\u00e9rieure.&nbsp; Ce mala est soigneusement fabriqu\u00e9 \u00e0 la main avec 108 perles d&rsquo;am\u00e9thyste naturelle, une pierre pr\u00e9cieuse caract\u00e9ris\u00e9e par sa teinte violette enchanteresse et r\u00e9put\u00e9e pour sa capacit\u00e9 \u00e0 inculquer la tranquillit\u00e9, l&rsquo;\u00e9quilibre et [&hellip;]<\/p>\n","protected":false},"featured_media":337398,"comment_status":"closed","ping_status":"open","template":"","meta":{"_angie_page":false},"product_brand":[],"product_cat":[25543,19265,17264,25226],"product_tag":[],"class_list":{"0":"post-232984","1":"product","2":"type-product","3":"status-publish","4":"has-post-thumbnail","6":"product_cat-amethyste","7":"product_cat-bijoux-en-pierre-precieuse-et-accessoires","8":"product_cat-cadeaux-esoterique","9":"product_cat-pierres-et-mineraux","10":"pa_collection-gemstone-mala-beads-fr","11":"pa_made-in-inde","13":"first","14":"instock","15":"purchasable","16":"product-type-simple"},"supplier_id":null,"supplier_sku":"GMala-11","barcode":null,"atum_controlled":true,"out_stock_date":null,"out_stock_threshold":null,"inheritable":false,"inbound_stock":null,"stock_on_hold":0,"sold_today":0,"sales_last_days":0,"reserved_stock":null,"customer_returns":null,"warehouse_damage":null,"lost_in_post":null,"other_logs":null,"out_stock_days":0,"lost_sales":0,"has_location":null,"update_date":"2026-05-04T00:03:55","atum_locations":[],"atum_stock_status":"instock","restock_status":false,"low_stock_amount":"","sales_update_date":"2025-09-05T00:24:20","calc_backorders":null,"_links":{"self":[{"href":"https:\/\/aromasentia.com\/fr\/wp-json\/wp\/v2\/product\/232984","targetHints":{"allow":["GET"]}}],"collection":[{"href":"https:\/\/aromasentia.com\/fr\/wp-json\/wp\/v2\/product"}],"about":[{"href":"https:\/\/aromasentia.com\/fr\/wp-json\/wp\/v2\/types\/product"}],"replies":[{"embeddable":true,"href":"https:\/\/aromasentia.com\/fr\/wp-json\/wp\/v2\/comments?post=232984"}],"version-history":[{"count":0,"href":"https:\/\/aromasentia.com\/fr\/wp-json\/wp\/v2\/product\/232984\/revisions"}],"wp:featuredmedia":[{"embeddable":true,"href":"https:\/\/aromasentia.com\/fr\/wp-json\/wp\/v2\/media\/337398"}],"wp:attachment":[{"href":"https:\/\/aromasentia.com\/fr\/wp-json\/wp\/v2\/media?parent=232984"}],"wp:term":[{"taxonomy":"product_brand","embeddable":true,"href":"https:\/\/aromasentia.com\/fr\/wp-json\/wp\/v2\/product_brand?post=232984"},{"taxonomy":"product_cat","embeddable":true,"href":"https:\/\/aromasentia.com\/fr\/wp-json\/wp\/v2\/product_cat?post=232984"},{"taxonomy":"product_tag","embeddable":true,"href":"https:\/\/aromasentia.com\/fr\/wp-json\/wp\/v2\/product_tag?post=232984"}],"curies":[{"name":"wp","href":"https:\/\/api.w.org\/{rel}","templated":true}]}}