{"id":232980,"date":"2025-03-22T13:29:50","date_gmt":"2025-03-22T13:29:50","guid":{"rendered":"https:\/\/aromasentia.com\/product\/108-bead-mala-white-quartz\/"},"modified":"2025-06-23T18:54:20","modified_gmt":"2025-06-23T18:54:20","slug":"mala-108-perles-quartz-blanc","status":"publish","type":"product","link":"https:\/\/aromasentia.com\/fr\/mala-108-perles-quartz-blanc\/","title":{"rendered":"Mala 108 Perles  &#8211; Quartz Blanc"},"content":{"rendered":"<p>Pr\u00e9sentation du <strong><span style=\"color: rgb(75, 80, 88);\">Mala 108 Perles &#8211; Quartz Blanc<\/span><\/strong>, un bijou exquis et tranquille con&ccedil;u pour \u00e9lever votre voyage spirituel et favoriser un esprit clair et concentr\u00e9.&nbsp;<\/p>\n<p>Ce mala est fabriqu\u00e9 avec 108 <strong><span style=\"color: rgb(75, 80, 88);\">perles de quartz blanc naturel, une pierre pr\u00e9cieuse connue pour ses qualit\u00e9s claires et translucides, r\u00e9put\u00e9e pour sa capacit\u00e9 \u00e0 am\u00e9liorer la clart\u00e9 de la pens\u00e9e, \u00e0 amplifier l&rsquo;\u00e9nergie et \u00e0 nettoyer l&rsquo;esprit et le corps. <\/span><\/strong>Enracin\u00e9 dans la tradition, ce mala sert d&rsquo;outil essentiel dans les pratiques spirituelles comme la m\u00e9ditation et le chant, avec des perles de quartz blanc consid\u00e9r\u00e9es comme des catalyseurs pour une intuition accrue, une croissance spirituelle et un \u00e9quilibre des chakras.&nbsp;<\/p>\n<p>De plus, il sert \u00e9galement d&rsquo;accessoire chic, ajoutant un \u00e9l\u00e9ment d&rsquo;\u00e9l\u00e9gance et de simplicit\u00e9 \u00e0 n&rsquo;importe quel ensemble.&nbsp;<\/p>\n<p>Le Mala 108 Perles &#8211; Quartz Blanc est un cadeau attentionn\u00e9 pour ceux qui cherchent \u00e0 enrichir leur pratique spirituelle ou \u00e0 favoriser la clart\u00e9 mentale et la concentration.&nbsp;<\/p>\n<p>Adoptez ce bijou exquis et plongez-vous dans l\u2019\u00e9nergie transformatrice du quartz blanc. Avec sa beaut\u00e9 claire et rayonnante, ainsi que ses propri\u00e9t\u00e9s uniques, ce mala est destin\u00e9 \u00e0 faire partie int\u00e9grante de vos rituels quotidiens.&nbsp;<\/p>\n<p><strong><span style=\"color: rgb(75, 80, 88);\">Remarque :<\/span><\/strong> en raison de la nature de la pierre pr\u00e9cieuse, la taille et la longueur de chaque perle mala peuvent varier. La taille des perles est d&rsquo;environ 0,6 cm \u00e0 0,8 cm et la longueur est d&rsquo;environ 60 cm \u00e0 80 cm.<\/p>\n","protected":false},"excerpt":{"rendered":"<p>Pr\u00e9sentation du Mala 108 Perles &#8211; Quartz Blanc, un bijou exquis et tranquille con&ccedil;u pour \u00e9lever votre voyage spirituel et favoriser un esprit clair et concentr\u00e9.&nbsp; Ce mala est fabriqu\u00e9 avec 108 perles de quartz blanc naturel, une pierre pr\u00e9cieuse connue pour ses qualit\u00e9s claires et translucides, r\u00e9put\u00e9e pour sa capacit\u00e9 \u00e0 am\u00e9liorer la clart\u00e9 [&hellip;]<\/p>\n","protected":false},"featured_media":337365,"comment_status":"closed","ping_status":"open","template":"","meta":{"_angie_page":false},"product_brand":[],"product_cat":[19265,17264,25226,25732],"product_tag":[],"class_list":{"0":"post-232980","1":"product","2":"type-product","3":"status-publish","4":"has-post-thumbnail","6":"product_cat-bijoux-en-pierre-precieuse-et-accessoires","7":"product_cat-cadeaux-esoterique","8":"product_cat-pierres-et-mineraux","9":"product_cat-quartz","10":"pa_collection-gemstone-mala-beads-fr","11":"pa_made-in-inde","13":"first","14":"instock","15":"purchasable","16":"product-type-simple"},"supplier_id":null,"supplier_sku":"GMala-09","barcode":null,"atum_controlled":true,"out_stock_date":null,"out_stock_threshold":null,"inheritable":false,"inbound_stock":null,"stock_on_hold":0,"sold_today":0,"sales_last_days":0,"reserved_stock":null,"customer_returns":null,"warehouse_damage":null,"lost_in_post":null,"other_logs":null,"out_stock_days":0,"lost_sales":0,"has_location":null,"update_date":"2026-05-11T01:55:51","atum_locations":[],"atum_stock_status":"instock","restock_status":false,"low_stock_amount":"","sales_update_date":"2026-01-30T01:26:16","calc_backorders":null,"_links":{"self":[{"href":"https:\/\/aromasentia.com\/fr\/wp-json\/wp\/v2\/product\/232980","targetHints":{"allow":["GET"]}}],"collection":[{"href":"https:\/\/aromasentia.com\/fr\/wp-json\/wp\/v2\/product"}],"about":[{"href":"https:\/\/aromasentia.com\/fr\/wp-json\/wp\/v2\/types\/product"}],"replies":[{"embeddable":true,"href":"https:\/\/aromasentia.com\/fr\/wp-json\/wp\/v2\/comments?post=232980"}],"version-history":[{"count":0,"href":"https:\/\/aromasentia.com\/fr\/wp-json\/wp\/v2\/product\/232980\/revisions"}],"wp:featuredmedia":[{"embeddable":true,"href":"https:\/\/aromasentia.com\/fr\/wp-json\/wp\/v2\/media\/337365"}],"wp:attachment":[{"href":"https:\/\/aromasentia.com\/fr\/wp-json\/wp\/v2\/media?parent=232980"}],"wp:term":[{"taxonomy":"product_brand","embeddable":true,"href":"https:\/\/aromasentia.com\/fr\/wp-json\/wp\/v2\/product_brand?post=232980"},{"taxonomy":"product_cat","embeddable":true,"href":"https:\/\/aromasentia.com\/fr\/wp-json\/wp\/v2\/product_cat?post=232980"},{"taxonomy":"product_tag","embeddable":true,"href":"https:\/\/aromasentia.com\/fr\/wp-json\/wp\/v2\/product_tag?post=232980"}],"curies":[{"name":"wp","href":"https:\/\/api.w.org\/{rel}","templated":true}]}}