{"id":232972,"date":"2025-03-22T13:29:50","date_gmt":"2025-03-22T13:29:50","guid":{"rendered":"https:\/\/aromasentia.com\/product\/108-bead-mala-green-aventurine\/"},"modified":"2025-06-23T18:54:19","modified_gmt":"2025-06-23T18:54:19","slug":"mala-108-perles-aventurine-verte","status":"publish","type":"product","link":"https:\/\/aromasentia.com\/fr\/mala-108-perles-aventurine-verte\/","title":{"rendered":"Mala 108 Perles  &#8211; Aventurine Verte"},"content":{"rendered":"<p>Pr\u00e9sentation du <strong><span style=\"color: rgb(26, 188, 156);\">Mala &#8211; Aventurine verte<\/span><\/strong>, un bijou captivant et revigorant con&ccedil;u pour \u00e9lever votre esprit et enrichir votre voyage spirituel.&nbsp;<\/p>\n<p>Ce mala est soigneusement fabriqu\u00e9 \u00e0 la main avec 108 perles d&rsquo;aventurine verte naturelle, une pierre pr\u00e9cieuse orn\u00e9e de sa teinte verte vibrante et c\u00e9l\u00e9br\u00e9e pour sa remarquable capacit\u00e9 \u00e0 attirer l&rsquo;abondance, \u00e0 favoriser la croissance et la vitalit\u00e9, et \u00e0 nourrir l&rsquo;\u00e9quilibre \u00e9motionnel et le bien-\u00eatre.&nbsp;<\/p>\n<p>Ancr\u00e9 dans la tradition, ce mala sert d&rsquo;outil essentiel dans les pratiques spirituelles comme la m\u00e9ditation et le chant,<strong><span style=\"color: rgb(75, 80, 88);\">&nbsp;les perles d&rsquo;aventurine verte \u00e9tant consid\u00e9r\u00e9es comme des catalyseurs de force int\u00e9rieure, de stabilit\u00e9 \u00e9motionnelle et de gu\u00e9rison physique. <\/span><\/strong>De plus, il sert \u00e9galement d\u2019accessoire \u00e9l\u00e9gant, ajoutant une touche de beaut\u00e9 naturelle \u00e0 n\u2019importe quelle tenue.&nbsp;<\/p>\n<p>Le Mala &#8211; Aventurine verte est un cadeau id\u00e9al pour ceux qui cherchent \u00e0 \u00e9lever leur voyage spirituel, \u00e0 inviter l&rsquo;abondance ou \u00e0 cultiver l&rsquo;\u00e9quilibre \u00e9motionnel et le bien-\u00eatre dans leur vie. Adoptez ce bijou exquis et plongez-vous dans les qualit\u00e9s \u00e9nergisantes et inspirantes de l\u2019aventurine verte.&nbsp;<\/p>\n<p>Avec sa beaut\u00e9 vibrante et naturelle, ainsi que ses attributs uniques, ce mala est destin\u00e9 \u00e0 devenir une partie int\u00e9grante de vos rituels quotidiens.&nbsp;<\/p>\n<p><strong><span style=\"color: rgb(75, 80, 88);\">Remarque : <\/span><\/strong>en raison de la nature de la pierre pr\u00e9cieuse, la taille et la longueur de chaque perle mala peuvent varier. La taille des perles est d&rsquo;environ 0,6 cm \u00e0 0,8 cm et la longueur est d&rsquo;environ 60 cm \u00e0 80 cm.<\/p>\n","protected":false},"excerpt":{"rendered":"<p>Pr\u00e9sentation du Mala &#8211; Aventurine verte, un bijou captivant et revigorant con&ccedil;u pour \u00e9lever votre esprit et enrichir votre voyage spirituel.&nbsp; Ce mala est soigneusement fabriqu\u00e9 \u00e0 la main avec 108 perles d&rsquo;aventurine verte naturelle, une pierre pr\u00e9cieuse orn\u00e9e de sa teinte verte vibrante et c\u00e9l\u00e9br\u00e9e pour sa remarquable capacit\u00e9 \u00e0 attirer l&rsquo;abondance, \u00e0 favoriser [&hellip;]<\/p>\n","protected":false},"featured_media":337283,"comment_status":"closed","ping_status":"open","template":"","meta":{"_angie_page":false},"product_brand":[],"product_cat":[25557,19265,17264,25226],"product_tag":[],"class_list":{"0":"post-232972","1":"product","2":"type-product","3":"status-publish","4":"has-post-thumbnail","6":"product_cat-aventurine","7":"product_cat-bijoux-en-pierre-precieuse-et-accessoires","8":"product_cat-cadeaux-esoterique","9":"product_cat-pierres-et-mineraux","10":"pa_collection-gemstone-mala-beads-fr","11":"pa_made-in-inde","13":"first","14":"instock","15":"purchasable","16":"product-type-simple"},"supplier_id":null,"supplier_sku":"GMala-07","barcode":null,"atum_controlled":true,"out_stock_date":null,"out_stock_threshold":null,"inheritable":false,"inbound_stock":null,"stock_on_hold":0,"sold_today":0,"sales_last_days":0,"reserved_stock":null,"customer_returns":null,"warehouse_damage":null,"lost_in_post":null,"other_logs":null,"out_stock_days":0,"lost_sales":0,"has_location":null,"update_date":"2026-05-08T05:09:40","atum_locations":[],"atum_stock_status":"instock","restock_status":false,"low_stock_amount":"","sales_update_date":"2026-02-06T00:02:18","calc_backorders":null,"_links":{"self":[{"href":"https:\/\/aromasentia.com\/fr\/wp-json\/wp\/v2\/product\/232972","targetHints":{"allow":["GET"]}}],"collection":[{"href":"https:\/\/aromasentia.com\/fr\/wp-json\/wp\/v2\/product"}],"about":[{"href":"https:\/\/aromasentia.com\/fr\/wp-json\/wp\/v2\/types\/product"}],"replies":[{"embeddable":true,"href":"https:\/\/aromasentia.com\/fr\/wp-json\/wp\/v2\/comments?post=232972"}],"version-history":[{"count":0,"href":"https:\/\/aromasentia.com\/fr\/wp-json\/wp\/v2\/product\/232972\/revisions"}],"wp:featuredmedia":[{"embeddable":true,"href":"https:\/\/aromasentia.com\/fr\/wp-json\/wp\/v2\/media\/337283"}],"wp:attachment":[{"href":"https:\/\/aromasentia.com\/fr\/wp-json\/wp\/v2\/media?parent=232972"}],"wp:term":[{"taxonomy":"product_brand","embeddable":true,"href":"https:\/\/aromasentia.com\/fr\/wp-json\/wp\/v2\/product_brand?post=232972"},{"taxonomy":"product_cat","embeddable":true,"href":"https:\/\/aromasentia.com\/fr\/wp-json\/wp\/v2\/product_cat?post=232972"},{"taxonomy":"product_tag","embeddable":true,"href":"https:\/\/aromasentia.com\/fr\/wp-json\/wp\/v2\/product_tag?post=232972"}],"curies":[{"name":"wp","href":"https:\/\/api.w.org\/{rel}","templated":true}]}}