{"id":232968,"date":"2025-03-22T13:29:50","date_gmt":"2025-03-22T13:29:50","guid":{"rendered":"https:\/\/aromasentia.com\/product\/108-bead-mala-rock-crystal\/"},"modified":"2025-06-23T18:54:18","modified_gmt":"2025-06-23T18:54:18","slug":"mala-108-perles-cristal-de-roche","status":"publish","type":"product","link":"https:\/\/aromasentia.com\/fr\/mala-108-perles-cristal-de-roche\/","title":{"rendered":"Mala 108 Perles  &#8211; Cristal de Roche"},"content":{"rendered":"<p>Pr\u00e9sentation du <strong><span style=\"color: rgb(75, 80, 88);\">Mala &#8211; Cristal de Roche<\/span><\/strong>, un bijou captivant et polyvalent qui promet d&rsquo;\u00e9lever votre voyage spirituel et votre vie quotidienne.&nbsp;<\/p>\n<p>Ce mala est compos\u00e9 de 108 perles de cristal de roche naturel, une pierre pr\u00e9cieuse appr\u00e9ci\u00e9e pour ses qualit\u00e9s claires et translucides, r\u00e9put\u00e9e pour sa capacit\u00e9 \u00e0 amplifier l&rsquo;\u00e9nergie, favoriser la clart\u00e9 de la pens\u00e9e et inculquer un sentiment d&rsquo;\u00e9quilibre et d&rsquo;harmonie au sein du corps et de l&rsquo;esprit.&nbsp;<\/p>\n<p>Profond\u00e9ment enracin\u00e9 dans la tradition, ce mala trouve son utilit\u00e9 dans les pratiques spirituelles comme la m\u00e9ditation et le chant,<strong><span style=\"color: rgb(75, 80, 88);\">&nbsp;les perles de cristal de roche \u00e9tant cens\u00e9es am\u00e9liorer l&rsquo;intuition, favoriser la croissance spirituelle et harmoniser les chakras.<\/span><\/strong> De plus, ce mala se transforme sans effort en accessoire chic, ajoutant un \u00e9l\u00e9ment d&rsquo;\u00e9l\u00e9gance et de simplicit\u00e9 \u00e0 n&rsquo;importe quelle tenue.&nbsp;<\/p>\n<p>Le Bead &#8211; Cristal de Roche est le cadeau parfait pour ceux qui cherchent \u00e0 am\u00e9liorer leur voyage spirituel ou \u00e0 insuffler plus d&rsquo;\u00e9quilibre et d&rsquo;harmonie dans leur existence quotidienne. Adoptez ce bijou exquis et plongez-vous dans l\u2019\u00e9nergie transformatrice du cristal de roche.&nbsp;<\/p>\n<p>Avec sa clart\u00e9 rayonnante et ses propri\u00e9t\u00e9s distinctives, ce mala est destin\u00e9 \u00e0 devenir un \u00e9l\u00e9ment pr\u00e9cieux de vos rituels quotidiens.&nbsp;<\/p>\n<p><strong><span style=\"color: rgb(75, 80, 88);\">Remarque :<\/span><\/strong> en raison de la nature de la pierre pr\u00e9cieuse, la taille et la longueur de chaque perle mala peuvent varier. La taille des perles est d&rsquo;environ 0,6 cm \u00e0 0,8 cm et la longueur est d&rsquo;environ 60 cm \u00e0 80 cm.<\/p>\n","protected":false},"excerpt":{"rendered":"<p>Pr\u00e9sentation du Mala &#8211; Cristal de Roche, un bijou captivant et polyvalent qui promet d&rsquo;\u00e9lever votre voyage spirituel et votre vie quotidienne.&nbsp; Ce mala est compos\u00e9 de 108 perles de cristal de roche naturel, une pierre pr\u00e9cieuse appr\u00e9ci\u00e9e pour ses qualit\u00e9s claires et translucides, r\u00e9put\u00e9e pour sa capacit\u00e9 \u00e0 amplifier l&rsquo;\u00e9nergie, favoriser la clart\u00e9 de [&hellip;]<\/p>\n","protected":false},"featured_media":337250,"comment_status":"closed","ping_status":"open","template":"","meta":{"_angie_page":false},"product_brand":[],"product_cat":[19265,17264,25742,25226],"product_tag":[],"class_list":{"0":"post-232968","1":"product","2":"type-product","3":"status-publish","4":"has-post-thumbnail","6":"product_cat-bijoux-en-pierre-precieuse-et-accessoires","7":"product_cat-cadeaux-esoterique","8":"product_cat-cristal-de-roche","9":"product_cat-pierres-et-mineraux","10":"pa_collection-gemstone-mala-beads-fr","11":"pa_made-in-inde","13":"first","14":"instock","15":"purchasable","16":"product-type-simple"},"supplier_id":null,"supplier_sku":"GMala-06","barcode":null,"atum_controlled":true,"out_stock_date":null,"out_stock_threshold":null,"inheritable":false,"inbound_stock":null,"stock_on_hold":0,"sold_today":0,"sales_last_days":0,"reserved_stock":null,"customer_returns":null,"warehouse_damage":null,"lost_in_post":null,"other_logs":null,"out_stock_days":0,"lost_sales":0,"has_location":null,"update_date":"2026-04-27T07:05:41","atum_locations":[],"atum_stock_status":"instock","restock_status":false,"low_stock_amount":"","sales_update_date":"2026-01-30T01:24:36","calc_backorders":null,"_links":{"self":[{"href":"https:\/\/aromasentia.com\/fr\/wp-json\/wp\/v2\/product\/232968","targetHints":{"allow":["GET"]}}],"collection":[{"href":"https:\/\/aromasentia.com\/fr\/wp-json\/wp\/v2\/product"}],"about":[{"href":"https:\/\/aromasentia.com\/fr\/wp-json\/wp\/v2\/types\/product"}],"replies":[{"embeddable":true,"href":"https:\/\/aromasentia.com\/fr\/wp-json\/wp\/v2\/comments?post=232968"}],"version-history":[{"count":0,"href":"https:\/\/aromasentia.com\/fr\/wp-json\/wp\/v2\/product\/232968\/revisions"}],"wp:featuredmedia":[{"embeddable":true,"href":"https:\/\/aromasentia.com\/fr\/wp-json\/wp\/v2\/media\/337250"}],"wp:attachment":[{"href":"https:\/\/aromasentia.com\/fr\/wp-json\/wp\/v2\/media?parent=232968"}],"wp:term":[{"taxonomy":"product_brand","embeddable":true,"href":"https:\/\/aromasentia.com\/fr\/wp-json\/wp\/v2\/product_brand?post=232968"},{"taxonomy":"product_cat","embeddable":true,"href":"https:\/\/aromasentia.com\/fr\/wp-json\/wp\/v2\/product_cat?post=232968"},{"taxonomy":"product_tag","embeddable":true,"href":"https:\/\/aromasentia.com\/fr\/wp-json\/wp\/v2\/product_tag?post=232968"}],"curies":[{"name":"wp","href":"https:\/\/api.w.org\/{rel}","templated":true}]}}