{"id":232964,"date":"2025-03-22T13:29:50","date_gmt":"2025-03-22T13:29:50","guid":{"rendered":"https:\/\/aromasentia.com\/product\/108-bead-mala-jade\/"},"modified":"2025-06-23T18:54:16","modified_gmt":"2025-06-23T18:54:16","slug":"mala-108-perles-jade","status":"publish","type":"product","link":"https:\/\/aromasentia.com\/fr\/mala-108-perles-jade\/","title":{"rendered":"Mala 108 Perles  &#8211; Jade"},"content":{"rendered":"<p>Pr\u00e9sentation du <strong><span style=\"color: rgb(65, 168, 95);\">Mala &#8211; Jade<\/span><\/strong>, un bijou captivant et serein con&ccedil;u pour insuffler \u00e0 votre vie \u00e9quilibre et harmonie.&nbsp;<\/p>\n<p>Ce mala est fabriqu\u00e9 \u00e0 la main \u00e0 partir de 108 perles de jade naturel, une superbe pierre pr\u00e9cieuse verte r\u00e9put\u00e9e pour sa remarquable capacit\u00e9 \u00e0 favoriser l&rsquo;\u00e9quilibre, l&rsquo;harmonie et la paix int\u00e9rieure.<\/p>\n<p>Ancr\u00e9 dans la tradition, ce mala trouve son utilit\u00e9 dans les pratiques spirituelles telles que la m\u00e9ditation et le chant, <strong><span style=\"color: rgb(75, 80, 88);\">les perles de jade \u00e9tant cens\u00e9es avoir le pouvoir de calmer l&rsquo;esprit, d&rsquo;\u00e9quilibrer les \u00e9motions et d&rsquo;am\u00e9liorer le bien-\u00eatre physique<\/span><\/strong>. De plus, ce mala se transforme sans effort en accessoire \u00e9l\u00e9gant, agr\u00e9mentant n&rsquo;importe quelle tenue d&rsquo;une touche de beaut\u00e9 naturelle.&nbsp;<\/p>\n<p>Le Mala &#8211; Jade est le cadeau parfait pour ceux qui sont en qu\u00eate d&rsquo;un plus grand \u00e9quilibre et d&rsquo;une plus grande harmonie dans leur vie. Adoptez ce bijou exquis et plongez-vous dans l\u2019\u00e9nergie apaisante du Jade.&nbsp;<\/p>\n<p>Avec sa teinte captivante et ses propri\u00e9t\u00e9s exceptionnelles, ce mala fera forc\u00e9ment partie int\u00e9grante de vos rituels quotidiens.&nbsp;<\/p>\n<p><strong><span style=\"color: rgb(75, 80, 88);\">Remarque : <\/span><\/strong>en raison de la nature de la pierre pr\u00e9cieuse, la taille et la longueur de chaque perle mala peuvent varier. La taille des perles est d&rsquo;environ 0,6 cm \u00e0 0,8 cm et la longueur est d&rsquo;environ 60 cm \u00e0 80 cm.<\/p>\n","protected":false},"excerpt":{"rendered":"<p>Pr\u00e9sentation du Mala &#8211; Jade, un bijou captivant et serein con&ccedil;u pour insuffler \u00e0 votre vie \u00e9quilibre et harmonie.&nbsp; Ce mala est fabriqu\u00e9 \u00e0 la main \u00e0 partir de 108 perles de jade naturel, une superbe pierre pr\u00e9cieuse verte r\u00e9put\u00e9e pour sa remarquable capacit\u00e9 \u00e0 favoriser l&rsquo;\u00e9quilibre, l&rsquo;harmonie et la paix int\u00e9rieure. Ancr\u00e9 dans la [&hellip;]<\/p>\n","protected":false},"featured_media":337217,"comment_status":"closed","ping_status":"open","template":"","meta":{"_angie_page":false},"product_brand":[],"product_cat":[19265,17264,25639,25226],"product_tag":[],"class_list":{"0":"post-232964","1":"product","2":"type-product","3":"status-publish","4":"has-post-thumbnail","6":"product_cat-bijoux-en-pierre-precieuse-et-accessoires","7":"product_cat-cadeaux-esoterique","8":"product_cat-jade","9":"product_cat-pierres-et-mineraux","10":"pa_collection-gemstone-mala-beads-fr","11":"pa_made-in-inde","13":"first","14":"instock","15":"purchasable","16":"product-type-simple"},"supplier_id":null,"supplier_sku":"GMala-05","barcode":null,"atum_controlled":true,"out_stock_date":null,"out_stock_threshold":null,"inheritable":false,"inbound_stock":null,"stock_on_hold":0,"sold_today":0,"sales_last_days":0,"reserved_stock":null,"customer_returns":null,"warehouse_damage":null,"lost_in_post":null,"other_logs":null,"out_stock_days":0,"lost_sales":0,"has_location":null,"update_date":"2026-05-04T00:03:55","atum_locations":[],"atum_stock_status":"instock","restock_status":false,"low_stock_amount":"","sales_update_date":"2026-01-30T01:24:39","calc_backorders":null,"_links":{"self":[{"href":"https:\/\/aromasentia.com\/fr\/wp-json\/wp\/v2\/product\/232964","targetHints":{"allow":["GET"]}}],"collection":[{"href":"https:\/\/aromasentia.com\/fr\/wp-json\/wp\/v2\/product"}],"about":[{"href":"https:\/\/aromasentia.com\/fr\/wp-json\/wp\/v2\/types\/product"}],"replies":[{"embeddable":true,"href":"https:\/\/aromasentia.com\/fr\/wp-json\/wp\/v2\/comments?post=232964"}],"version-history":[{"count":0,"href":"https:\/\/aromasentia.com\/fr\/wp-json\/wp\/v2\/product\/232964\/revisions"}],"wp:featuredmedia":[{"embeddable":true,"href":"https:\/\/aromasentia.com\/fr\/wp-json\/wp\/v2\/media\/337217"}],"wp:attachment":[{"href":"https:\/\/aromasentia.com\/fr\/wp-json\/wp\/v2\/media?parent=232964"}],"wp:term":[{"taxonomy":"product_brand","embeddable":true,"href":"https:\/\/aromasentia.com\/fr\/wp-json\/wp\/v2\/product_brand?post=232964"},{"taxonomy":"product_cat","embeddable":true,"href":"https:\/\/aromasentia.com\/fr\/wp-json\/wp\/v2\/product_cat?post=232964"},{"taxonomy":"product_tag","embeddable":true,"href":"https:\/\/aromasentia.com\/fr\/wp-json\/wp\/v2\/product_tag?post=232964"}],"curies":[{"name":"wp","href":"https:\/\/api.w.org\/{rel}","templated":true}]}}