{"id":232960,"date":"2025-03-22T13:29:50","date_gmt":"2025-03-22T13:29:50","guid":{"rendered":"https:\/\/aromasentia.com\/product\/108-bead-mala-rose-quartz\/"},"modified":"2025-06-23T18:54:15","modified_gmt":"2025-06-23T18:54:15","slug":"mala-108-perles-quartz-rose","status":"publish","type":"product","link":"https:\/\/aromasentia.com\/fr\/mala-108-perles-quartz-rose\/","title":{"rendered":"Mala 108 Perles  &#8211; Quartz Rose"},"content":{"rendered":"<p>Pr\u00e9sentation du<strong><span style=\"color: rgb(255, 192, 203);\">&nbsp;Mala &#8211; Rose Quartz<\/span><\/strong>, un bijou exquis et apaisant qui promet d&rsquo;insuffler \u00e0 votre routine quotidienne un sentiment de tranquillit\u00e9 et d&rsquo;amour.&nbsp;<\/p>\n<p>Ce mala se compose de 108 perles fabriqu\u00e9es \u00e0 partir de quartz rose naturel, une d\u00e9licate pierre pr\u00e9cieuse rose r\u00e9put\u00e9e pour sa <strong><span style=\"color: rgb(75, 80, 88);\">capacit\u00e9 \u00e0 ouvrir le chakra du c\u0153ur, \u00e0 favoriser l&rsquo;amour de soi et la compassion, et \u00e0 attirer l&rsquo;amour et l&rsquo;\u00e9nergie positive<\/span><\/strong>. Traditionnellement utilis\u00e9es dans les pratiques spirituelles telles que la m\u00e9ditation et le chant, les perles de quartz rose aideraient \u00e0 lib\u00e9rer les blessures \u00e9motionnelles et encourageraient la gu\u00e9rison int\u00e9rieure.&nbsp;<\/p>\n<p>De plus, ce mala peut \u00eatre port\u00e9 comme un accessoire de mode, ajoutant un \u00e9l\u00e9ment de gr\u00e2ce et de beaut\u00e9 \u00e0 n&rsquo;importe quelle tenue.&nbsp;<\/p>\n<p>Le Mala &#8211; Rose Quartz constitue un cadeau attentionn\u00e9, id\u00e9al pour les personnes cherchant \u00e0 nourrir plus d&rsquo;amour, de compassion et de s\u00e9r\u00e9nit\u00e9 int\u00e9rieure dans leur vie. Adoptez ce bijou remarquable et profitez de l\u2019\u00e9nergie apaisante du quartz rose. Avec ses teintes douces et ses attributs uniques, ce mala est destin\u00e9 \u00e0 devenir un \u00e9l\u00e9ment pr\u00e9cieux de votre routine quotidienne.&nbsp;<\/p>\n<p><strong>Remarque : <\/strong>en raison de la nature de la pierre pr\u00e9cieuse, la taille et la longueur de chaque perle mala peuvent varier. La taille des perles est d&rsquo;environ 0,6 cm \u00e0 0,8 cm et la longueur est d&rsquo;environ 60 cm \u00e0 80 cm.<\/p>\n","protected":false},"excerpt":{"rendered":"<p>Pr\u00e9sentation du&nbsp;Mala &#8211; Rose Quartz, un bijou exquis et apaisant qui promet d&rsquo;insuffler \u00e0 votre routine quotidienne un sentiment de tranquillit\u00e9 et d&rsquo;amour.&nbsp; Ce mala se compose de 108 perles fabriqu\u00e9es \u00e0 partir de quartz rose naturel, une d\u00e9licate pierre pr\u00e9cieuse rose r\u00e9put\u00e9e pour sa capacit\u00e9 \u00e0 ouvrir le chakra du c\u0153ur, \u00e0 favoriser l&rsquo;amour [&hellip;]<\/p>\n","protected":false},"featured_media":337176,"comment_status":"closed","ping_status":"open","template":"","meta":{"_angie_page":false},"product_brand":[],"product_cat":[19265,17264,25226,25732,25751],"product_tag":[],"class_list":{"0":"post-232960","1":"product","2":"type-product","3":"status-publish","4":"has-post-thumbnail","6":"product_cat-bijoux-en-pierre-precieuse-et-accessoires","7":"product_cat-cadeaux-esoterique","8":"product_cat-pierres-et-mineraux","9":"product_cat-quartz","10":"product_cat-quartz-rose","11":"pa_collection-gemstone-mala-beads-fr","12":"pa_made-in-inde","14":"first","15":"instock","16":"purchasable","17":"product-type-simple"},"supplier_id":null,"supplier_sku":"GMala-03","barcode":null,"atum_controlled":true,"out_stock_date":null,"out_stock_threshold":null,"inheritable":false,"inbound_stock":null,"stock_on_hold":0,"sold_today":0,"sales_last_days":0,"reserved_stock":null,"customer_returns":null,"warehouse_damage":null,"lost_in_post":null,"other_logs":null,"out_stock_days":0,"lost_sales":0,"has_location":null,"update_date":"2026-05-08T05:09:40","atum_locations":[],"atum_stock_status":"instock","restock_status":false,"low_stock_amount":"","sales_update_date":"2025-09-05T00:24:16","calc_backorders":null,"_links":{"self":[{"href":"https:\/\/aromasentia.com\/fr\/wp-json\/wp\/v2\/product\/232960","targetHints":{"allow":["GET"]}}],"collection":[{"href":"https:\/\/aromasentia.com\/fr\/wp-json\/wp\/v2\/product"}],"about":[{"href":"https:\/\/aromasentia.com\/fr\/wp-json\/wp\/v2\/types\/product"}],"replies":[{"embeddable":true,"href":"https:\/\/aromasentia.com\/fr\/wp-json\/wp\/v2\/comments?post=232960"}],"version-history":[{"count":0,"href":"https:\/\/aromasentia.com\/fr\/wp-json\/wp\/v2\/product\/232960\/revisions"}],"wp:featuredmedia":[{"embeddable":true,"href":"https:\/\/aromasentia.com\/fr\/wp-json\/wp\/v2\/media\/337176"}],"wp:attachment":[{"href":"https:\/\/aromasentia.com\/fr\/wp-json\/wp\/v2\/media?parent=232960"}],"wp:term":[{"taxonomy":"product_brand","embeddable":true,"href":"https:\/\/aromasentia.com\/fr\/wp-json\/wp\/v2\/product_brand?post=232960"},{"taxonomy":"product_cat","embeddable":true,"href":"https:\/\/aromasentia.com\/fr\/wp-json\/wp\/v2\/product_cat?post=232960"},{"taxonomy":"product_tag","embeddable":true,"href":"https:\/\/aromasentia.com\/fr\/wp-json\/wp\/v2\/product_tag?post=232960"}],"curies":[{"name":"wp","href":"https:\/\/api.w.org\/{rel}","templated":true}]}}