{"id":232952,"date":"2025-03-22T13:29:50","date_gmt":"2025-03-22T13:29:50","guid":{"rendered":"https:\/\/aromasentia.com\/product\/108-bead-mala-9-planet-astro\/"},"modified":"2025-06-23T18:54:15","modified_gmt":"2025-06-23T18:54:15","slug":"mala-108-perles-9-planetes-astro","status":"publish","type":"product","link":"https:\/\/aromasentia.com\/fr\/mala-108-perles-9-planetes-astro\/","title":{"rendered":"Mala 108 Perles  &#8211; 9 Plan\u00e8tes Astro"},"content":{"rendered":"<p><strong><span style=\"color: rgb(75, 80, 88);\">Pr\u00e9sentation du Mala &#8211; 9 Plan\u00e8tes Astro<\/span><\/strong>, un bijou magnifique et complexe qui non seulement est magnifique, mais qui rev\u00eat \u00e9galement une grande importance en astrologie.&nbsp;<\/p>\n<p>Ce mala en perles est compos\u00e9 de 108 perles, chacune repr\u00e9sentant l&rsquo;une des neuf plan\u00e8tes de l&rsquo;astrologie : le Soleil, la Lune, Mars, Mercure, Jupiter, V\u00e9nus, Saturne, Rahu et Ketu. Non seulement ce mala est un bel accessoire, mais il peut \u00e9galement \u00eatre utilis\u00e9 dans des pratiques spirituelles telles que la m\u00e9ditation et le chant.&nbsp;<\/p>\n<p>Chaque fois que vous utilisez le mala, vous pouvez vous concentrer sur une plan\u00e8te sp\u00e9cifique et son \u00e9nergie, aidant ainsi \u00e0 aligner et \u00e9quilibrer votre \u00e9nergie avec celle de l&rsquo;univers.&nbsp;<\/p>\n<p>Le Mala 108 Perles &#8211; 9 Plan\u00e8tes Astro est un cadeau parfait pour toute personne int\u00e9ress\u00e9e par l&rsquo;astrologie, la spiritualit\u00e9 ou simplement \u00e0 la recherche d&rsquo;un bijou unique et significatif.&nbsp;<\/p>\n<p><strong><span style=\"color: rgb(75, 80, 88);\">Remarque :<\/span><\/strong> en raison de la nature de la pierre pr\u00e9cieuse, la taille et la longueur de chaque perle mala peuvent varier. La taille des perles est d&rsquo;environ 0,6 cm \u00e0 0,8 cm et la longueur est d&rsquo;environ 60 cm \u00e0 80 cm.<\/p>\n","protected":false},"excerpt":{"rendered":"<p>Pr\u00e9sentation du Mala &#8211; 9 Plan\u00e8tes Astro, un bijou magnifique et complexe qui non seulement est magnifique, mais qui rev\u00eat \u00e9galement une grande importance en astrologie.&nbsp; Ce mala en perles est compos\u00e9 de 108 perles, chacune repr\u00e9sentant l&rsquo;une des neuf plan\u00e8tes de l&rsquo;astrologie : le Soleil, la Lune, Mars, Mercure, Jupiter, V\u00e9nus, Saturne, Rahu et [&hellip;]<\/p>\n","protected":false},"featured_media":337102,"comment_status":"closed","ping_status":"open","template":"","meta":{"_angie_page":false},"product_brand":[],"product_cat":[19265,17264],"product_tag":[],"class_list":{"0":"post-232952","1":"product","2":"type-product","3":"status-publish","4":"has-post-thumbnail","6":"product_cat-bijoux-en-pierre-precieuse-et-accessoires","7":"product_cat-cadeaux-esoterique","8":"pa_collection-gemstone-mala-beads-fr","9":"pa_made-in-inde","11":"first","12":"instock","13":"purchasable","14":"product-type-simple"},"supplier_id":null,"supplier_sku":"GMala-01","barcode":null,"atum_controlled":true,"out_stock_date":null,"out_stock_threshold":null,"inheritable":false,"inbound_stock":null,"stock_on_hold":0,"sold_today":0,"sales_last_days":0,"reserved_stock":null,"customer_returns":null,"warehouse_damage":null,"lost_in_post":null,"other_logs":null,"out_stock_days":0,"lost_sales":0,"has_location":null,"update_date":"2026-05-04T00:03:55","atum_locations":[],"atum_stock_status":"instock","restock_status":false,"low_stock_amount":"","sales_update_date":"2026-01-30T01:24:29","calc_backorders":null,"_links":{"self":[{"href":"https:\/\/aromasentia.com\/fr\/wp-json\/wp\/v2\/product\/232952","targetHints":{"allow":["GET"]}}],"collection":[{"href":"https:\/\/aromasentia.com\/fr\/wp-json\/wp\/v2\/product"}],"about":[{"href":"https:\/\/aromasentia.com\/fr\/wp-json\/wp\/v2\/types\/product"}],"replies":[{"embeddable":true,"href":"https:\/\/aromasentia.com\/fr\/wp-json\/wp\/v2\/comments?post=232952"}],"version-history":[{"count":0,"href":"https:\/\/aromasentia.com\/fr\/wp-json\/wp\/v2\/product\/232952\/revisions"}],"wp:featuredmedia":[{"embeddable":true,"href":"https:\/\/aromasentia.com\/fr\/wp-json\/wp\/v2\/media\/337102"}],"wp:attachment":[{"href":"https:\/\/aromasentia.com\/fr\/wp-json\/wp\/v2\/media?parent=232952"}],"wp:term":[{"taxonomy":"product_brand","embeddable":true,"href":"https:\/\/aromasentia.com\/fr\/wp-json\/wp\/v2\/product_brand?post=232952"},{"taxonomy":"product_cat","embeddable":true,"href":"https:\/\/aromasentia.com\/fr\/wp-json\/wp\/v2\/product_cat?post=232952"},{"taxonomy":"product_tag","embeddable":true,"href":"https:\/\/aromasentia.com\/fr\/wp-json\/wp\/v2\/product_tag?post=232952"}],"curies":[{"name":"wp","href":"https:\/\/api.w.org\/{rel}","templated":true}]}}