{"id":232948,"date":"2025-03-22T13:29:50","date_gmt":"2025-03-22T13:29:50","guid":{"rendered":"https:\/\/aromasentia.com\/product\/gemstone-faceted-healing-ball-stand-tigereye\/"},"modified":"2025-06-23T18:54:14","modified_gmt":"2025-06-23T18:54:14","slug":"boule-de-guerison-a-facettes-en-pierres-precieuses-support-oeil-de-tigre","status":"publish","type":"product","link":"https:\/\/aromasentia.com\/fr\/boule-de-guerison-a-facettes-en-pierres-precieuses-support-oeil-de-tigre\/","title":{"rendered":"Boule de Gu\u00e9rison \u00e0 Facettes en Pierres Pr\u00e9cieuses &#038; Support  &#8211; Oeil de Tigre"},"content":{"rendered":"<p><strong><span style=\"color: rgb(75, 80, 88);\">D\u00e9couvrez la Boule de Gu\u00e9rison \u00e0 Facettes en Pierres Pr\u00e9cieuses &amp; Support &#8211; Oeil de Tigre<\/span><\/strong>, un m\u00e9lange harmonieux des min\u00e9raux les plus fins de la nature, chacun avec son symbolisme et son \u00e9nergie uniques, pr\u00e9sent\u00e9s avec leurs charmants compagnons en bois dans une teinte marron clair apaisante. Boostez votre inventaire avec la Boule de Gu\u00e9rison \u0153il de Tigre !&nbsp;<\/p>\n<p>Avec une taille de 5 cm et un duo de 10 cm avec son support en bois, elle est synonyme de confiance et de force. Cette pierre pr\u00e9cieuse se connecte aux chakras racine et plexus solaire, offrant \u00e0 vos clients une dose de puissance. Un compl\u00e9ment id\u00e9al pour votre boutique spirituelle.&nbsp;<\/p>\n<p>Lorsque vous exposez ces pierres pr\u00e9cieuses, n&rsquo;oubliez pas de les placer \u00e0 des endroits strat\u00e9giques de votre magasin. Leurs couleurs \u00e9clatantes et leurs significations individuelles attireront sans aucun doute l&rsquo;attention de vos clients.&nbsp;<\/p>\n<p><strong><span style=\"color: rgb(75, 80, 88);\">Vos clients appr\u00e9cieront cette approche holistique pour se sentir bien.<\/span><\/strong><\/p>\n","protected":false},"excerpt":{"rendered":"<p>D\u00e9couvrez la Boule de Gu\u00e9rison \u00e0 Facettes en Pierres Pr\u00e9cieuses &amp; Support &#8211; Oeil de Tigre, un m\u00e9lange harmonieux des min\u00e9raux les plus fins de la nature, chacun avec son symbolisme et son \u00e9nergie uniques, pr\u00e9sent\u00e9s avec leurs charmants compagnons en bois dans une teinte marron clair apaisante. Boostez votre inventaire avec la Boule de [&hellip;]<\/p>\n","protected":false},"featured_media":337069,"comment_status":"closed","ping_status":"open","template":"","meta":{"_angie_page":false},"product_brand":[],"product_cat":[17264,25786,25226,18938],"product_tag":[],"class_list":{"0":"post-232948","1":"product","2":"type-product","3":"status-publish","4":"has-post-thumbnail","6":"product_cat-cadeaux-esoterique","7":"product_cat-oeil-de-tigre","8":"product_cat-pierres-et-mineraux","9":"product_cat-pierres-roulees","10":"pa_collection-gemstone-healing-balls-with-stand-fr","11":"pa_made-in-inde","13":"first","14":"instock","15":"purchasable","16":"product-type-simple"},"supplier_id":null,"supplier_sku":"GHB-05","barcode":null,"atum_controlled":true,"out_stock_date":null,"out_stock_threshold":null,"inheritable":false,"inbound_stock":null,"stock_on_hold":0,"sold_today":0,"sales_last_days":0,"reserved_stock":null,"customer_returns":null,"warehouse_damage":null,"lost_in_post":null,"other_logs":null,"out_stock_days":0,"lost_sales":0,"has_location":null,"update_date":"2026-04-27T07:05:41","atum_locations":[],"atum_stock_status":"instock","restock_status":false,"low_stock_amount":"","sales_update_date":"2026-01-30T01:24:49","calc_backorders":null,"_links":{"self":[{"href":"https:\/\/aromasentia.com\/fr\/wp-json\/wp\/v2\/product\/232948","targetHints":{"allow":["GET"]}}],"collection":[{"href":"https:\/\/aromasentia.com\/fr\/wp-json\/wp\/v2\/product"}],"about":[{"href":"https:\/\/aromasentia.com\/fr\/wp-json\/wp\/v2\/types\/product"}],"replies":[{"embeddable":true,"href":"https:\/\/aromasentia.com\/fr\/wp-json\/wp\/v2\/comments?post=232948"}],"version-history":[{"count":0,"href":"https:\/\/aromasentia.com\/fr\/wp-json\/wp\/v2\/product\/232948\/revisions"}],"wp:featuredmedia":[{"embeddable":true,"href":"https:\/\/aromasentia.com\/fr\/wp-json\/wp\/v2\/media\/337069"}],"wp:attachment":[{"href":"https:\/\/aromasentia.com\/fr\/wp-json\/wp\/v2\/media?parent=232948"}],"wp:term":[{"taxonomy":"product_brand","embeddable":true,"href":"https:\/\/aromasentia.com\/fr\/wp-json\/wp\/v2\/product_brand?post=232948"},{"taxonomy":"product_cat","embeddable":true,"href":"https:\/\/aromasentia.com\/fr\/wp-json\/wp\/v2\/product_cat?post=232948"},{"taxonomy":"product_tag","embeddable":true,"href":"https:\/\/aromasentia.com\/fr\/wp-json\/wp\/v2\/product_tag?post=232948"}],"curies":[{"name":"wp","href":"https:\/\/api.w.org\/{rel}","templated":true}]}}