{"id":232936,"date":"2025-03-22T13:29:50","date_gmt":"2025-03-22T13:29:50","guid":{"rendered":"https:\/\/aromasentia.com\/product\/gemstone-faceted-healing-ball-stand-amethyst\/"},"modified":"2025-06-23T18:54:13","modified_gmt":"2025-06-23T18:54:13","slug":"boule-de-guerison-a-facettes-en-pierres-precieuses-support-amethyste","status":"publish","type":"product","link":"https:\/\/aromasentia.com\/fr\/boule-de-guerison-a-facettes-en-pierres-precieuses-support-amethyste\/","title":{"rendered":"Boule de Gu\u00e9rison \u00e0 Facettes en Pierres Pr\u00e9cieuses &#038; Support  &#8211; Am\u00e9thyste"},"content":{"rendered":"<p><strong><span style=\"color: rgb(75, 80, 88);\">D\u00e9couvrez la Boule de Gu\u00e9rison \u00e0 Facettes en Pierres Pr\u00e9cieuses &amp; Support &#8211; Am\u00e9thyste<\/span><\/strong>, un m\u00e9lange harmonieux des min\u00e9raux les plus fins de la nature, chacun avec son symbolisme et son \u00e9nergie uniques, pr\u00e9sent\u00e9s avec leurs charmants compagnons en bois dans une teinte brun clair apaisante.&nbsp;<\/p>\n<p>Jetez un coup d&rsquo;\u0153il \u00e0 notre boule de gu\u00e9rison en am\u00e9thyste !&nbsp;<\/p>\n<p>Elle mesure 5 cm de pure tranquillit\u00e9 et est accompagn\u00e9e d&rsquo;un joli support en bois. Cette pierre pr\u00e9cieuse est synonyme de paix et de clart\u00e9.&nbsp;<\/p>\n<p>Parfaite pour la revente dans les espaces de m\u00e9ditation et les boutiques de bien-\u00eatre. La couleur violette profonde de l&rsquo;am\u00e9thyste aide les gens \u00e0 m\u00e9diter et \u00e0 grandir spirituellement.&nbsp;<\/p>\n<p>Offrez \u00e0 vos clients un peu de s\u00e9r\u00e9nit\u00e9. Lorsque vous pr\u00e9sentez ces pierres pr\u00e9cieuses, n&rsquo;oubliez pas de les placer \u00e0 des endroits strat\u00e9giques de votre magasin. Leurs couleurs \u00e9clatantes et leurs significations individuelles attireront sans aucun doute l&rsquo;attention de vos clients.&nbsp;<\/p>\n<p><strong><span style=\"color: rgb(75, 80, 88);\">Vos clients appr\u00e9cieront cette approche holistique pour se sentir bien.<\/span><\/strong><\/p>\n","protected":false},"excerpt":{"rendered":"<p>D\u00e9couvrez la Boule de Gu\u00e9rison \u00e0 Facettes en Pierres Pr\u00e9cieuses &amp; Support &#8211; Am\u00e9thyste, un m\u00e9lange harmonieux des min\u00e9raux les plus fins de la nature, chacun avec son symbolisme et son \u00e9nergie uniques, pr\u00e9sent\u00e9s avec leurs charmants compagnons en bois dans une teinte brun clair apaisante.&nbsp; Jetez un coup d&rsquo;\u0153il \u00e0 notre boule de gu\u00e9rison [&hellip;]<\/p>\n","protected":false},"featured_media":337018,"comment_status":"closed","ping_status":"open","template":"","meta":{"_angie_page":false},"product_brand":[],"product_cat":[25543,17264,25226,18938],"product_tag":[],"class_list":{"0":"post-232936","1":"product","2":"type-product","3":"status-publish","4":"has-post-thumbnail","6":"product_cat-amethyste","7":"product_cat-cadeaux-esoterique","8":"product_cat-pierres-et-mineraux","9":"product_cat-pierres-roulees","10":"pa_collection-gemstone-healing-balls-with-stand-fr","11":"pa_made-in-inde","13":"first","14":"instock","15":"purchasable","16":"product-type-simple"},"supplier_id":null,"supplier_sku":"GHB-02","barcode":null,"atum_controlled":true,"out_stock_date":null,"out_stock_threshold":null,"inheritable":false,"inbound_stock":null,"stock_on_hold":0,"sold_today":0,"sales_last_days":0,"reserved_stock":null,"customer_returns":null,"warehouse_damage":null,"lost_in_post":null,"other_logs":null,"out_stock_days":0,"lost_sales":0,"has_location":null,"update_date":"2026-04-27T07:05:41","atum_locations":[],"atum_stock_status":"instock","restock_status":false,"low_stock_amount":"","sales_update_date":"2026-01-30T01:25:27","calc_backorders":null,"_links":{"self":[{"href":"https:\/\/aromasentia.com\/fr\/wp-json\/wp\/v2\/product\/232936","targetHints":{"allow":["GET"]}}],"collection":[{"href":"https:\/\/aromasentia.com\/fr\/wp-json\/wp\/v2\/product"}],"about":[{"href":"https:\/\/aromasentia.com\/fr\/wp-json\/wp\/v2\/types\/product"}],"replies":[{"embeddable":true,"href":"https:\/\/aromasentia.com\/fr\/wp-json\/wp\/v2\/comments?post=232936"}],"version-history":[{"count":0,"href":"https:\/\/aromasentia.com\/fr\/wp-json\/wp\/v2\/product\/232936\/revisions"}],"wp:featuredmedia":[{"embeddable":true,"href":"https:\/\/aromasentia.com\/fr\/wp-json\/wp\/v2\/media\/337018"}],"wp:attachment":[{"href":"https:\/\/aromasentia.com\/fr\/wp-json\/wp\/v2\/media?parent=232936"}],"wp:term":[{"taxonomy":"product_brand","embeddable":true,"href":"https:\/\/aromasentia.com\/fr\/wp-json\/wp\/v2\/product_brand?post=232936"},{"taxonomy":"product_cat","embeddable":true,"href":"https:\/\/aromasentia.com\/fr\/wp-json\/wp\/v2\/product_cat?post=232936"},{"taxonomy":"product_tag","embeddable":true,"href":"https:\/\/aromasentia.com\/fr\/wp-json\/wp\/v2\/product_tag?post=232936"}],"curies":[{"name":"wp","href":"https:\/\/api.w.org\/{rel}","templated":true}]}}