{"id":232912,"date":"2025-03-22T13:29:50","date_gmt":"2025-03-22T13:29:50","guid":{"rendered":"https:\/\/aromasentia.com\/product\/white-howlite-planet-on-a-sola-goldstone-stand-40mm-30x15mm-stand\/"},"modified":"2025-06-23T18:54:10","modified_gmt":"2025-06-23T18:54:10","slug":"planete-en-howlite-blanche-sur-support-en-pierre-goldstone-40mm-support-30x15mm","status":"publish","type":"product","link":"https:\/\/aromasentia.com\/fr\/planete-en-howlite-blanche-sur-support-en-pierre-goldstone-40mm-support-30x15mm\/","title":{"rendered":"Plan\u00e8te en Howlite Blanche sur Support en Pierre Goldstone &#8211; 40mm (support 30x15mm)"},"content":{"rendered":"<p><strong>PIERRE PR\u00e9CIEUSE LUNE PLAN\u00e8TE :&nbsp;<\/strong><\/p>\n<p><strong>PAIX &#8211; CHANGEMENT &#8211; TRANQUILLIT\u00e9&nbsp;<\/strong><\/p>\n<p>La howlite blanche, qui incarne l&rsquo;\u00e9nergie sereine de la Lune, est une pierre de tranquillit\u00e9 et d&rsquo;\u00e9quilibre \u00e9motionnel. Ses douces teintes blanches refl\u00e8tent l&rsquo;influence apaisante de la Lune, aidant \u00e0 calmer un esprit trop actif et \u00e0 promouvoir un profond sentiment de paix.&nbsp;<\/p>\n<p>La howlite blanche est \u00e9troitement associ\u00e9e \u00e0 la patience et \u00e0 la r\u00e9flexion int\u00e9rieure, ce qui en fait une pierre id\u00e9ale pour ceux qui cherchent \u00e0 explorer leur monde int\u00e9rieur et \u00e0 s&#8217;embarquer dans un voyage de d\u00e9couverte de soi.&nbsp;<\/p>\n<p>Cette pierre favorise la m\u00e9ditation, la pleine conscience et la gu\u00e9rison \u00e9motionnelle en encourageant une connexion plus profonde avec les pens\u00e9es et les sentiments de chacun. Qu&rsquo;elle soit utilis\u00e9e dans les rituels quotidiens, port\u00e9e comme talisman apaisant ou plac\u00e9e dans un espace de repos, la howlite blanche canalise l&rsquo;\u00e9nergie nourrici\u00e8re de la lune, guidant vers une plus grande conscience de soi et une plus grande harmonie \u00e9motionnelle.&nbsp;<\/p>\n<p><strong>Le support en pierre Goldstone, inspir\u00e9 par les profondeurs cosmiques, offre une base solide \u00e0 la sph\u00e8re Howlite Blanche.&nbsp;<\/strong><\/p>\n<p><strong>Taille de la plan\u00e8te :<\/strong> 40mm&nbsp;<\/p>\n<p><strong>Taille du support :&nbsp;<\/strong>3x15mm<\/p>\n","protected":false},"excerpt":{"rendered":"<p>PIERRE PR\u00e9CIEUSE LUNE PLAN\u00e8TE :&nbsp; PAIX &#8211; CHANGEMENT &#8211; TRANQUILLIT\u00e9&nbsp; La howlite blanche, qui incarne l&rsquo;\u00e9nergie sereine de la Lune, est une pierre de tranquillit\u00e9 et d&rsquo;\u00e9quilibre \u00e9motionnel. Ses douces teintes blanches refl\u00e8tent l&rsquo;influence apaisante de la Lune, aidant \u00e0 calmer un esprit trop actif et \u00e0 promouvoir un profond sentiment de paix.&nbsp; La howlite [&hellip;]<\/p>\n","protected":false},"featured_media":336708,"comment_status":"closed","ping_status":"open","template":"","meta":[],"product_brand":[],"product_cat":[17264,25628,25611,25226,18938],"product_tag":[],"class_list":{"0":"post-232912","1":"product","2":"type-product","3":"status-publish","4":"has-post-thumbnail","6":"product_cat-cadeaux-esoterique","7":"product_cat-howlite","8":"product_cat-pierre-d-or","9":"product_cat-pierres-et-mineraux","10":"product_cat-pierres-roulees","11":"pa_collection-gemstone-planets-on-a-goldstone-stand-fr","12":"pa_made-in-chine","14":"first","15":"instock","16":"purchasable","17":"product-type-simple"},"supplier_id":null,"supplier_sku":"GemPL-04","barcode":null,"atum_controlled":true,"out_stock_date":null,"out_stock_threshold":null,"inheritable":false,"inbound_stock":null,"stock_on_hold":0,"sold_today":0,"sales_last_days":0,"reserved_stock":null,"customer_returns":null,"warehouse_damage":null,"lost_in_post":null,"other_logs":null,"out_stock_days":0,"lost_sales":0,"has_location":null,"update_date":"2026-02-06T00:01:41","atum_locations":[],"atum_stock_status":"instock","restock_status":false,"low_stock_amount":"","sales_update_date":"2026-02-06T00:01:41","calc_backorders":null,"_links":{"self":[{"href":"https:\/\/aromasentia.com\/fr\/wp-json\/wp\/v2\/product\/232912","targetHints":{"allow":["GET"]}}],"collection":[{"href":"https:\/\/aromasentia.com\/fr\/wp-json\/wp\/v2\/product"}],"about":[{"href":"https:\/\/aromasentia.com\/fr\/wp-json\/wp\/v2\/types\/product"}],"replies":[{"embeddable":true,"href":"https:\/\/aromasentia.com\/fr\/wp-json\/wp\/v2\/comments?post=232912"}],"version-history":[{"count":0,"href":"https:\/\/aromasentia.com\/fr\/wp-json\/wp\/v2\/product\/232912\/revisions"}],"wp:featuredmedia":[{"embeddable":true,"href":"https:\/\/aromasentia.com\/fr\/wp-json\/wp\/v2\/media\/336708"}],"wp:attachment":[{"href":"https:\/\/aromasentia.com\/fr\/wp-json\/wp\/v2\/media?parent=232912"}],"wp:term":[{"taxonomy":"product_brand","embeddable":true,"href":"https:\/\/aromasentia.com\/fr\/wp-json\/wp\/v2\/product_brand?post=232912"},{"taxonomy":"product_cat","embeddable":true,"href":"https:\/\/aromasentia.com\/fr\/wp-json\/wp\/v2\/product_cat?post=232912"},{"taxonomy":"product_tag","embeddable":true,"href":"https:\/\/aromasentia.com\/fr\/wp-json\/wp\/v2\/product_tag?post=232912"}],"curies":[{"name":"wp","href":"https:\/\/api.w.org\/{rel}","templated":true}]}}