{"id":232904,"date":"2025-03-22T13:29:50","date_gmt":"2025-03-22T13:29:50","guid":{"rendered":"https:\/\/aromasentia.com\/product\/ametyst-planet-on-a-sola-goldstone-stand-40mm-30x15mm-stand\/"},"modified":"2025-06-23T18:54:09","modified_gmt":"2025-06-23T18:54:09","slug":"planete-ametyste-sur-support-en-pierre-goldstone-40mm-support-30x15mm","status":"publish","type":"product","link":"https:\/\/aromasentia.com\/fr\/planete-ametyste-sur-support-en-pierre-goldstone-40mm-support-30x15mm\/","title":{"rendered":"Plan\u00e8te Ametyste sur Support en Pierre Goldstone &#8211; 40mm (support 30x15mm)"},"content":{"rendered":"<p><strong>JUPITER PIERRE PR\u00e9CIEUSE PLAN\u00e8TE :&nbsp;<\/strong><\/p>\n<p><strong>SAGESSE &#8211; POUVOIR &#8211; CONNAISSANCE&nbsp;<\/strong><\/p>\n<p>L&rsquo;am\u00e9thyste, qui r\u00e9sonne avec l&rsquo;\u00e9nergie expansive et royale de Jupiter, est v\u00e9n\u00e9r\u00e9e pour sa teinte violette profonde et ses puissantes propri\u00e9t\u00e9s spirituelles.&nbsp;<\/p>\n<p>Cette pierre est \u00e9troitement associ\u00e9e au chakra de la couronne, ce qui en fait un outil essentiel pour favoriser la croissance spirituelle, la clart\u00e9 d&rsquo;esprit et le calme de la concentration. La connexion de l&rsquo;am\u00e9thyste avec Jupiter apporte la sagesse, l&rsquo;ambition et un sentiment de paix int\u00e9rieure, vous aidant \u00e0 traverser les d\u00e9fis de la vie avec clart\u00e9 et gr\u00e2ce.&nbsp;<\/p>\n<p>Souvent utilis\u00e9e dans la m\u00e9ditation, l&rsquo;am\u00e9thyste sert \u00e9galement de pierre protectrice, prot\u00e9geant des \u00e9nergies n\u00e9gatives tout en favorisant un sentiment de s\u00e9r\u00e9nit\u00e9 et de compr\u00e9hension sup\u00e9rieure.&nbsp;<\/p>\n<p>Qu&rsquo;elle soit incorpor\u00e9e dans les pratiques quotidiennes ou utilis\u00e9e comme pi\u00e8ce d\u00e9corative, l&rsquo;am\u00e9thyste incarne la sagesse et la force de Jupiter, encourageant une approche \u00e9quilibr\u00e9e et \u00e9clair\u00e9e de la vie.&nbsp;<\/p>\n<p>Le support en pierre goldstone offre une base solide \u00e0 la sph\u00e8re d&rsquo;am\u00e9thyste, refl\u00e9tant la beaut\u00e9 \u00e9nigmatique du cosmos.&nbsp;<\/p>\n<p><strong>Taille de la plan\u00e8te :<\/strong> 40mm&nbsp;<\/p>\n<p><strong>Taille du support :<\/strong> 3x15mm<\/p>\n","protected":false},"excerpt":{"rendered":"<p>JUPITER PIERRE PR\u00e9CIEUSE PLAN\u00e8TE :&nbsp; SAGESSE &#8211; POUVOIR &#8211; CONNAISSANCE&nbsp; L&rsquo;am\u00e9thyste, qui r\u00e9sonne avec l&rsquo;\u00e9nergie expansive et royale de Jupiter, est v\u00e9n\u00e9r\u00e9e pour sa teinte violette profonde et ses puissantes propri\u00e9t\u00e9s spirituelles.&nbsp; Cette pierre est \u00e9troitement associ\u00e9e au chakra de la couronne, ce qui en fait un outil essentiel pour favoriser la croissance spirituelle, la [&hellip;]<\/p>\n","protected":false},"featured_media":336538,"comment_status":"closed","ping_status":"open","template":"","meta":[],"product_brand":[],"product_cat":[17264,25611,25226,18938],"product_tag":[],"class_list":{"0":"post-232904","1":"product","2":"type-product","3":"status-publish","4":"has-post-thumbnail","6":"product_cat-cadeaux-esoterique","7":"product_cat-pierre-d-or","8":"product_cat-pierres-et-mineraux","9":"product_cat-pierres-roulees","10":"pa_collection-gemstone-planets-on-a-goldstone-stand-fr","11":"pa_made-in-chine","13":"first","14":"instock","15":"purchasable","16":"product-type-simple"},"supplier_id":null,"supplier_sku":"GemPL-02","barcode":null,"atum_controlled":true,"out_stock_date":null,"out_stock_threshold":null,"inheritable":false,"inbound_stock":null,"stock_on_hold":0,"sold_today":0,"sales_last_days":0,"reserved_stock":null,"customer_returns":null,"warehouse_damage":null,"lost_in_post":null,"other_logs":null,"out_stock_days":0,"lost_sales":0,"has_location":null,"update_date":"2026-02-06T00:01:41","atum_locations":[],"atum_stock_status":"instock","restock_status":false,"low_stock_amount":"","sales_update_date":"2026-02-06T00:01:41","calc_backorders":null,"_links":{"self":[{"href":"https:\/\/aromasentia.com\/fr\/wp-json\/wp\/v2\/product\/232904","targetHints":{"allow":["GET"]}}],"collection":[{"href":"https:\/\/aromasentia.com\/fr\/wp-json\/wp\/v2\/product"}],"about":[{"href":"https:\/\/aromasentia.com\/fr\/wp-json\/wp\/v2\/types\/product"}],"replies":[{"embeddable":true,"href":"https:\/\/aromasentia.com\/fr\/wp-json\/wp\/v2\/comments?post=232904"}],"version-history":[{"count":0,"href":"https:\/\/aromasentia.com\/fr\/wp-json\/wp\/v2\/product\/232904\/revisions"}],"wp:featuredmedia":[{"embeddable":true,"href":"https:\/\/aromasentia.com\/fr\/wp-json\/wp\/v2\/media\/336538"}],"wp:attachment":[{"href":"https:\/\/aromasentia.com\/fr\/wp-json\/wp\/v2\/media?parent=232904"}],"wp:term":[{"taxonomy":"product_brand","embeddable":true,"href":"https:\/\/aromasentia.com\/fr\/wp-json\/wp\/v2\/product_brand?post=232904"},{"taxonomy":"product_cat","embeddable":true,"href":"https:\/\/aromasentia.com\/fr\/wp-json\/wp\/v2\/product_cat?post=232904"},{"taxonomy":"product_tag","embeddable":true,"href":"https:\/\/aromasentia.com\/fr\/wp-json\/wp\/v2\/product_tag?post=232904"}],"curies":[{"name":"wp","href":"https:\/\/api.w.org\/{rel}","templated":true}]}}