{"id":232896,"date":"2025-03-22T13:29:50","date_gmt":"2025-03-22T13:29:50","guid":{"rendered":"https:\/\/aromasentia.com\/product\/lingam-shaped-gemstone-pendulum-rose-quartz\/"},"modified":"2025-06-23T18:54:08","modified_gmt":"2025-06-23T18:54:08","slug":"pendule-en-pierre-precieuse-en-forme-de-lingam-quartz-rose","status":"publish","type":"product","link":"https:\/\/aromasentia.com\/fr\/pendule-en-pierre-precieuse-en-forme-de-lingam-quartz-rose\/","title":{"rendered":"Pendule en Pierre Pr\u00e9cieuse en Forme de Lingam &#8211; Quartz rose"},"content":{"rendered":"<h6><strong><span style=\"color : rgb(235, 107, 86)\">&nbsp;3x Rose Quartz Lingam Shaped Pendulums<\/span><\/strong><\/h6>\n<p>Attirez les clients en qu\u00eate d&rsquo;amour, de compassion et de connexion avec ces envo\u00fbtants <strong>Rose Quartz Lingam Pendulums<\/strong>.<\/strong><\/p>\n<p>Chaque pendule comporte une <strong>pierre pr\u00e9cieuse de quartz rose authentique<\/strong>, m\u00e9ticuleusement fa\u00e7onn\u00e9e et polie en forme de lingam. <La forme du lingam symbolise l'\u00e9nergie masculine et est cens\u00e9e renforcer l'amour de soi et la confiance en soi, tandis que la pierre pr\u00e9cieuse de quartz rose elle-m\u00eame est r\u00e9put\u00e9e pour son association avec l'amour, la compassion et la gu\u00e9rison \u00e9motionnelle.<\/strong><\/p>\n<p><strong>Caract\u00e9ristiques du produit :<\/strong><\/p>\n<p>\u00e2-\u00aa\u00ef\u00b8 V\u00e9ritable pierre pr\u00e9cieuse de quartz rose<\/p>\n<p>\u00e2-\u00aa\u00ef\u00b8 Forme de lingam pour une meilleure cr\u00e9ativit\u00e9<\/p>\n<p>\u00e2-\u00aa\u00ef\u00b8 Finition lisse et polie<\/p>\n<p>.\u00e2-\u00aa\u00ef\u00b8 Cha\u00eene plaqu\u00e9e argent (environ 170mm de long) et perle de pierre pr\u00e9cieuse&nbsp;<\/p>\n<p>\u00e2-\u00aa\u00ef\u00b8 Lot de 3 en gros<\/p>\n<p><strong>Donnez \u00e0 vos clients les moyens de cultiver l&rsquo;amour de soi, d&rsquo;attirer des relations saines et de rayonner la compassion. Ajoutez des pendules Lingam en quartz rose \u00e0 votre inventaire d\u00e8s aujourd&rsquo;hui!<\/strong> <\/p><\/p>\n","protected":false},"excerpt":{"rendered":"<p>&nbsp;3x Rose Quartz Lingam Shaped Pendulums Attirez les clients en qu\u00eate d&rsquo;amour, de compassion et de connexion avec ces envo\u00fbtants Rose Quartz Lingam Pendulums. Chaque pendule comporte une pierre pr\u00e9cieuse de quartz rose authentique, m\u00e9ticuleusement fa\u00e7onn\u00e9e et polie en forme de lingam.<\/p>\n","protected":false},"featured_media":336480,"comment_status":"closed","ping_status":"open","template":"","meta":{"_angie_page":false},"product_brand":[],"product_cat":[19144,14446,19073,25226,25732,25751,25756],"product_tag":[],"class_list":{"0":"post-232896","1":"product","2":"type-product","3":"status-publish","4":"has-post-thumbnail","6":"product_cat-inspirations","7":"product_cat-maison-et-jardin","8":"product_cat-pendentifs-pendules-et-jeu-de-runes","9":"product_cat-pierres-et-mineraux","10":"product_cat-quartz","11":"product_cat-quartz-rose","12":"product_cat-shiva-lingam","13":"pa_collection-gemstone-magic-pendulums-fr","14":"pa_made-in-inde","16":"first","17":"instock","18":"purchasable","19":"product-type-simple"},"supplier_id":null,"supplier_sku":"GemMP-33","barcode":null,"atum_controlled":true,"out_stock_date":null,"out_stock_threshold":null,"inheritable":false,"inbound_stock":null,"stock_on_hold":0,"sold_today":0,"sales_last_days":0,"reserved_stock":null,"customer_returns":null,"warehouse_damage":null,"lost_in_post":null,"other_logs":null,"out_stock_days":0,"lost_sales":0,"has_location":null,"update_date":"2026-04-27T07:05:23","atum_locations":[],"atum_stock_status":"instock","restock_status":false,"low_stock_amount":"","sales_update_date":"2026-01-30T01:26:04","calc_backorders":null,"_links":{"self":[{"href":"https:\/\/aromasentia.com\/fr\/wp-json\/wp\/v2\/product\/232896","targetHints":{"allow":["GET"]}}],"collection":[{"href":"https:\/\/aromasentia.com\/fr\/wp-json\/wp\/v2\/product"}],"about":[{"href":"https:\/\/aromasentia.com\/fr\/wp-json\/wp\/v2\/types\/product"}],"replies":[{"embeddable":true,"href":"https:\/\/aromasentia.com\/fr\/wp-json\/wp\/v2\/comments?post=232896"}],"version-history":[{"count":0,"href":"https:\/\/aromasentia.com\/fr\/wp-json\/wp\/v2\/product\/232896\/revisions"}],"wp:featuredmedia":[{"embeddable":true,"href":"https:\/\/aromasentia.com\/fr\/wp-json\/wp\/v2\/media\/336480"}],"wp:attachment":[{"href":"https:\/\/aromasentia.com\/fr\/wp-json\/wp\/v2\/media?parent=232896"}],"wp:term":[{"taxonomy":"product_brand","embeddable":true,"href":"https:\/\/aromasentia.com\/fr\/wp-json\/wp\/v2\/product_brand?post=232896"},{"taxonomy":"product_cat","embeddable":true,"href":"https:\/\/aromasentia.com\/fr\/wp-json\/wp\/v2\/product_cat?post=232896"},{"taxonomy":"product_tag","embeddable":true,"href":"https:\/\/aromasentia.com\/fr\/wp-json\/wp\/v2\/product_tag?post=232896"}],"curies":[{"name":"wp","href":"https:\/\/api.w.org\/{rel}","templated":true}]}}