{"id":232776,"date":"2025-03-22T13:29:58","date_gmt":"2025-03-22T13:29:58","guid":{"rendered":"https:\/\/aromasentia.com\/product\/amethyst-gemstone-tree-160-stones\/"},"modified":"2025-06-23T18:53:50","modified_gmt":"2025-06-23T18:53:50","slug":"arbres-a-gemme-dinde-amethyste-160-pierres","status":"publish","type":"product","link":"https:\/\/aromasentia.com\/fr\/arbres-a-gemme-dinde-amethyste-160-pierres\/","title":{"rendered":"Arbres \u00e0 gemme d&rsquo;Inde Am\u00e9thyste &#8211; 160 Pierres"},"content":{"rendered":"<p><strong><span style=\"color: rgb(75, 80, 88);\">Arbre \u00e0 gemmes &#8211; Am\u00e9thyste.<\/span><\/strong><\/p>\n<p>Ces arbres de pierres semi-pr\u00e9cieuses sont fabriqu\u00e9s en Inde. Ils sont fabriqu\u00e9s \u00e0 la main \u00e0 partir de v\u00e9ritables pierres semi-pr\u00e9cieuses mont\u00e9es sur un support en pierre.<\/p>\n<p>Chaque produit \u00e9tant unique, les dimensions et la base en pierre peuvent varier.<\/p>\n<p>160 pierres Hauteur: 240mm<\/p>\n","protected":false},"excerpt":{"rendered":"<p>Arbre \u00e0 gemmes &#8211; Am\u00e9thyste. Ces arbres de pierres semi-pr\u00e9cieuses sont fabriqu\u00e9s en Inde. Ils sont fabriqu\u00e9s \u00e0 la main \u00e0 partir de v\u00e9ritables pierres semi-pr\u00e9cieuses mont\u00e9es sur un support en pierre. Chaque produit \u00e9tant unique, les dimensions et la base en pierre peuvent varier. 160 pierres Hauteur: 240mm<\/p>\n","protected":false},"featured_media":338237,"comment_status":"closed","ping_status":"open","template":"","meta":{"_angie_page":false},"product_brand":[],"product_cat":[25543,19265,17264,25226],"product_tag":[],"class_list":{"0":"post-232776","1":"product","2":"type-product","3":"status-publish","4":"has-post-thumbnail","6":"product_cat-amethyste","7":"product_cat-bijoux-en-pierre-precieuse-et-accessoires","8":"product_cat-cadeaux-esoterique","9":"product_cat-pierres-et-mineraux","10":"pa_collection-indian-gemstone-trees-fr","11":"pa_made-in-inde","13":"first","14":"instock","15":"purchasable","16":"product-type-simple"},"supplier_id":null,"supplier_sku":"IGemT-09","barcode":null,"atum_controlled":true,"out_stock_date":null,"out_stock_threshold":null,"inheritable":false,"inbound_stock":null,"stock_on_hold":0,"sold_today":0,"sales_last_days":0,"reserved_stock":null,"customer_returns":null,"warehouse_damage":null,"lost_in_post":null,"other_logs":null,"out_stock_days":0,"lost_sales":0,"has_location":null,"update_date":"2026-05-04T00:03:56","atum_locations":[],"atum_stock_status":"instock","restock_status":false,"low_stock_amount":"","sales_update_date":"2025-09-05T00:24:26","calc_backorders":null,"_links":{"self":[{"href":"https:\/\/aromasentia.com\/fr\/wp-json\/wp\/v2\/product\/232776","targetHints":{"allow":["GET"]}}],"collection":[{"href":"https:\/\/aromasentia.com\/fr\/wp-json\/wp\/v2\/product"}],"about":[{"href":"https:\/\/aromasentia.com\/fr\/wp-json\/wp\/v2\/types\/product"}],"replies":[{"embeddable":true,"href":"https:\/\/aromasentia.com\/fr\/wp-json\/wp\/v2\/comments?post=232776"}],"version-history":[{"count":0,"href":"https:\/\/aromasentia.com\/fr\/wp-json\/wp\/v2\/product\/232776\/revisions"}],"wp:featuredmedia":[{"embeddable":true,"href":"https:\/\/aromasentia.com\/fr\/wp-json\/wp\/v2\/media\/338237"}],"wp:attachment":[{"href":"https:\/\/aromasentia.com\/fr\/wp-json\/wp\/v2\/media?parent=232776"}],"wp:term":[{"taxonomy":"product_brand","embeddable":true,"href":"https:\/\/aromasentia.com\/fr\/wp-json\/wp\/v2\/product_brand?post=232776"},{"taxonomy":"product_cat","embeddable":true,"href":"https:\/\/aromasentia.com\/fr\/wp-json\/wp\/v2\/product_cat?post=232776"},{"taxonomy":"product_tag","embeddable":true,"href":"https:\/\/aromasentia.com\/fr\/wp-json\/wp\/v2\/product_tag?post=232776"}],"curies":[{"name":"wp","href":"https:\/\/api.w.org\/{rel}","templated":true}]}}