{"id":232760,"date":"2025-03-22T13:29:58","date_gmt":"2025-03-22T13:29:58","guid":{"rendered":"https:\/\/aromasentia.com\/product\/rose-quartz-gemstone-tree-80-stones\/"},"modified":"2025-06-23T18:53:49","modified_gmt":"2025-06-23T18:53:49","slug":"arbres-a-gemme-dinde-quartz-rose-80-pierres","status":"publish","type":"product","link":"https:\/\/aromasentia.com\/fr\/arbres-a-gemme-dinde-quartz-rose-80-pierres\/","title":{"rendered":"Arbres \u00e0 gemme d&rsquo;Inde Quartz  Rose &#8211; 80 Pierres"},"content":{"rendered":"<p><strong><span style=\"color: rgb(75, 80, 88);\">Arbre \u00e0 gemmes &#8211; Quartz Rose.<\/span><\/strong><\/p>\n<p>Ces arbres de pierres semi-pr\u00e9cieuses sont fabriqu\u00e9s en Inde. Ils sont fabriqu\u00e9s \u00e0 la main \u00e0 partir de v\u00e9ritables pierres semi-pr\u00e9cieuses mont\u00e9es sur un support en pierre.<\/p>\n<p>Chaque produit \u00e9tant unique, les dimensions et la base en pierre peuvent varier.<\/p>\n<p>80 pierres Hauteur: 210mm<\/p>\n","protected":false},"excerpt":{"rendered":"<p>Arbre \u00e0 gemmes &#8211; Quartz Rose. Ces arbres de pierres semi-pr\u00e9cieuses sont fabriqu\u00e9s en Inde. Ils sont fabriqu\u00e9s \u00e0 la main \u00e0 partir de v\u00e9ritables pierres semi-pr\u00e9cieuses mont\u00e9es sur un support en pierre. Chaque produit \u00e9tant unique, les dimensions et la base en pierre peuvent varier. 80 pierres Hauteur: 210mm<\/p>\n","protected":false},"featured_media":338169,"comment_status":"closed","ping_status":"open","template":"","meta":[],"product_brand":[],"product_cat":[19265,17264,25226,25732,25751],"product_tag":[],"class_list":{"0":"post-232760","1":"product","2":"type-product","3":"status-publish","4":"has-post-thumbnail","6":"product_cat-bijoux-en-pierre-precieuse-et-accessoires","7":"product_cat-cadeaux-esoterique","8":"product_cat-pierres-et-mineraux","9":"product_cat-quartz","10":"product_cat-quartz-rose","11":"pa_collection-indian-gemstone-trees-fr","12":"pa_made-in-inde","14":"first","15":"instock","16":"purchasable","17":"product-type-simple"},"supplier_id":null,"supplier_sku":"IGemT-05","barcode":null,"atum_controlled":true,"out_stock_date":null,"out_stock_threshold":null,"inheritable":false,"inbound_stock":null,"stock_on_hold":0,"sold_today":0,"sales_last_days":0,"reserved_stock":null,"customer_returns":null,"warehouse_damage":null,"lost_in_post":null,"other_logs":null,"out_stock_days":0,"lost_sales":0,"has_location":null,"update_date":"2026-02-06T12:44:11","atum_locations":[],"atum_stock_status":"instock","restock_status":false,"low_stock_amount":"","sales_update_date":"2025-09-05T00:24:25","calc_backorders":null,"_links":{"self":[{"href":"https:\/\/aromasentia.com\/fr\/wp-json\/wp\/v2\/product\/232760","targetHints":{"allow":["GET"]}}],"collection":[{"href":"https:\/\/aromasentia.com\/fr\/wp-json\/wp\/v2\/product"}],"about":[{"href":"https:\/\/aromasentia.com\/fr\/wp-json\/wp\/v2\/types\/product"}],"replies":[{"embeddable":true,"href":"https:\/\/aromasentia.com\/fr\/wp-json\/wp\/v2\/comments?post=232760"}],"version-history":[{"count":0,"href":"https:\/\/aromasentia.com\/fr\/wp-json\/wp\/v2\/product\/232760\/revisions"}],"wp:featuredmedia":[{"embeddable":true,"href":"https:\/\/aromasentia.com\/fr\/wp-json\/wp\/v2\/media\/338169"}],"wp:attachment":[{"href":"https:\/\/aromasentia.com\/fr\/wp-json\/wp\/v2\/media?parent=232760"}],"wp:term":[{"taxonomy":"product_brand","embeddable":true,"href":"https:\/\/aromasentia.com\/fr\/wp-json\/wp\/v2\/product_brand?post=232760"},{"taxonomy":"product_cat","embeddable":true,"href":"https:\/\/aromasentia.com\/fr\/wp-json\/wp\/v2\/product_cat?post=232760"},{"taxonomy":"product_tag","embeddable":true,"href":"https:\/\/aromasentia.com\/fr\/wp-json\/wp\/v2\/product_tag?post=232760"}],"curies":[{"name":"wp","href":"https:\/\/api.w.org\/{rel}","templated":true}]}}