{"id":232724,"date":"2025-03-22T13:29:58","date_gmt":"2025-03-22T13:29:58","guid":{"rendered":"https:\/\/aromasentia.com\/product\/mini-gemstone-trees-on-orgonite-base-carnelian-15-stones\/"},"modified":"2025-06-23T18:53:42","modified_gmt":"2025-06-23T18:53:42","slug":"mini-arbre-de-pierres-precieuses-sur-base-dorgonite-cornaline-15-pierres","status":"publish","type":"product","link":"https:\/\/aromasentia.com\/fr\/mini-arbre-de-pierres-precieuses-sur-base-dorgonite-cornaline-15-pierres\/","title":{"rendered":"Mini Arbre de Pierres Pr\u00e9cieuses sur Base d&rsquo;Orgonite &#8211; Cornaline (15 pierres)"},"content":{"rendered":"<h1>12x Mini Arbres de Pierres Pr\u00e9cieuses sur Base d&rsquo;Orgonite &#8211; Cornaline (15 pierres) : Une Fusion d&rsquo;\u00e9nergie Vitale et de Beaut\u00e9 Naturelle<\/h1>\n<p>D\u00e9couvrez l&rsquo;union harmonieuse entre la puissance \u00e9nerg\u00e9tique de la cornaline et la force stabilisante de l&rsquo;orgonite avec notre collection de 12 mini arbres.&nbsp;<\/p>\n<p>Chaque pi\u00e8ce est m\u00e9ticuleusement fabriqu\u00e9e, pr\u00e9sentant une base solide d&rsquo;orgonite et 15 pierres de cornaline, capturant ainsi l&rsquo;\u00e9nergie vibrante de cette gemme dynamique.<\/p>\n<p>La cornaline est r\u00e9put\u00e9e pour stimuler la vitalit\u00e9 et la cr\u00e9ativit\u00e9, apportant une \u00e9nergie vibrante \u00e0 votre espace.&nbsp;<\/p>\n<p>D\u00e9tails des produits :&nbsp;<\/p>\n<p>&#8211; Un pack de 12 mini arbres \u00e0 pierres pr\u00e9cieuses&nbsp;<\/p>\n<p>&#8211; Socle orgonite&nbsp;<\/p>\n<p>&#8211; Orn\u00e9 de pierres pr\u00e9cieuses multi-pierres&nbsp;<\/p>\n<p>&#8211; Chaque arbre mesure env. 5 cm&nbsp;<\/p>\n<p>&#8211; Fabriqu\u00e9 et fourni par un fournisseur AW de longue date en Inde&nbsp;<\/p>\n<p>Les bo\u00eetes en plastique dans lesquelles ces arbres entrent peuvent \u00eatre transform\u00e9es en bo\u00eetes de pr\u00e9sentation de collection ou r\u00e9utilis\u00e9es de mani\u00e8re cr\u00e9ative.<\/p>\n<p><strong><span style=\"color: rgb(141, 186, 216);\">Commandez d\u00e8s aujourd&rsquo;hui et laissez ces magnifiques cr\u00e9ations \u00e9nergiser et enrichir la vie de vos clients.<\/span><\/strong> <\/p>\n","protected":false},"excerpt":{"rendered":"<p>12x Mini Arbres de Pierres Pr\u00e9cieuses sur Base d&rsquo;Orgonite &#8211; Cornaline (15 pierres) : Une Fusion d&rsquo;\u00e9nergie Vitale et de Beaut\u00e9 Naturelle D\u00e9couvrez l&rsquo;union harmonieuse entre la puissance \u00e9nerg\u00e9tique de la cornaline et la force stabilisante de l&rsquo;orgonite avec notre collection de 12 mini arbres.&nbsp; Chaque pi\u00e8ce est m\u00e9ticuleusement fabriqu\u00e9e, pr\u00e9sentant une base solide d&rsquo;orgonite [&hellip;]<\/p>\n","protected":false},"featured_media":339274,"comment_status":"closed","ping_status":"open","template":"","meta":{"_angie_page":false},"product_brand":[],"product_cat":[19265,17264,25584,25226],"product_tag":[],"class_list":{"0":"post-232724","1":"product","2":"type-product","3":"status-publish","4":"has-post-thumbnail","6":"product_cat-bijoux-en-pierre-precieuse-et-accessoires","7":"product_cat-cadeaux-esoterique","8":"product_cat-cornaline","9":"product_cat-pierres-et-mineraux","10":"pa_collection-mini-gemstone-trees-fr","11":"pa_made-in-inde","13":"first","14":"instock","15":"purchasable","16":"product-type-simple"},"supplier_id":null,"supplier_sku":"MGemT-07","barcode":null,"atum_controlled":true,"out_stock_date":null,"out_stock_threshold":null,"inheritable":false,"inbound_stock":null,"stock_on_hold":0,"sold_today":0,"sales_last_days":0,"reserved_stock":null,"customer_returns":null,"warehouse_damage":null,"lost_in_post":null,"other_logs":null,"out_stock_days":0,"lost_sales":0,"has_location":null,"update_date":"2026-04-27T07:12:35","atum_locations":[],"atum_stock_status":"instock","restock_status":false,"low_stock_amount":"","sales_update_date":"2026-01-30T01:25:47","calc_backorders":null,"_links":{"self":[{"href":"https:\/\/aromasentia.com\/fr\/wp-json\/wp\/v2\/product\/232724","targetHints":{"allow":["GET"]}}],"collection":[{"href":"https:\/\/aromasentia.com\/fr\/wp-json\/wp\/v2\/product"}],"about":[{"href":"https:\/\/aromasentia.com\/fr\/wp-json\/wp\/v2\/types\/product"}],"replies":[{"embeddable":true,"href":"https:\/\/aromasentia.com\/fr\/wp-json\/wp\/v2\/comments?post=232724"}],"version-history":[{"count":0,"href":"https:\/\/aromasentia.com\/fr\/wp-json\/wp\/v2\/product\/232724\/revisions"}],"wp:featuredmedia":[{"embeddable":true,"href":"https:\/\/aromasentia.com\/fr\/wp-json\/wp\/v2\/media\/339274"}],"wp:attachment":[{"href":"https:\/\/aromasentia.com\/fr\/wp-json\/wp\/v2\/media?parent=232724"}],"wp:term":[{"taxonomy":"product_brand","embeddable":true,"href":"https:\/\/aromasentia.com\/fr\/wp-json\/wp\/v2\/product_brand?post=232724"},{"taxonomy":"product_cat","embeddable":true,"href":"https:\/\/aromasentia.com\/fr\/wp-json\/wp\/v2\/product_cat?post=232724"},{"taxonomy":"product_tag","embeddable":true,"href":"https:\/\/aromasentia.com\/fr\/wp-json\/wp\/v2\/product_tag?post=232724"}],"curies":[{"name":"wp","href":"https:\/\/api.w.org\/{rel}","templated":true}]}}