{"id":232700,"date":"2025-03-22T13:29:58","date_gmt":"2025-03-22T13:29:58","guid":{"rendered":"https:\/\/aromasentia.com\/product\/mini-gemstone-trees-on-orgonite-base-multi-stones-15-stones\/"},"modified":"2025-06-23T18:53:39","modified_gmt":"2025-06-23T18:53:39","slug":"mini-arbre-de-pierres-precieuses-sur-base-dorgonite-multi-pierres-15-pierres","status":"publish","type":"product","link":"https:\/\/aromasentia.com\/fr\/mini-arbre-de-pierres-precieuses-sur-base-dorgonite-multi-pierres-15-pierres\/","title":{"rendered":"Mini Arbre de Pierres Pr\u00e9cieuses sur Base d&rsquo;Orgonite &#8211; Multi-pierres (15 pierres)"},"content":{"rendered":"<h1>12x Mini Arbres de Pierres Pr\u00e9cieuses sur Base d&rsquo;Orgonite &#8211; Multi-pierres (15 pierres) : \u00e9l\u00e9gance et \u00e9nergie dans un Seul Produit<\/h1>\n<p>D\u00e9couvrez notre collection de 12 mini arbres de pierres pr\u00e9cieuses sur base d&rsquo;orgonite, chacun orn\u00e9 de 15 pierres naturelles soigneusement s\u00e9lectionn\u00e9es.&nbsp;<\/p>\n<p>Ces arbres allient la beaut\u00e9 des pierres semi-pr\u00e9cieuses \u00e0 l&rsquo;\u00e9nergie revitalisante de l&rsquo;orgonite, cr\u00e9ant ainsi des pi\u00e8ces uniques \u00e0 la fois d\u00e9coratives et b\u00e9n\u00e9fiques sur le plan \u00e9nerg\u00e9tique.<\/p>\n<p>Les pierres pr\u00e9cieuses sont s\u00e9lectionn\u00e9es pour leurs vertus sp\u00e9cifiques, offrant des bienfaits allant de la protection \u00e9nerg\u00e9tique \u00e0 l&rsquo;harmonisation des chakras.<\/p>\n<p>&#8211; Un pack de 12 mini arbres \u00e0 pierres pr\u00e9cieuses&nbsp;<\/p>\n<p>&#8211; Socle orgonite&nbsp;<\/p>\n<p>&#8211; Orn\u00e9 de pierres pr\u00e9cieuses multi-pierres&nbsp;<\/p>\n<p>&#8211; Chaque arbre mesure env. 5 cm&nbsp;<\/p>\n<p>&#8211; Fabriqu\u00e9 et fourni par un fournisseur AW de longue date en Inde&nbsp;<\/p>\n<p>Les bo\u00eetes en plastique dans lesquelles ces arbres entrent peuvent \u00eatre transform\u00e9es en bo\u00eetes de pr\u00e9sentation de collection ou r\u00e9utilis\u00e9es de mani\u00e8re cr\u00e9ative.<\/p>\n<p><strong><span style=\"color: rgb(141, 186, 216);\">&nbsp;Commandez d\u00e8s maintenant et laissez-vous inspirer par l&rsquo;\u00e9nergie positive de ces cr\u00e9ations uniques.<\/span><\/strong> <\/p>\n","protected":false},"excerpt":{"rendered":"<p>12x Mini Arbres de Pierres Pr\u00e9cieuses sur Base d&rsquo;Orgonite &#8211; Multi-pierres (15 pierres) : \u00e9l\u00e9gance et \u00e9nergie dans un Seul Produit D\u00e9couvrez notre collection de 12 mini arbres de pierres pr\u00e9cieuses sur base d&rsquo;orgonite, chacun orn\u00e9 de 15 pierres naturelles soigneusement s\u00e9lectionn\u00e9es.&nbsp; Ces arbres allient la beaut\u00e9 des pierres semi-pr\u00e9cieuses \u00e0 l&rsquo;\u00e9nergie revitalisante de l&rsquo;orgonite, [&hellip;]<\/p>\n","protected":false},"featured_media":338980,"comment_status":"closed","ping_status":"open","template":"","meta":{"_angie_page":false},"product_brand":[],"product_cat":[19265,17264],"product_tag":[],"class_list":{"0":"post-232700","1":"product","2":"type-product","3":"status-publish","4":"has-post-thumbnail","6":"product_cat-bijoux-en-pierre-precieuse-et-accessoires","7":"product_cat-cadeaux-esoterique","8":"pa_collection-mini-gemstone-trees-fr","9":"pa_made-in-inde","11":"first","12":"instock","13":"purchasable","14":"product-type-simple"},"supplier_id":null,"supplier_sku":"MGemT-01","barcode":null,"atum_controlled":true,"out_stock_date":null,"out_stock_threshold":null,"inheritable":false,"inbound_stock":null,"stock_on_hold":0,"sold_today":0,"sales_last_days":0,"reserved_stock":null,"customer_returns":null,"warehouse_damage":null,"lost_in_post":null,"other_logs":null,"out_stock_days":0,"lost_sales":0,"has_location":null,"update_date":"2026-04-27T07:12:27","atum_locations":[],"atum_stock_status":"instock","restock_status":false,"low_stock_amount":"","sales_update_date":"2025-09-05T00:24:39","calc_backorders":null,"_links":{"self":[{"href":"https:\/\/aromasentia.com\/fr\/wp-json\/wp\/v2\/product\/232700","targetHints":{"allow":["GET"]}}],"collection":[{"href":"https:\/\/aromasentia.com\/fr\/wp-json\/wp\/v2\/product"}],"about":[{"href":"https:\/\/aromasentia.com\/fr\/wp-json\/wp\/v2\/types\/product"}],"replies":[{"embeddable":true,"href":"https:\/\/aromasentia.com\/fr\/wp-json\/wp\/v2\/comments?post=232700"}],"version-history":[{"count":0,"href":"https:\/\/aromasentia.com\/fr\/wp-json\/wp\/v2\/product\/232700\/revisions"}],"wp:featuredmedia":[{"embeddable":true,"href":"https:\/\/aromasentia.com\/fr\/wp-json\/wp\/v2\/media\/338980"}],"wp:attachment":[{"href":"https:\/\/aromasentia.com\/fr\/wp-json\/wp\/v2\/media?parent=232700"}],"wp:term":[{"taxonomy":"product_brand","embeddable":true,"href":"https:\/\/aromasentia.com\/fr\/wp-json\/wp\/v2\/product_brand?post=232700"},{"taxonomy":"product_cat","embeddable":true,"href":"https:\/\/aromasentia.com\/fr\/wp-json\/wp\/v2\/product_cat?post=232700"},{"taxonomy":"product_tag","embeddable":true,"href":"https:\/\/aromasentia.com\/fr\/wp-json\/wp\/v2\/product_tag?post=232700"}],"curies":[{"name":"wp","href":"https:\/\/api.w.org\/{rel}","templated":true}]}}