{"id":232696,"date":"2025-03-22T13:29:58","date_gmt":"2025-03-22T13:29:58","guid":{"rendered":"https:\/\/aromasentia.com\/product\/shiva-lingam-magic-wand-green-aventurine-happiness\/"},"modified":"2025-06-23T18:53:39","modified_gmt":"2025-06-23T18:53:39","slug":"baguette-magique-shiva-lingam-aventurine-verte-bonheur","status":"publish","type":"product","link":"https:\/\/aromasentia.com\/fr\/baguette-magique-shiva-lingam-aventurine-verte-bonheur\/","title":{"rendered":"Baguette Magique Shiva Lingam &#8211; Aventurine verte &#8211; Bonheur"},"content":{"rendered":"<p>Plongez dans le monde mystique de nos <strong>Baguettes Magiques Shiva Lingam en pierres pr\u00e9cieuses,<\/strong> o\u00f9chaque pi\u00e8ce est un voyage au c\u0153ur de la sagesse ancienne et de la beaut\u00e9 naturelle. Fabriqu\u00e9es \u00e0 la main en Inde, berceau de la tradition des pierres pr\u00e9cieuses et du v\u00e9n\u00e9r\u00e9 Shiva Lingam, ces baguettes sont porteuses de l&rsquo;esprit de traditions s\u00e9culaires, pr\u00eates \u00e0 donner du pouvoir, \u00e0 gu\u00e9rir et \u00e0 embellir.&nbsp;<\/p>\n<p>Qu&rsquo;elles soient utilis\u00e9es dans le cadre du Reiki, de la m\u00e9ditation ou en tant qu&rsquo;objet de d\u00e9coration, elles constituent une porte d&rsquo;entr\u00e9e vers un monde o\u00f9l&rsquo;\u00e9nergie circule librement et o\u00f9la magie est r\u00e9elle. Manifestez la prosp\u00e9rit\u00e9 et le bien-\u00eatre avec la baguette magique Shiva Lingam en aventurine verte.&nbsp;<\/p>\n<p><strong><span style=\"color: rgb(26, 188, 156);\">L&rsquo;aventurine verte, connue comme la pierre de l&rsquo;opportunit\u00e9<\/span><\/strong>, est consid\u00e9r\u00e9e comme le plus chanceux de tous les cristaux, en particulier pour manifester la prosp\u00e9rit\u00e9 et la richesse.&nbsp;<\/p>\n<p>Son \u00e9nergie apaisante \u00e9quilibre le corps \u00e9motionnel et nous guide vers l&rsquo;harmonie int\u00e9rieure. Associ\u00e9e \u00e0 la pierre Shiva Lingam, cette baguette encourage la croissance, la confiance et un sentiment de d\u00e9termination calme. Elle est parfaite pour tous ceux qui souhaitent s&rsquo;engager dans le changement, saisir de nouvelles opportunit\u00e9s ou am\u00e9liorer leurs qualit\u00e9s de leader.&nbsp;<\/p>\n<p><strong><span style=\"color: rgb(141, 186, 216);\">Enchantez vos clients avec quelque chose de vraiment sp\u00e9cial, commandez d\u00e8s aujourd&rsquo;hui.<\/span><\/strong><\/p>\n","protected":false},"excerpt":{"rendered":"<p>Plongez dans le monde mystique de nos Baguettes Magiques Shiva Lingam en pierres pr\u00e9cieuses, o\u00f9chaque pi\u00e8ce est un voyage au c\u0153ur de la sagesse ancienne et de la beaut\u00e9 naturelle. Fabriqu\u00e9es \u00e0 la main en Inde, berceau de la tradition des pierres pr\u00e9cieuses et du v\u00e9n\u00e9r\u00e9 Shiva Lingam, ces baguettes sont porteuses de l&rsquo;esprit de [&hellip;]<\/p>\n","protected":false},"featured_media":338963,"comment_status":"closed","ping_status":"open","template":"","meta":[],"product_brand":[],"product_cat":[25557,19265,17264,25226,25756],"product_tag":[],"class_list":{"0":"post-232696","1":"product","2":"type-product","3":"status-publish","4":"has-post-thumbnail","6":"product_cat-aventurine","7":"product_cat-bijoux-en-pierre-precieuse-et-accessoires","8":"product_cat-cadeaux-esoterique","9":"product_cat-pierres-et-mineraux","10":"product_cat-shiva-lingam","11":"pa_collection-gemstone-shiva-lingam-magic-wands-fr","12":"pa_made-in-inde","14":"first","15":"instock","16":"purchasable","17":"product-type-simple"},"supplier_id":null,"supplier_sku":"LingW-06","barcode":null,"atum_controlled":true,"out_stock_date":null,"out_stock_threshold":null,"inheritable":false,"inbound_stock":null,"stock_on_hold":0,"sold_today":0,"sales_last_days":0,"reserved_stock":null,"customer_returns":null,"warehouse_damage":null,"lost_in_post":null,"other_logs":null,"out_stock_days":0,"lost_sales":0,"has_location":null,"update_date":"2026-01-30T01:26:22","atum_locations":[],"atum_stock_status":"instock","restock_status":false,"low_stock_amount":"","sales_update_date":"2026-01-30T01:26:22","calc_backorders":null,"_links":{"self":[{"href":"https:\/\/aromasentia.com\/fr\/wp-json\/wp\/v2\/product\/232696","targetHints":{"allow":["GET"]}}],"collection":[{"href":"https:\/\/aromasentia.com\/fr\/wp-json\/wp\/v2\/product"}],"about":[{"href":"https:\/\/aromasentia.com\/fr\/wp-json\/wp\/v2\/types\/product"}],"replies":[{"embeddable":true,"href":"https:\/\/aromasentia.com\/fr\/wp-json\/wp\/v2\/comments?post=232696"}],"version-history":[{"count":0,"href":"https:\/\/aromasentia.com\/fr\/wp-json\/wp\/v2\/product\/232696\/revisions"}],"wp:featuredmedia":[{"embeddable":true,"href":"https:\/\/aromasentia.com\/fr\/wp-json\/wp\/v2\/media\/338963"}],"wp:attachment":[{"href":"https:\/\/aromasentia.com\/fr\/wp-json\/wp\/v2\/media?parent=232696"}],"wp:term":[{"taxonomy":"product_brand","embeddable":true,"href":"https:\/\/aromasentia.com\/fr\/wp-json\/wp\/v2\/product_brand?post=232696"},{"taxonomy":"product_cat","embeddable":true,"href":"https:\/\/aromasentia.com\/fr\/wp-json\/wp\/v2\/product_cat?post=232696"},{"taxonomy":"product_tag","embeddable":true,"href":"https:\/\/aromasentia.com\/fr\/wp-json\/wp\/v2\/product_tag?post=232696"}],"curies":[{"name":"wp","href":"https:\/\/api.w.org\/{rel}","templated":true}]}}